{"id":25552,"date":"2022-11-14T14:31:39","date_gmt":"2022-11-14T14:31:39","guid":{"rendered":"http:\/\/www.sakababeauty.com\/?post_type=product&#038;p=25552"},"modified":"2024-08-13T23:12:59","modified_gmt":"2024-08-13T23:12:59","slug":"eucerin-eczema-relief-body-cream","status":"publish","type":"product","link":"https:\/\/sakaba.mghosteur.com\/en\/product\/eucerin-eczema-relief-body-cream\/","title":{"rendered":"EUCERIN ECZEMA RELIEF BODY CREAM"},"content":{"rendered":"<p>Cette cr\u00e8me est rapidement absorb\u00e9e et formul\u00e9e uniquement avec les meilleurs ingr\u00e9dients. Enrichie en flocons d&#8217;avoine collo\u00efdaux, un protecteur cutan\u00e9 qui soulage les d\u00e9mangeaisons. Enrichie en c\u00e9ramide-3 pour renforcer la barri\u00e8re d&#8217;hydratation de la peau afin de garder l&#8217;humidit\u00e9 \u00e0 l&#8217;int\u00e9rieur et les irritants \u00e0 l&#8217;ext\u00e9rieur, et en extrait de racine de r\u00e9glisse pour calmer les rougeurs. Cette cr\u00e8me apaisante offre une hydratation 24 heures sur 24 pour aider \u00e0 prot\u00e9ger contre la peau s\u00e8che et craquel\u00e9e. Elle convient aux nourrissons d\u00e8s l&#8217;\u00e2ge de 3 mois.<\/p>","protected":false},"excerpt":{"rendered":"<p>Cette cr\u00e8me est rapidement absorb\u00e9e et formul\u00e9e uniquement avec les meilleurs ingr\u00e9dients. Enrichie en flocons d&#8217;avoine collo\u00efdaux, un protecteur cutan\u00e9 qui soulage les d\u00e9mangeaisons. Enrichie en c\u00e9ramide-3 pour renforcer la barri\u00e8re d&#8217;hydratation de la peau afin de garder l&#8217;humidit\u00e9 \u00e0 l&#8217;int\u00e9rieur et les irritants \u00e0 l&#8217;ext\u00e9rieur, et en extrait de racine de r\u00e9glisse pour calmer<span class=\"read-more-faq\"><a href=\"https:\/\/sakaba.mghosteur.com\/en\/product\/eucerin-eczema-relief-body-cream\/\">Read More<\/a><\/span><\/p>","protected":false},"featured_media":0,"comment_status":"closed","ping_status":"closed","template":"","meta":[],"product_brand":[],"product_cat":[374,287],"product_tag":[],"class_list":{"0":"post-25552","1":"product","2":"type-product","3":"status-publish","5":"product_cat-corps-enfant","6":"product_cat-aag-bebe-enfant","8":"first","9":"instock","10":"shipping-taxable","11":"product-type-simple"},"jetpack-related-posts":[{"id":25566,"url":"https:\/\/sakaba.mghosteur.com\/en\/product\/gold-bond-ultimate-healing-skin-therapy-lotion-14-oz-2\/","url_meta":{"origin":25552,"position":0},"title":"Gold Bond Ultimate Healing Skin Therapy Lotion, 14 oz","author":"admin","date":"November 14, 2022","format":false,"excerpt":"La cr\u00e8me\/lotion hydratante r\u00e9paratrice Gold Bond de la marque Gold Bond est le produit parfait pour hydrater, gu\u00e9rir et lisser la peau s\u00e8che. Cette cr\u00e8me\/lotion offre une hydratation imm\u00e9diate qui dure toute la journ\u00e9e et r\u00e9v\u00e8le une peau visiblement plus saine. Contenant 7 hydratants essentiels et 3 vitamines nourrissantes, cette\u2026","rel":"","context":"Similar post","block_context":{"text":"Similar post","link":""},"img":{"alt_text":"","src":"","width":0,"height":0},"classes":[]},{"id":26599,"url":"https:\/\/sakaba.mghosteur.com\/en\/product\/butta-drop-whipped-oil-body-cream\/","url_meta":{"origin":25552,"position":1},"title":"BUTTA DROP WHIPPED OIL BODY CREAM","author":"admin","date":"November 28, 2022","format":false,"excerpt":"D\u00e9couvrez la cr\u00e8me corporelle fouett\u00e9e BUTTA DROP, enrichie en huiles tropicales et en beurre de karit\u00e9. Cette cr\u00e8me nourrissante et hydratante offre une sensation de vacances avec son fini lustr\u00e9 sur la peau. Elle contient une d\u00e9licieuse combinaison de sept huiles essentielles pour renouveler et restaurer l'hydratation de la peau\u2026","rel":"","context":"Similar post","block_context":{"text":"Similar post","link":""},"img":{"alt_text":"","src":"","width":0,"height":0},"classes":[]},{"id":31667,"url":"https:\/\/sakaba.mghosteur.com\/en\/product\/aplb-glutathione-niacinamide-facial-24-8\/","url_meta":{"origin":25552,"position":2},"title":"APLB GLUTATHIONE NIACINAMIDE FACIAL 24.8%","author":"admin","date":"May 10, 2024","format":false,"excerpt":"D\u00e9couvrez la Cr\u00e8me Visage Glutathion Niacinamide, un v\u00e9ritable tr\u00e9sor pour votre peau. Avec une concentration remarquable de 24,8% (Glutathion 1 000 ppm, Niacinamide 20 000 ppm, Extrait de Centella Asiatica 22,7%), ce produit est une v\u00e9ritable r\u00e9v\u00e9lation pour votre routine de soins. Associ\u00e9 au Complexe Centella 3x, comprenant de l'acide\u2026","rel":"","context":"Similar post","block_context":{"text":"Similar post","link":""},"img":{"alt_text":"","src":"","width":0,"height":0},"classes":[]},{"id":23905,"url":"https:\/\/sakaba.mghosteur.com\/en\/product\/cerave-skin-renewing-night-cream\/","url_meta":{"origin":25552,"position":3},"title":"CERAVE SKIN RENEWING NIGHT CREAM","author":"admin","date":"November 9, 2022","format":false,"excerpt":"La cr\u00e8me de nuit r\u00e9g\u00e9n\u00e9rante pour la peau CeraVe est un produit incontournable pour ceux qui recherchent une peau plus douce et rafra\u00eechie. Elle a \u00e9t\u00e9 d\u00e9velopp\u00e9e en collaboration avec des dermatologues pour aider \u00e0 restaurer la barri\u00e8re cutan\u00e9e pendant la nuit, lorsque la peau est la plus r\u00e9ceptive. Cette\u2026","rel":"","context":"Similar post","block_context":{"text":"Similar post","link":""},"img":{"alt_text":"","src":"","width":0,"height":0},"classes":[]},{"id":33036,"url":"https:\/\/sakaba.mghosteur.com\/en\/product\/dove-exfoliant-body-polish-brown-sugar-coconut\/","url_meta":{"origin":25552,"position":4},"title":"DOVE EXFOLIANT BODY POLISH BROWN SUGAR &amp; COCONUT","author":"admin","date":"May 17, 2024","format":false,"excerpt":"Un gommage corporel au doux parfum de noix de coco qui r\u00e9v\u00e8le votre \u00e9clat naturel en exfoliant la peau en profondeur. Le gommage corporel exfoliant \u00e9limine la peau terne et s\u00e8che \u2022 Fabriqu\u00e9 \u00e0 partir de nettoyants naturels sans sulfate \u2022 Enrichi avec \u00bc de cr\u00e8me hydratante pour prendre soin\u2026","rel":"","context":"Similar post","block_context":{"text":"Similar post","link":""},"img":{"alt_text":"","src":"","width":0,"height":0},"classes":[]},{"id":31497,"url":"https:\/\/sakaba.mghosteur.com\/en\/product\/madagascar-centella-probio-cica-enrich-cream-50ml\/","url_meta":{"origin":25552,"position":5},"title":"MADAGASCAR CENTELLA PROBIO CICA ENRICH CREAM 50ML","author":"admin","date":"May 10, 2024","format":false,"excerpt":"PROBIO-CICA ENRICH CREAM DESCRIPTION : La Cr\u00e8me Enrichissante Probio-Cica est une solution de pointe pour votre peau, int\u00e9grant des ingr\u00e9dients de haute qualit\u00e9 pour offrir des bienfaits apaisants et r\u00e9parateurs exceptionnels. Cette formule unique associe la Centella Asiatica malgache ferment\u00e9e, le Probio-cica et le TECA, soigneusement s\u00e9lectionn\u00e9s pour maximiser les\u2026","rel":"","context":"Similar post","block_context":{"text":"Similar post","link":""},"img":{"alt_text":"","src":"","width":0,"height":0},"classes":[]}],"_links":{"self":[{"href":"https:\/\/sakaba.mghosteur.com\/en\/wp-json\/wp\/v2\/product\/25552","targetHints":{"allow":["GET"]}}],"collection":[{"href":"https:\/\/sakaba.mghosteur.com\/en\/wp-json\/wp\/v2\/product"}],"about":[{"href":"https:\/\/sakaba.mghosteur.com\/en\/wp-json\/wp\/v2\/types\/product"}],"replies":[{"embeddable":true,"href":"https:\/\/sakaba.mghosteur.com\/en\/wp-json\/wp\/v2\/comments?post=25552"}],"version-history":[{"count":0,"href":"https:\/\/sakaba.mghosteur.com\/en\/wp-json\/wp\/v2\/product\/25552\/revisions"}],"wp:attachment":[{"href":"https:\/\/sakaba.mghosteur.com\/en\/wp-json\/wp\/v2\/media?parent=25552"}],"wp:term":[{"taxonomy":"product_brand","embeddable":true,"href":"https:\/\/sakaba.mghosteur.com\/en\/wp-json\/wp\/v2\/product_brand?post=25552"},{"taxonomy":"product_cat","embeddable":true,"href":"https:\/\/sakaba.mghosteur.com\/en\/wp-json\/wp\/v2\/product_cat?post=25552"},{"taxonomy":"product_tag","embeddable":true,"href":"https:\/\/sakaba.mghosteur.com\/en\/wp-json\/wp\/v2\/product_tag?post=25552"}],"curies":[{"name":"wp","href":"https:\/\/api.w.org\/{rel}","templated":true}]}}