{"id":25555,"date":"2022-11-14T14:23:02","date_gmt":"2022-11-14T14:23:02","guid":{"rendered":"http:\/\/www.sakababeauty.com\/?post_type=product&#038;p=25555"},"modified":"2022-11-14T14:23:02","modified_gmt":"2022-11-14T14:23:02","slug":"dove-white-blanc","status":"publish","type":"product","link":"https:\/\/sakaba.mghosteur.com\/en\/product\/dove-white-blanc\/","title":{"rendered":"DOVE WHITE \/ BLANC"},"content":{"rendered":"","protected":false},"excerpt":{"rendered":"","protected":false},"featured_media":0,"comment_status":"closed","ping_status":"closed","template":"","meta":[],"product_brand":[],"product_cat":[447,446],"product_tag":[],"class_list":{"0":"post-25555","1":"product","2":"type-product","3":"status-publish","5":"product_cat-aac-bain-et-corps","6":"product_cat-nettoyant","8":"first","9":"instock","10":"shipping-taxable","11":"product-type-simple"},"jetpack-related-posts":[{"id":32995,"url":"https:\/\/sakaba.mghosteur.com\/en\/product\/dove-advanced-care-apple-white-tea-dry-spay-go-fresh\/","url_meta":{"origin":25555,"position":0},"title":"DOVE ADVANCED CARE APPLE &amp; WHITE TEA DRY SPAY GO FRESH","author":"admin","date":"May 17, 2024","format":false,"excerpt":"Un d\u00e9odorant anti-transpirant en spray sec 72 heures au parfum de pomme fra\u00eeche, pour des aisselles ultra douces, m\u00eame apr\u00e8s le rasage.","rel":"","context":"Similar post","block_context":{"text":"Similar post","link":""},"img":{"alt_text":"","src":"","width":0,"height":0},"classes":[]},{"id":33475,"url":"https:\/\/sakaba.mghosteur.com\/en\/product\/clairol-professional-pure-white-20-volume-petit-model\/","url_meta":{"origin":25555,"position":1},"title":"Clairol Professional Pure White 20 Volume Petit Model","author":"admin","date":"May 21, 2024","format":false,"excerpt":"Le r\u00e9v\u00e9lateur cr\u00e8me blanc pur Clairol Professional contient des conditionneurs et des \u00e9mollients protecteurs et est stabilis\u00e9 pendant 3 ans. Il est con\u00e7u pour \u00eatre utilis\u00e9 avec des couleurs permanentes et est \u00e9galement parfait pour une utilisation avec tous les \u00e9claircissants en poudre et liquides. Sa consistance cr\u00e9meuse le rend\u2026","rel":"","context":"Similar post","block_context":{"text":"Similar post","link":""},"img":{"alt_text":"","src":"","width":0,"height":0},"classes":[]},{"id":33022,"url":"https:\/\/sakaba.mghosteur.com\/en\/product\/dove-even-tone-antiperspirant\/","url_meta":{"origin":25555,"position":2},"title":"DOVE Even Tone Antiperspirant","author":"admin","date":"May 17, 2024","format":false,"excerpt":"","rel":"","context":"Similar post","block_context":{"text":"Similar post","link":""},"img":{"alt_text":"","src":"","width":0,"height":0},"classes":[]},{"id":33069,"url":"https:\/\/sakaba.mghosteur.com\/en\/product\/dove-nourishing-body-wash\/","url_meta":{"origin":25555,"position":3},"title":"DOVE NOURISHING BODY WASH","author":"admin","date":"May 17, 2024","format":false,"excerpt":"","rel":"","context":"Similar post","block_context":{"text":"Similar post","link":""},"img":{"alt_text":"","src":"","width":0,"height":0},"classes":[]},{"id":33011,"url":"https:\/\/sakaba.mghosteur.com\/en\/product\/dove-even-tone-0-aluminiun-sensitive\/","url_meta":{"origin":25555,"position":4},"title":"Dove Even Tone 0%  Aluminiun sensitive","author":"admin","date":"May 17, 2024","format":false,"excerpt":"","rel":"","context":"Similar post","block_context":{"text":"Similar post","link":""},"img":{"alt_text":"","src":"","width":0,"height":0},"classes":[]},{"id":33029,"url":"https:\/\/sakaba.mghosteur.com\/en\/product\/dove-even-tone-rejuvenanting-vit-b3\/","url_meta":{"origin":25555,"position":5},"title":"Dove Even Tone Rejuvenanting +Vit B3","author":"admin","date":"May 17, 2024","format":false,"excerpt":"","rel":"","context":"Similar post","block_context":{"text":"Similar post","link":""},"img":{"alt_text":"","src":"","width":0,"height":0},"classes":[]}],"_links":{"self":[{"href":"https:\/\/sakaba.mghosteur.com\/en\/wp-json\/wp\/v2\/product\/25555","targetHints":{"allow":["GET"]}}],"collection":[{"href":"https:\/\/sakaba.mghosteur.com\/en\/wp-json\/wp\/v2\/product"}],"about":[{"href":"https:\/\/sakaba.mghosteur.com\/en\/wp-json\/wp\/v2\/types\/product"}],"replies":[{"embeddable":true,"href":"https:\/\/sakaba.mghosteur.com\/en\/wp-json\/wp\/v2\/comments?post=25555"}],"version-history":[{"count":0,"href":"https:\/\/sakaba.mghosteur.com\/en\/wp-json\/wp\/v2\/product\/25555\/revisions"}],"wp:attachment":[{"href":"https:\/\/sakaba.mghosteur.com\/en\/wp-json\/wp\/v2\/media?parent=25555"}],"wp:term":[{"taxonomy":"product_brand","embeddable":true,"href":"https:\/\/sakaba.mghosteur.com\/en\/wp-json\/wp\/v2\/product_brand?post=25555"},{"taxonomy":"product_cat","embeddable":true,"href":"https:\/\/sakaba.mghosteur.com\/en\/wp-json\/wp\/v2\/product_cat?post=25555"},{"taxonomy":"product_tag","embeddable":true,"href":"https:\/\/sakaba.mghosteur.com\/en\/wp-json\/wp\/v2\/product_tag?post=25555"}],"curies":[{"name":"wp","href":"https:\/\/api.w.org\/{rel}","templated":true}]}}