{"id":25561,"date":"2022-11-14T14:32:12","date_gmt":"2022-11-14T14:32:12","guid":{"rendered":"http:\/\/www.sakababeauty.com\/?post_type=product&#038;p=25561"},"modified":"2024-08-14T00:32:20","modified_gmt":"2024-08-14T00:32:20","slug":"dr-teals-foaming-bath-with-pure-epsom-salt-hemp-seed-oil","status":"publish","type":"product","link":"https:\/\/sakaba.mghosteur.com\/en\/product\/dr-teals-foaming-bath-with-pure-epsom-salt-hemp-seed-oil\/","title":{"rendered":"DR TEAL&#8217;S FOAMING BATH WITH PURE EPSOM SALT HEMP SEED OIL"},"content":{"rendered":"<h3><span>Bain moussant au sel pur d&#8217;Epsom et \u00e0 l&#8217;huile de graines de chanvre<\/span><\/h3>\n<div class=\"content-main\">\n<p><span>Le bain moussant du Dr Teal transforme votre bain en une exp\u00e9rience relaxante avec des huiles essentielles apaisantes pour apaiser les sens et aider \u00e0 soulager le stress.\u00a0L&#8217;huile de graines de chanvre hydrate et nourrit la peau, tandis que les huiles essentielles de thym blanc, de bois de c\u00e8dre et de bergamote aident \u00e0 calmer l&#8217;esprit et \u00e0 soulager le stress.<\/span><\/p>\n<p>&nbsp;<\/p>\n<h5><span>DIRECTIONS<\/span><\/h5>\n<p><span>Versez une quantit\u00e9 g\u00e9n\u00e9reuse de bain moussant Dr Teal&#8217;s sous l&#8217;eau chaude courante pour une exp\u00e9rience de bain moussant relaxante ou essayez de combiner avec votre bain de sel d&#8217;Epsom pr\u00e9f\u00e9r\u00e9 Dr Teal&#8217;s.<\/span><\/p>\n<\/div>","protected":false},"excerpt":{"rendered":"<p>Bain moussant au sel pur d&#8217;Epsom et \u00e0 l&#8217;huile de graines de chanvre Le bain moussant du Dr Teal transforme votre bain en une exp\u00e9rience relaxante avec des huiles essentielles apaisantes pour apaiser les sens et aider \u00e0 soulager le stress.\u00a0L&#8217;huile de graines de chanvre hydrate et nourrit la peau, tandis que les huiles essentielles<span class=\"read-more-faq\"><a href=\"https:\/\/sakaba.mghosteur.com\/en\/product\/dr-teals-foaming-bath-with-pure-epsom-salt-hemp-seed-oil\/\">Read More<\/a><\/span><\/p>","protected":false},"featured_media":0,"comment_status":"closed","ping_status":"closed","template":"","meta":[],"product_brand":[],"product_cat":[358,447],"product_tag":[],"class_list":{"0":"post-25561","1":"product","2":"type-product","3":"status-publish","5":"product_cat-bain-douche","6":"product_cat-aac-bain-et-corps","8":"first","9":"instock","10":"shipping-taxable","11":"product-type-simple"},"jetpack-related-posts":[{"id":25559,"url":"https:\/\/sakaba.mghosteur.com\/en\/product\/dr-teals-foaming-bath-with-pure-epsom-salt-soothe-sleep\/","url_meta":{"origin":25561,"position":0},"title":"DR TEAL&#8217;S FOAMING BATH WITH PURE EPSOM SALT SOOTHE SLEEP","author":"admin","date":"November 14, 2022","format":false,"excerpt":"Bain moussant apaisant et sommeil au sel pur d'Epsom Le bain moussant\u00a0Dr Teal's\u00a0\u00ae transforme votre bain en un spa relaxant avec des huiles essentielles pour apaiser les sens, revitaliser les muscles fatigu\u00e9s et endoloris et aider \u00e0 soulager le stress.\u00a0L'essence de lavande a des propri\u00e9t\u00e9s apaisantes reconnues pour favoriser une\u2026","rel":"","context":"Similar post","block_context":{"text":"Similar post","link":""},"img":{"alt_text":"","src":"","width":0,"height":0},"classes":[]},{"id":30139,"url":"https:\/\/sakaba.mghosteur.com\/en\/product\/body-wash-with-pure-epsom-salt-relaxand-relief\/","url_meta":{"origin":25561,"position":1},"title":"BODY WASH WITH PURE EPSOM SALT RELAX AND RELIEF","author":"admin","date":"May 3, 2023","format":false,"excerpt":"Bain Moussant Sooth & Sleep au Sel Pur d'Epsom Le bain moussant\u00a0Dr Teal's \u00e0 la menthe verte est utilis\u00e9e comme r\u00e9parateur pour le corps, tandis que l'eucalyptus stimule les sens. DIRECTIONSVersez une quantit\u00e9 g\u00e9n\u00e9reuse de bain moussant Dr Teal's sous l'eau chaude courante pour une exp\u00e9rience de bain moussant relaxante\u2026","rel":"","context":"Similar post","block_context":{"text":"Similar post","link":""},"img":{"alt_text":"","src":"","width":0,"height":0},"classes":[]},{"id":25680,"url":"https:\/\/sakaba.mghosteur.com\/en\/product\/dr-teals-pure-epsom-salt-therapeutic-soak-eases-aches-pai\/","url_meta":{"origin":25561,"position":2},"title":"Dr Teal&#8217;s Ultra-Fine Pure Epsom Salt Therapeutic Soak Ease Aches &amp; Pains","author":"admin","date":"November 14, 2022","format":false,"excerpt":"Puret\u00e9 garantie : 100 % sulfate de magn\u00e9sium USP.\u00a0Apaise les muscles endoloris et les pieds fatigu\u00e9s.\u00a0Cristaux ultra-fins \u00e0 dissolution rapide.\u00a0Le sel d'Epsom du Dr Teal est compos\u00e9 de sulfate de magn\u00e9sium naturel de qualit\u00e9 pharmaceutique USP pour le soulagement et le bien-\u00eatre de tout le corps.\u00a0Utilisez Dr Teal's pour revitaliser\u2026","rel":"","context":"Similar post","block_context":{"text":"Similar post","link":""},"img":{"alt_text":"","src":"","width":0,"height":0},"classes":[]},{"id":30150,"url":"https:\/\/sakaba.mghosteur.com\/en\/product\/dr-teal-s-skin-therapy-collagen-radiant-skin\/","url_meta":{"origin":25561,"position":3},"title":"Dr Teal s SKIN THERAPY COLLAGEN + RADIANT SKIN","author":"admin","date":"May 3, 2023","format":false,"excerpt":"e bain au collag\u00e8ne + lait pour la peau radieux de Dr Teal's Skin Therapy avec acide hyaluronique et vitamine C est compos\u00e9 d'un m\u00e9lange nourrissant de lait de coco et de lait d'amande pour d\u00e9tendre l'esprit, apaiser le corps et nourrir votre peau.\u00a0Notre formule Radiant Skin combine du collag\u00e8ne\u2026","rel":"","context":"Similar post","block_context":{"text":"Similar post","link":""},"img":{"alt_text":"","src":"","width":0,"height":0},"classes":[]},{"id":30153,"url":"https:\/\/sakaba.mghosteur.com\/en\/product\/dr-teal-salt-scrub-glow-radiance\/","url_meta":{"origin":25561,"position":4},"title":"DR TEAL SALT SCRUB GLOW &amp; RADIANCE","author":"admin","date":"May 3, 2023","format":false,"excerpt":"Le Soak Glow & Radiance de Dr Teal combine du sel d'Epsom pur avec de la vitamine C et des huiles essentielles d'agrumes pour revitaliser les muscles fatigu\u00e9s et endoloris.\u00a0La vitamine C favorise une peau jeune et \u00e9clatante et les huiles essentielles d'agrumes am\u00e9liorent votre humeur pendant que vous vous\u2026","rel":"","context":"Similar post","block_context":{"text":"Similar post","link":""},"img":{"alt_text":"","src":"","width":0,"height":0},"classes":[]},{"id":30146,"url":"https:\/\/sakaba.mghosteur.com\/en\/product\/dr-teal-s-body-wash-glow-radiance\/","url_meta":{"origin":25561,"position":5},"title":"DR TEALS GLOW &amp; RADIANCE WITH VITAMIN C &amp; CITRUS","author":"admin","date":"May 3, 2023","format":false,"excerpt":"Gel douche \u00c9tancher la peau assoiff\u00e9e Le gel douche ultra-hydratant Dr Teal's hydrate et revitalise la peau, lui redonnant sa douceur d'origine.\u00a0L'aloe vera, le beurre de karit\u00e9 et la vitamine E nourrissent et hydratent, tandis que le sel d'Epsom pur (sulfate de magn\u00e9sium USP) aide \u00e0 soulager les muscles fatigu\u00e9s\u2026","rel":"","context":"Similar post","block_context":{"text":"Similar post","link":""},"img":{"alt_text":"","src":"","width":0,"height":0},"classes":[]}],"_links":{"self":[{"href":"https:\/\/sakaba.mghosteur.com\/en\/wp-json\/wp\/v2\/product\/25561","targetHints":{"allow":["GET"]}}],"collection":[{"href":"https:\/\/sakaba.mghosteur.com\/en\/wp-json\/wp\/v2\/product"}],"about":[{"href":"https:\/\/sakaba.mghosteur.com\/en\/wp-json\/wp\/v2\/types\/product"}],"replies":[{"embeddable":true,"href":"https:\/\/sakaba.mghosteur.com\/en\/wp-json\/wp\/v2\/comments?post=25561"}],"version-history":[{"count":0,"href":"https:\/\/sakaba.mghosteur.com\/en\/wp-json\/wp\/v2\/product\/25561\/revisions"}],"wp:attachment":[{"href":"https:\/\/sakaba.mghosteur.com\/en\/wp-json\/wp\/v2\/media?parent=25561"}],"wp:term":[{"taxonomy":"product_brand","embeddable":true,"href":"https:\/\/sakaba.mghosteur.com\/en\/wp-json\/wp\/v2\/product_brand?post=25561"},{"taxonomy":"product_cat","embeddable":true,"href":"https:\/\/sakaba.mghosteur.com\/en\/wp-json\/wp\/v2\/product_cat?post=25561"},{"taxonomy":"product_tag","embeddable":true,"href":"https:\/\/sakaba.mghosteur.com\/en\/wp-json\/wp\/v2\/product_tag?post=25561"}],"curies":[{"name":"wp","href":"https:\/\/api.w.org\/{rel}","templated":true}]}}