{"id":25571,"date":"2022-11-14T14:35:51","date_gmt":"2022-11-14T14:35:51","guid":{"rendered":"http:\/\/www.sakababeauty.com\/?post_type=product&#038;p=25571"},"modified":"2024-09-02T04:35:15","modified_gmt":"2024-09-02T04:35:15","slug":"neutrogena-beach-defense-70","status":"publish","type":"product","link":"https:\/\/sakaba.mghosteur.com\/en\/product\/neutrogena-beach-defense-70\/","title":{"rendered":"Neutrogena Beach Defense 70"},"content":{"rendered":"<p>Le spray solaire Beach Defense\u00ae Water + Sun Protection SPF 70 de Neutrogena est le choix parfait pour profiter d&#8217;une journ\u00e9e \u00e0 la plage tout en restant prot\u00e9g\u00e9 contre les dommages caus\u00e9s par le soleil. Cette brume l\u00e9g\u00e8re \u00e0 absorption rapide offre une protection solaire UVA\/UVB \u00e0 large spectre pour prot\u00e9ger la peau de votre famille des rayons du soleil pendant 80 minutes de baignade ou de transpiration. De plus, ce spray solaire est sans huile et sans PABA, offrant ainsi une protection solaire l\u00e9g\u00e8re et confortable.<\/p>\n<p>Pour utiliser ce produit, vaporisez g\u00e9n\u00e9reusement et \u00e9talez uniform\u00e9ment sur toutes les zones expos\u00e9es au soleil 15 minutes avant l&#8217;exposition. \u00c9vitez de vaporiser directement sur le visage et privil\u00e9giez l&#8217;application \u00e0 la main. R\u00e9appliquez toutes les deux heures et imm\u00e9diatement apr\u00e8s le s\u00e9chage avec une serviette. Pour limiter les risques de cancer de la peau et de vieillissement cutan\u00e9 pr\u00e9matur\u00e9, il est conseill\u00e9 de limiter le temps d&#8217;exposition au soleil, de porter des v\u00eatements de protection et de porter un chapeau et des lunettes de soleil. Ce produit convient aux enfants de plus de 6 mois. *L&#8217;emballage du produit peut varier.<\/p>","protected":false},"excerpt":{"rendered":"<p>Le spray solaire Beach Defense\u00ae Water + Sun Protection SPF 70 de Neutrogena est le choix parfait pour profiter d&#8217;une journ\u00e9e \u00e0 la plage tout en restant prot\u00e9g\u00e9 contre les dommages caus\u00e9s par le soleil. Cette brume l\u00e9g\u00e8re \u00e0 absorption rapide offre une protection solaire UVA\/UVB \u00e0 large spectre pour prot\u00e9ger la peau de votre<span class=\"read-more-faq\"><a href=\"https:\/\/sakaba.mghosteur.com\/en\/product\/neutrogena-beach-defense-70\/\">Read More<\/a><\/span><\/p>","protected":false},"featured_media":0,"comment_status":"closed","ping_status":"closed","template":"","meta":[],"product_brand":[],"product_cat":[1055,451],"product_tag":[],"class_list":{"0":"post-25571","1":"product","2":"type-product","3":"status-publish","5":"product_cat-protection-solaire-visage","6":"product_cat-aab-soin-du-visage","8":"first","9":"instock","10":"shipping-taxable","11":"product-type-simple"},"jetpack-related-posts":[{"id":25578,"url":"https:\/\/sakaba.mghosteur.com\/en\/product\/neutrogena-ultra-sheer-body-mist-sunscreen-spf-70\/","url_meta":{"origin":25571,"position":0},"title":"Neutrogena Ultra Sheer Body Mist Sunscreen SPF 70","author":"admin","date":"November 14, 2022","format":false,"excerpt":"Le Spray Solaire L\u00e9ger Neutrogena Ultra Sheer, SPF 70 est un \u00e9cran solaire haute protection con\u00e7u pour vous prot\u00e9ger efficacement des rayons UVA\/UVB. Sa formule non grasse, l\u00e9g\u00e8re et facile \u00e0 appliquer laisse un fini transparent et ultral\u00e9ger. Gr\u00e2ce \u00e0 la technologie HELIOPLEX\u00ae, ce spray solaire offre une protection solaire\u2026","rel":"","context":"Similar post","block_context":{"text":"Similar post","link":""},"img":{"alt_text":"","src":"","width":0,"height":0},"classes":[]},{"id":25576,"url":"https:\/\/sakaba.mghosteur.com\/en\/product\/neutrogena-beach-defense-water-sun-protection\/","url_meta":{"origin":25571,"position":1},"title":"NEUTROGENA BEACH DEFENSE WATER +sun protection","author":"admin","date":"November 14, 2022","format":false,"excerpt":"La lotion Beach Defense de Neutrogena est un \u00e9cran solaire SPF 70 \u00e0 large spectre, parfait pour prot\u00e9ger votre peau pendant les journ\u00e9es ensoleill\u00e9es \u00e0 la plage. Cette lotion l\u00e9g\u00e8re et r\u00e9sistante \u00e0 l'eau pendant 80 minutes est formul\u00e9e sans huile ni PABA, ce qui la rend facile \u00e0 appliquer\u2026","rel":"","context":"Similar post","block_context":{"text":"Similar post","link":""},"img":{"alt_text":"","src":"","width":0,"height":0},"classes":[]},{"id":30401,"url":"https:\/\/sakaba.mghosteur.com\/en\/product\/neutrogena-ultra-sheer-beach-defense-50\/","url_meta":{"origin":25571,"position":2},"title":"Neutrogena Ultra Sheer Beach Defense 50","author":"admin","date":"May 10, 2023","format":false,"excerpt":"D\u00e9couvrez la lotion solaire Beach Defense \u00ae Water + Sun Protection SPF 50 de la marque Neutrogena, un \u00e9cran solaire \u00e0 large spectre qui prot\u00e8ge votre peau du soleil et de l'eau sans utiliser d'oxybenzone. Gr\u00e2ce \u00e0 la technologie Helioplex, cette lotion r\u00e9siste \u00e0 l'eau jusqu'\u00e0 80 minutes et offre\u2026","rel":"","context":"Similar post","block_context":{"text":"Similar post","link":""},"img":{"alt_text":"","src":"","width":0,"height":0},"classes":[]},{"id":25583,"url":"https:\/\/sakaba.mghosteur.com\/en\/product\/neutrogena-hydro-boost-water-gel-30-lotion-sunscreen\/","url_meta":{"origin":25571,"position":3},"title":"NEUTROGENA HYDRO BOOST WATER GEL 30 LOTION SUNSCREEN","author":"admin","date":"November 14, 2022","format":false,"excerpt":"La lotion Neutrogena Hydro Boost Water Gel avec FPS 30 est un \u00e9cran solaire haute performance qui offre une protection UVA\/UVB \u00e0 large spectre tout en hydratant votre peau en profondeur. Sa formule r\u00e9volutionnaire d\u00e9salt\u00e8re votre peau et la garde en bonne sant\u00e9 tout en vous prot\u00e9geant du soleil. Cette\u2026","rel":"","context":"Similar post","block_context":{"text":"Similar post","link":""},"img":{"alt_text":"","src":"","width":0,"height":0},"classes":[]},{"id":25356,"url":"https:\/\/sakaba.mghosteur.com\/en\/product\/neutrogena-clear-body-lotion-spf-30\/","url_meta":{"origin":25571,"position":4},"title":"Neutrogena Clear Body Lotion &#8211; SPF 30","author":"admin","date":"November 14, 2022","format":false,"excerpt":"D\u00e9couvrez l'\u00e9cran solaire \u00e0 large spectre FPS 30 Clear Body Break-Out Free Liquid Lotion de la marque Neutrogena, con\u00e7u pour les peaux \u00e0 tendance acn\u00e9ique. Profitez du soleil sans craindre les \u00e9ruptions cutan\u00e9es gr\u00e2ce \u00e0 sa formule l\u00e9g\u00e8re, sans huile, sans oxybenzone et sans parfum. Sa formule non com\u00e9dog\u00e8ne permet\u2026","rel":"","context":"Similar post","block_context":{"text":"Similar post","link":""},"img":{"alt_text":"","src":"","width":0,"height":0},"classes":[]},{"id":30285,"url":"https:\/\/sakaba.mghosteur.com\/en\/product\/neutrogena-hydro-boost-50-sunscreen\/","url_meta":{"origin":25571,"position":5},"title":"NEUTROGENA HYDRO BOOST 50 SUNSCREEN","author":"admin","date":"May 5, 2023","format":false,"excerpt":"La lotion Neutrogena Hydro Boost Water Gel avec FPS 50 est un \u00e9cran solaire \u00e0 large spectre qui offre une protection puissante contre les rayons UVA et UVB. Cette lotion solaire l\u00e9g\u00e8re donne une sensation rafra\u00eechissante et hydrate la peau pendant 8 heures sans laisser de r\u00e9sidu gras ni de\u2026","rel":"","context":"Similar post","block_context":{"text":"Similar post","link":""},"img":{"alt_text":"","src":"","width":0,"height":0},"classes":[]}],"_links":{"self":[{"href":"https:\/\/sakaba.mghosteur.com\/en\/wp-json\/wp\/v2\/product\/25571","targetHints":{"allow":["GET"]}}],"collection":[{"href":"https:\/\/sakaba.mghosteur.com\/en\/wp-json\/wp\/v2\/product"}],"about":[{"href":"https:\/\/sakaba.mghosteur.com\/en\/wp-json\/wp\/v2\/types\/product"}],"replies":[{"embeddable":true,"href":"https:\/\/sakaba.mghosteur.com\/en\/wp-json\/wp\/v2\/comments?post=25571"}],"version-history":[{"count":0,"href":"https:\/\/sakaba.mghosteur.com\/en\/wp-json\/wp\/v2\/product\/25571\/revisions"}],"wp:attachment":[{"href":"https:\/\/sakaba.mghosteur.com\/en\/wp-json\/wp\/v2\/media?parent=25571"}],"wp:term":[{"taxonomy":"product_brand","embeddable":true,"href":"https:\/\/sakaba.mghosteur.com\/en\/wp-json\/wp\/v2\/product_brand?post=25571"},{"taxonomy":"product_cat","embeddable":true,"href":"https:\/\/sakaba.mghosteur.com\/en\/wp-json\/wp\/v2\/product_cat?post=25571"},{"taxonomy":"product_tag","embeddable":true,"href":"https:\/\/sakaba.mghosteur.com\/en\/wp-json\/wp\/v2\/product_tag?post=25571"}],"curies":[{"name":"wp","href":"https:\/\/api.w.org\/{rel}","templated":true}]}}