{"id":25576,"date":"2022-11-14T14:37:45","date_gmt":"2022-11-14T14:37:45","guid":{"rendered":"http:\/\/www.sakababeauty.com\/?post_type=product&#038;p=25576"},"modified":"2024-09-02T04:09:22","modified_gmt":"2024-09-02T04:09:22","slug":"neutrogena-beach-defense-water-sun-protection","status":"publish","type":"product","link":"https:\/\/sakaba.mghosteur.com\/en\/product\/neutrogena-beach-defense-water-sun-protection\/","title":{"rendered":"NEUTROGENA BEACH DEFENSE WATER +sun protection"},"content":{"rendered":"<p>La lotion Beach Defense de Neutrogena est un \u00e9cran solaire SPF 70 \u00e0 large spectre, parfait pour prot\u00e9ger votre peau pendant les journ\u00e9es ensoleill\u00e9es \u00e0 la plage. Cette lotion l\u00e9g\u00e8re et r\u00e9sistante \u00e0 l&#8217;eau pendant 80 minutes est formul\u00e9e sans huile ni PABA, ce qui la rend facile \u00e0 appliquer et \u00e0 absorber.<\/p>\n<p>Utilisez cette lotion en appliquant g\u00e9n\u00e9reusement 15 minutes avant l&#8217;exposition au soleil et r\u00e9appliquez-la toutes les 2 heures ou apr\u00e8s avoir nag\u00e9 ou transpir\u00e9. Pour maximiser votre protection contre les rayons UV, portez des v\u00eatements couvrants, des chapeaux et des lunettes de soleil, et \u00e9vitez de passer du temps au soleil entre 10 h et 14 h.<\/p>\n<p>La lotion Beach Defense de Neutrogena contient de l&#8217;avobenzone, de l&#8217;homosalate, de l&#8217;octisalate et de l&#8217;octocryl\u00e8ne pour aider \u00e0 pr\u00e9venir les coups de soleil et le risque de cancer de la peau et de vieillissement pr\u00e9matur\u00e9. Tenir hors de port\u00e9e des enfants et ne pas utiliser sur une peau endommag\u00e9e ou cass\u00e9e. \u00c9vitez tout contact avec les yeux et rincez abondamment \u00e0 l&#8217;eau si n\u00e9cessaire. Prot\u00e9gez le produit de la chaleur excessive et du soleil direct, car il peut tacher certains tissus.<\/p>","protected":false},"excerpt":{"rendered":"<p>La lotion Beach Defense de Neutrogena est un \u00e9cran solaire SPF 70 \u00e0 large spectre, parfait pour prot\u00e9ger votre peau pendant les journ\u00e9es ensoleill\u00e9es \u00e0 la plage. Cette lotion l\u00e9g\u00e8re et r\u00e9sistante \u00e0 l&#8217;eau pendant 80 minutes est formul\u00e9e sans huile ni PABA, ce qui la rend facile \u00e0 appliquer et \u00e0 absorber. Utilisez cette<span class=\"read-more-faq\"><a href=\"https:\/\/sakaba.mghosteur.com\/en\/product\/neutrogena-beach-defense-water-sun-protection\/\">Read More<\/a><\/span><\/p>","protected":false},"featured_media":0,"comment_status":"closed","ping_status":"closed","template":"","meta":[],"product_brand":[],"product_cat":[1055,451],"product_tag":[],"class_list":{"0":"post-25576","1":"product","2":"type-product","3":"status-publish","5":"product_cat-protection-solaire-visage","6":"product_cat-aab-soin-du-visage","8":"first","9":"instock","10":"shipping-taxable","11":"product-type-simple"},"jetpack-related-posts":[{"id":30401,"url":"https:\/\/sakaba.mghosteur.com\/en\/product\/neutrogena-ultra-sheer-beach-defense-50\/","url_meta":{"origin":25576,"position":0},"title":"Neutrogena Ultra Sheer Beach Defense 50","author":"admin","date":"May 10, 2023","format":false,"excerpt":"D\u00e9couvrez la lotion solaire Beach Defense \u00ae Water + Sun Protection SPF 50 de la marque Neutrogena, un \u00e9cran solaire \u00e0 large spectre qui prot\u00e8ge votre peau du soleil et de l'eau sans utiliser d'oxybenzone. Gr\u00e2ce \u00e0 la technologie Helioplex, cette lotion r\u00e9siste \u00e0 l'eau jusqu'\u00e0 80 minutes et offre\u2026","rel":"","context":"Similar post","block_context":{"text":"Similar post","link":""},"img":{"alt_text":"","src":"","width":0,"height":0},"classes":[]},{"id":25571,"url":"https:\/\/sakaba.mghosteur.com\/en\/product\/neutrogena-beach-defense-70\/","url_meta":{"origin":25576,"position":1},"title":"Neutrogena Beach Defense 70","author":"admin","date":"November 14, 2022","format":false,"excerpt":"Le spray solaire Beach Defense\u00ae Water + Sun Protection SPF 70 de Neutrogena est le choix parfait pour profiter d'une journ\u00e9e \u00e0 la plage tout en restant prot\u00e9g\u00e9 contre les dommages caus\u00e9s par le soleil. Cette brume l\u00e9g\u00e8re \u00e0 absorption rapide offre une protection solaire UVA\/UVB \u00e0 large spectre pour\u2026","rel":"","context":"Similar post","block_context":{"text":"Similar post","link":""},"img":{"alt_text":"","src":"","width":0,"height":0},"classes":[]},{"id":30285,"url":"https:\/\/sakaba.mghosteur.com\/en\/product\/neutrogena-hydro-boost-50-sunscreen\/","url_meta":{"origin":25576,"position":2},"title":"NEUTROGENA HYDRO BOOST 50 SUNSCREEN","author":"admin","date":"May 5, 2023","format":false,"excerpt":"La lotion Neutrogena Hydro Boost Water Gel avec FPS 50 est un \u00e9cran solaire \u00e0 large spectre qui offre une protection puissante contre les rayons UVA et UVB. Cette lotion solaire l\u00e9g\u00e8re donne une sensation rafra\u00eechissante et hydrate la peau pendant 8 heures sans laisser de r\u00e9sidu gras ni de\u2026","rel":"","context":"Similar post","block_context":{"text":"Similar post","link":""},"img":{"alt_text":"","src":"","width":0,"height":0},"classes":[]},{"id":25583,"url":"https:\/\/sakaba.mghosteur.com\/en\/product\/neutrogena-hydro-boost-water-gel-30-lotion-sunscreen\/","url_meta":{"origin":25576,"position":3},"title":"NEUTROGENA HYDRO BOOST WATER GEL 30 LOTION SUNSCREEN","author":"admin","date":"November 14, 2022","format":false,"excerpt":"La lotion Neutrogena Hydro Boost Water Gel avec FPS 30 est un \u00e9cran solaire haute performance qui offre une protection UVA\/UVB \u00e0 large spectre tout en hydratant votre peau en profondeur. Sa formule r\u00e9volutionnaire d\u00e9salt\u00e8re votre peau et la garde en bonne sant\u00e9 tout en vous prot\u00e9geant du soleil. Cette\u2026","rel":"","context":"Similar post","block_context":{"text":"Similar post","link":""},"img":{"alt_text":"","src":"","width":0,"height":0},"classes":[]},{"id":25356,"url":"https:\/\/sakaba.mghosteur.com\/en\/product\/neutrogena-clear-body-lotion-spf-30\/","url_meta":{"origin":25576,"position":4},"title":"Neutrogena Clear Body Lotion &#8211; SPF 30","author":"admin","date":"November 14, 2022","format":false,"excerpt":"D\u00e9couvrez l'\u00e9cran solaire \u00e0 large spectre FPS 30 Clear Body Break-Out Free Liquid Lotion de la marque Neutrogena, con\u00e7u pour les peaux \u00e0 tendance acn\u00e9ique. Profitez du soleil sans craindre les \u00e9ruptions cutan\u00e9es gr\u00e2ce \u00e0 sa formule l\u00e9g\u00e8re, sans huile, sans oxybenzone et sans parfum. Sa formule non com\u00e9dog\u00e8ne permet\u2026","rel":"","context":"Similar post","block_context":{"text":"Similar post","link":""},"img":{"alt_text":"","src":"","width":0,"height":0},"classes":[]},{"id":24306,"url":"https:\/\/sakaba.mghosteur.com\/en\/product\/neutrogena-visibly-even-daily-moisturerizer\/","url_meta":{"origin":25576,"position":5},"title":"Neutrogena visibly even daily moisturizer","author":"admin","date":"November 9, 2022","format":false,"excerpt":"D\u00e9couvrez l'hydratant quotidien Visibly Even\u00ae de Neutrogena, un produit complet pour le visage qui aide \u00e0 \u00e9claircir, tonifier et prot\u00e9ger votre peau contre les rayons UV vieillissants pour un teint plus \u00e9clatant. Sa formule douce pour les peaux sensibles du soja essentiel contient un \u00e9claircissant naturel pour la peau, qui\u2026","rel":"","context":"Similar post","block_context":{"text":"Similar post","link":""},"img":{"alt_text":"","src":"","width":0,"height":0},"classes":[]}],"_links":{"self":[{"href":"https:\/\/sakaba.mghosteur.com\/en\/wp-json\/wp\/v2\/product\/25576","targetHints":{"allow":["GET"]}}],"collection":[{"href":"https:\/\/sakaba.mghosteur.com\/en\/wp-json\/wp\/v2\/product"}],"about":[{"href":"https:\/\/sakaba.mghosteur.com\/en\/wp-json\/wp\/v2\/types\/product"}],"replies":[{"embeddable":true,"href":"https:\/\/sakaba.mghosteur.com\/en\/wp-json\/wp\/v2\/comments?post=25576"}],"version-history":[{"count":0,"href":"https:\/\/sakaba.mghosteur.com\/en\/wp-json\/wp\/v2\/product\/25576\/revisions"}],"wp:attachment":[{"href":"https:\/\/sakaba.mghosteur.com\/en\/wp-json\/wp\/v2\/media?parent=25576"}],"wp:term":[{"taxonomy":"product_brand","embeddable":true,"href":"https:\/\/sakaba.mghosteur.com\/en\/wp-json\/wp\/v2\/product_brand?post=25576"},{"taxonomy":"product_cat","embeddable":true,"href":"https:\/\/sakaba.mghosteur.com\/en\/wp-json\/wp\/v2\/product_cat?post=25576"},{"taxonomy":"product_tag","embeddable":true,"href":"https:\/\/sakaba.mghosteur.com\/en\/wp-json\/wp\/v2\/product_tag?post=25576"}],"curies":[{"name":"wp","href":"https:\/\/api.w.org\/{rel}","templated":true}]}}