{"id":25578,"date":"2022-11-14T14:40:55","date_gmt":"2022-11-14T14:40:55","guid":{"rendered":"http:\/\/www.sakababeauty.com\/?post_type=product&#038;p=25578"},"modified":"2024-09-02T04:20:41","modified_gmt":"2024-09-02T04:20:41","slug":"neutrogena-ultra-sheer-body-mist-sunscreen-spf-70","status":"publish","type":"product","link":"https:\/\/sakaba.mghosteur.com\/en\/product\/neutrogena-ultra-sheer-body-mist-sunscreen-spf-70\/","title":{"rendered":"Neutrogena Ultra Sheer Body Mist Sunscreen SPF 70"},"content":{"rendered":"<p><span style=\"vertical-align: inherit\"><span style=\"vertical-align: inherit\">Le Spray Solaire L\u00e9ger Neutrogena Ultra Sheer, SPF 70 est un \u00e9cran solaire haute protection con\u00e7u pour vous prot\u00e9ger efficacement des rayons UVA\/UVB. <\/span><span style=\"vertical-align: inherit\">Sa formule non grasse, l\u00e9g\u00e8re et facile \u00e0 appliquer laisse un fini transparent et ultral\u00e9ger. <\/span><span style=\"vertical-align: inherit\">Gr\u00e2ce \u00e0 la technologie HELIOPLEX\u00ae, ce spray solaire offre une protection solaire puissante et r\u00e9sistante \u00e0 l&#8217;eau. <\/span><span style=\"vertical-align: inherit\">Il convient \u00e0 tous les types de peaux, m\u00eame les plus sensibles, et ne laisse pas de sensation de gras. <\/span><span style=\"vertical-align: inherit\">Pour une protection optimale, vaporisez g\u00e9n\u00e9reusement sur toutes les peaux expos\u00e9es au soleil et r\u00e9appliquez toutes les 2 heures, apr\u00e8s la natation ou la transpiration, ou imm\u00e9diatement apr\u00e8s le s\u00e9chage \u00e0 la serviette. <\/span><span style=\"vertical-align: inherit\">Ce produit doit \u00eatre prot\u00e9g\u00e9 de la chaleur excessive et du soleil direct et peut tacher certains tissus. <\/span><span style=\"vertical-align: inherit\">Pour une application optimale, <\/span><span style=\"vertical-align: inherit\">tenez le r\u00e9cipient \u00e0 4-6 pouces de la peau et ne vaporisez pas directement sur le visage. <\/span><span style=\"vertical-align: inherit\">Vaporisez sur les mains puis appliquez sur le visage. <\/span><span style=\"vertical-align: inherit\">Profitez d&#8217;une protection solaire puissante et confortable avec le spray solaire l\u00e9ger Neutrogena Ultra Sheer, SPF 70.<\/span><\/span><\/p>","protected":false},"excerpt":{"rendered":"<p>Le Spray Solaire L\u00e9ger Neutrogena Ultra Sheer, SPF 70 est un \u00e9cran solaire haute protection con\u00e7u pour vous prot\u00e9ger efficacement des rayons UVA\/UVB. Sa formule non grasse, l\u00e9g\u00e8re et facile \u00e0 appliquer laisse un fini transparent et ultral\u00e9ger. Gr\u00e2ce \u00e0 la technologie HELIOPLEX\u00ae, ce spray solaire offre une protection solaire puissante et r\u00e9sistante \u00e0 l&#8217;eau.<span class=\"read-more-faq\"><a href=\"https:\/\/sakaba.mghosteur.com\/en\/product\/neutrogena-ultra-sheer-body-mist-sunscreen-spf-70\/\">Read More<\/a><\/span><\/p>","protected":false},"featured_media":0,"comment_status":"closed","ping_status":"closed","template":"","meta":[],"product_brand":[],"product_cat":[1055,451],"product_tag":[],"class_list":{"0":"post-25578","1":"product","2":"type-product","3":"status-publish","5":"product_cat-protection-solaire-visage","6":"product_cat-aab-soin-du-visage","8":"first","9":"instock","10":"shipping-taxable","11":"product-type-simple"},"jetpack-related-posts":[{"id":25571,"url":"https:\/\/sakaba.mghosteur.com\/en\/product\/neutrogena-beach-defense-70\/","url_meta":{"origin":25578,"position":0},"title":"Neutrogena Beach Defense 70","author":"admin","date":"November 14, 2022","format":false,"excerpt":"Le spray solaire Beach Defense\u00ae Water + Sun Protection SPF 70 de Neutrogena est le choix parfait pour profiter d'une journ\u00e9e \u00e0 la plage tout en restant prot\u00e9g\u00e9 contre les dommages caus\u00e9s par le soleil. Cette brume l\u00e9g\u00e8re \u00e0 absorption rapide offre une protection solaire UVA\/UVB \u00e0 large spectre pour\u2026","rel":"","context":"Similar post","block_context":{"text":"Similar post","link":""},"img":{"alt_text":"","src":"","width":0,"height":0},"classes":[]},{"id":30401,"url":"https:\/\/sakaba.mghosteur.com\/en\/product\/neutrogena-ultra-sheer-beach-defense-50\/","url_meta":{"origin":25578,"position":1},"title":"Neutrogena Ultra Sheer Beach Defense 50","author":"admin","date":"May 10, 2023","format":false,"excerpt":"D\u00e9couvrez la lotion solaire Beach Defense \u00ae Water + Sun Protection SPF 50 de la marque Neutrogena, un \u00e9cran solaire \u00e0 large spectre qui prot\u00e8ge votre peau du soleil et de l'eau sans utiliser d'oxybenzone. Gr\u00e2ce \u00e0 la technologie Helioplex, cette lotion r\u00e9siste \u00e0 l'eau jusqu'\u00e0 80 minutes et offre\u2026","rel":"","context":"Similar post","block_context":{"text":"Similar post","link":""},"img":{"alt_text":"","src":"","width":0,"height":0},"classes":[]},{"id":25576,"url":"https:\/\/sakaba.mghosteur.com\/en\/product\/neutrogena-beach-defense-water-sun-protection\/","url_meta":{"origin":25578,"position":2},"title":"NEUTROGENA BEACH DEFENSE WATER +sun protection","author":"admin","date":"November 14, 2022","format":false,"excerpt":"La lotion Beach Defense de Neutrogena est un \u00e9cran solaire SPF 70 \u00e0 large spectre, parfait pour prot\u00e9ger votre peau pendant les journ\u00e9es ensoleill\u00e9es \u00e0 la plage. Cette lotion l\u00e9g\u00e8re et r\u00e9sistante \u00e0 l'eau pendant 80 minutes est formul\u00e9e sans huile ni PABA, ce qui la rend facile \u00e0 appliquer\u2026","rel":"","context":"Similar post","block_context":{"text":"Similar post","link":""},"img":{"alt_text":"","src":"","width":0,"height":0},"classes":[]},{"id":25356,"url":"https:\/\/sakaba.mghosteur.com\/en\/product\/neutrogena-clear-body-lotion-spf-30\/","url_meta":{"origin":25578,"position":3},"title":"Neutrogena Clear Body Lotion &#8211; SPF 30","author":"admin","date":"November 14, 2022","format":false,"excerpt":"D\u00e9couvrez l'\u00e9cran solaire \u00e0 large spectre FPS 30 Clear Body Break-Out Free Liquid Lotion de la marque Neutrogena, con\u00e7u pour les peaux \u00e0 tendance acn\u00e9ique. Profitez du soleil sans craindre les \u00e9ruptions cutan\u00e9es gr\u00e2ce \u00e0 sa formule l\u00e9g\u00e8re, sans huile, sans oxybenzone et sans parfum. Sa formule non com\u00e9dog\u00e8ne permet\u2026","rel":"","context":"Similar post","block_context":{"text":"Similar post","link":""},"img":{"alt_text":"","src":"","width":0,"height":0},"classes":[]},{"id":29070,"url":"https:\/\/sakaba.mghosteur.com\/en\/product\/hydrating-mineral-sunscreen-spf-30-face-sheer-tint\/","url_meta":{"origin":25578,"position":4},"title":"Hydrating Mineral Sunscreen SPF 30 Face Sheer Tint","author":"admin","date":"March 13, 2023","format":false,"excerpt":"Prot\u00e9gez votre peau, tout en obtenant un effet bonne mine sans aucun pl\u00e2tre blanc. CeraVe Hydrating Mineral Sunscreen Broad Spectrum SPF 30 Face Sheer Tint offre une protection UVA\/UVB avec du dioxyde de titane et de l'oxyde de zinc 100 % min\u00e9raux , formant une barri\u00e8re \u00e0 la surface de\u2026","rel":"","context":"Similar post","block_context":{"text":"Similar post","link":""},"img":{"alt_text":"","src":"","width":0,"height":0},"classes":[]},{"id":23926,"url":"https:\/\/sakaba.mghosteur.com\/en\/product\/ultra-light-moisturizing-lotion-30\/","url_meta":{"origin":25578,"position":5},"title":"Ultra-Light Moisturizing Lotion SPF 30","author":"admin","date":"November 9, 2022","format":false,"excerpt":"Le lait hydratant ultra-l\u00e9ger SPF 30 de CeraVe est un produit de soin essentiel pour les personnes ayant une peau normale \u00e0 grasse. Cette lotion hydratante l\u00e9g\u00e8re et non com\u00e9dog\u00e8ne est formul\u00e9e avec un \u00e9cran solaire \u00e0 large spectre SPF 30 pour prot\u00e9ger votre peau des dommages caus\u00e9s par les\u2026","rel":"","context":"Similar post","block_context":{"text":"Similar post","link":""},"img":{"alt_text":"","src":"","width":0,"height":0},"classes":[]}],"_links":{"self":[{"href":"https:\/\/sakaba.mghosteur.com\/en\/wp-json\/wp\/v2\/product\/25578","targetHints":{"allow":["GET"]}}],"collection":[{"href":"https:\/\/sakaba.mghosteur.com\/en\/wp-json\/wp\/v2\/product"}],"about":[{"href":"https:\/\/sakaba.mghosteur.com\/en\/wp-json\/wp\/v2\/types\/product"}],"replies":[{"embeddable":true,"href":"https:\/\/sakaba.mghosteur.com\/en\/wp-json\/wp\/v2\/comments?post=25578"}],"version-history":[{"count":0,"href":"https:\/\/sakaba.mghosteur.com\/en\/wp-json\/wp\/v2\/product\/25578\/revisions"}],"wp:attachment":[{"href":"https:\/\/sakaba.mghosteur.com\/en\/wp-json\/wp\/v2\/media?parent=25578"}],"wp:term":[{"taxonomy":"product_brand","embeddable":true,"href":"https:\/\/sakaba.mghosteur.com\/en\/wp-json\/wp\/v2\/product_brand?post=25578"},{"taxonomy":"product_cat","embeddable":true,"href":"https:\/\/sakaba.mghosteur.com\/en\/wp-json\/wp\/v2\/product_cat?post=25578"},{"taxonomy":"product_tag","embeddable":true,"href":"https:\/\/sakaba.mghosteur.com\/en\/wp-json\/wp\/v2\/product_tag?post=25578"}],"curies":[{"name":"wp","href":"https:\/\/api.w.org\/{rel}","templated":true}]}}