{"id":25582,"date":"2022-11-14T14:42:39","date_gmt":"2022-11-14T14:42:39","guid":{"rendered":"http:\/\/www.sakababeauty.com\/?post_type=product&#038;p=25582"},"modified":"2024-08-13T23:18:04","modified_gmt":"2024-08-13T23:18:04","slug":"eucerin-redness-relief-cleansing-gel","status":"publish","type":"product","link":"https:\/\/sakaba.mghosteur.com\/en\/product\/eucerin-redness-relief-cleansing-gel\/","title":{"rendered":"EUCERIN REDNESS RELIEF CLEANSING GEL"},"content":{"rendered":"<p>Gel doux sans savon qui nettoie le maquillage et les impuret\u00e9s. Contient de la licochalcone naturelle, un extrait apaisant de la racine de r\u00e9glisse. Maintient l&#8217;\u00e9quilibre hydrique de la peau sans laisser de sensation de s\u00e9cheresse et de tiraillement. Le nettoyant apaisant anti-rougeurs Eucerin nettoie en douceur mais efficacement tout en apaisant. Pour les peaux visiblement rouges et sensibles. Recommand\u00e9 par les dermatologues.<\/p>","protected":false},"excerpt":{"rendered":"<p>Gel doux sans savon qui nettoie le maquillage et les impuret\u00e9s. Contient de la licochalcone naturelle, un extrait apaisant de la racine de r\u00e9glisse. Maintient l&#8217;\u00e9quilibre hydrique de la peau sans laisser de sensation de s\u00e9cheresse et de tiraillement. Le nettoyant apaisant anti-rougeurs Eucerin nettoie en douceur mais efficacement tout en apaisant. Pour les peaux<span class=\"read-more-faq\"><a href=\"https:\/\/sakaba.mghosteur.com\/en\/product\/eucerin-redness-relief-cleansing-gel\/\">Read More<\/a><\/span><\/p>","protected":false},"featured_media":0,"comment_status":"closed","ping_status":"closed","template":"","meta":[],"product_brand":[],"product_cat":[324,451],"product_tag":[],"class_list":{"0":"post-25582","1":"product","2":"type-product","3":"status-publish","5":"product_cat-demaquillant-nettoyant","6":"product_cat-aab-soin-du-visage","8":"first","9":"instock","10":"shipping-taxable","11":"product-type-simple"},"jetpack-related-posts":[{"id":25540,"url":"https:\/\/sakaba.mghosteur.com\/en\/product\/eucerin-skin-calming-body-wash\/","url_meta":{"origin":25582,"position":0},"title":"EUCERIN SKIN CALMING BODY WASH","author":"admin","date":"November 14, 2022","format":false,"excerpt":"Le gel douche apaisant pour la peau d\u2019Eucerin nettoie et apaise la peau s\u00e8che et qui d\u00e9mange. Sa formule sans savon nettoie en douceur sans dess\u00e9cher la peau afin de ne pas l\u2019irriter. Ce gel douche doux aide \u00e0 conserver l\u2019hydratation essentielle de la peau et est formul\u00e9 avec des\u2026","rel":"","context":"Similar post","block_context":{"text":"Similar post","link":""},"img":{"alt_text":"","src":"","width":0,"height":0},"classes":[]},{"id":28083,"url":"https:\/\/sakaba.mghosteur.com\/en\/product\/eucerin-baby-wash-shampoo\/","url_meta":{"origin":25582,"position":1},"title":"EUCERIN BABY WASH &amp; SHAMPOO","author":"admin","date":"November 30, 2022","format":false,"excerpt":"La formule est enrichie en provitamine B5 et en beurre de karit\u00e9 naturel pour aider \u00e0 nourrir et apaiser la peau et les cheveux d\u00e9licats de b\u00e9b\u00e9. Eucerin Baby Wash & Shampoo est une formule 2 en 1 qui peut \u00eatre utilis\u00e9e sur la peau et les cheveux de b\u00e9b\u00e9\u2026","rel":"","context":"Similar post","block_context":{"text":"Similar post","link":""},"img":{"alt_text":"","src":"","width":0,"height":0},"classes":[]},{"id":25588,"url":"https:\/\/sakaba.mghosteur.com\/en\/product\/eucerin-original-healing\/","url_meta":{"origin":25582,"position":2},"title":"Eucerin Original Healing","author":"admin","date":"November 14, 2022","format":false,"excerpt":"Offre une formule riche et durable pour hydrater, prot\u00e9ger et soigner les peaux tr\u00e8s s\u00e8ches et sensibles. La formule \u00e9molliente riche apaise et hydrate les peaux tr\u00e8s s\u00e8ches et sensibles. Scelle l'hydratation pour restaurer et prot\u00e9ger les peaux tr\u00e8s s\u00e8ches et sensibles. Marque recommand\u00e9e par les dermatologues. Offre une hydratation\u2026","rel":"","context":"Similar post","block_context":{"text":"Similar post","link":""},"img":{"alt_text":"","src":"","width":0,"height":0},"classes":[]},{"id":29759,"url":"https:\/\/sakaba.mghosteur.com\/en\/product\/soothing-body-wash-for-pregancy\/","url_meta":{"origin":25582,"position":3},"title":"SOOTHING BODY WASH FOR PREGANCY","author":"admin","date":"April 19, 2023","format":false,"excerpt":"Le gel douche apaisant au beurre de cacao Palmer's est sp\u00e9cialement con\u00e7u pour les femmes enceintes. Il nettoie en douceur la peau s\u00e8che et irrit\u00e9e tout en apaisant les d\u00e9mangeaisons et les tiraillements caus\u00e9s par la grossesse. Le beurre de cacao et le beurre de karit\u00e9, ainsi que le collag\u00e8ne\u2026","rel":"","context":"Similar post","block_context":{"text":"Similar post","link":""},"img":{"alt_text":"","src":"","width":0,"height":0},"classes":[]},{"id":25552,"url":"https:\/\/sakaba.mghosteur.com\/en\/product\/eucerin-eczema-relief-body-cream\/","url_meta":{"origin":25582,"position":4},"title":"EUCERIN ECZEMA RELIEF BODY CREAM","author":"admin","date":"November 14, 2022","format":false,"excerpt":"Cette cr\u00e8me est rapidement absorb\u00e9e et formul\u00e9e uniquement avec les meilleurs ingr\u00e9dients. Enrichie en flocons d'avoine collo\u00efdaux, un protecteur cutan\u00e9 qui soulage les d\u00e9mangeaisons. Enrichie en c\u00e9ramide-3 pour renforcer la barri\u00e8re d'hydratation de la peau afin de garder l'humidit\u00e9 \u00e0 l'int\u00e9rieur et les irritants \u00e0 l'ext\u00e9rieur, et en extrait de\u2026","rel":"","context":"Similar post","block_context":{"text":"Similar post","link":""},"img":{"alt_text":"","src":"","width":0,"height":0},"classes":[]},{"id":29354,"url":"https:\/\/sakaba.mghosteur.com\/en\/product\/paula-choice-hydrating-gel-to-cream-cleanser\/","url_meta":{"origin":25582,"position":5},"title":"PAULA CHOICE HYDRATING GEL TO CREAM CLEANSER","author":"admin","date":"April 3, 2023","format":false,"excerpt":"D\u00e9couvrez ce nettoyant gel-cr\u00e8me hydratant de la marque Paula's Choice. Il nettoie en douceur votre peau en \u00e9liminant la salet\u00e9, le s\u00e9bum et le maquillage, tout en rin\u00e7ant les polluants nocifs qui peuvent causer des signes pr\u00e9matur\u00e9s de vieillissement. Sa formule \u00e0 base de superaliments rend votre peau fra\u00eeche et\u2026","rel":"","context":"Similar post","block_context":{"text":"Similar post","link":""},"img":{"alt_text":"","src":"","width":0,"height":0},"classes":[]}],"_links":{"self":[{"href":"https:\/\/sakaba.mghosteur.com\/en\/wp-json\/wp\/v2\/product\/25582","targetHints":{"allow":["GET"]}}],"collection":[{"href":"https:\/\/sakaba.mghosteur.com\/en\/wp-json\/wp\/v2\/product"}],"about":[{"href":"https:\/\/sakaba.mghosteur.com\/en\/wp-json\/wp\/v2\/types\/product"}],"replies":[{"embeddable":true,"href":"https:\/\/sakaba.mghosteur.com\/en\/wp-json\/wp\/v2\/comments?post=25582"}],"version-history":[{"count":0,"href":"https:\/\/sakaba.mghosteur.com\/en\/wp-json\/wp\/v2\/product\/25582\/revisions"}],"wp:attachment":[{"href":"https:\/\/sakaba.mghosteur.com\/en\/wp-json\/wp\/v2\/media?parent=25582"}],"wp:term":[{"taxonomy":"product_brand","embeddable":true,"href":"https:\/\/sakaba.mghosteur.com\/en\/wp-json\/wp\/v2\/product_brand?post=25582"},{"taxonomy":"product_cat","embeddable":true,"href":"https:\/\/sakaba.mghosteur.com\/en\/wp-json\/wp\/v2\/product_cat?post=25582"},{"taxonomy":"product_tag","embeddable":true,"href":"https:\/\/sakaba.mghosteur.com\/en\/wp-json\/wp\/v2\/product_tag?post=25582"}],"curies":[{"name":"wp","href":"https:\/\/api.w.org\/{rel}","templated":true}]}}