{"id":25588,"date":"2022-11-14T14:44:33","date_gmt":"2022-11-14T14:44:33","guid":{"rendered":"http:\/\/www.sakababeauty.com\/?post_type=product&#038;p=25588"},"modified":"2024-08-14T00:27:42","modified_gmt":"2024-08-14T00:27:42","slug":"eucerin-original-healing","status":"publish","type":"product","link":"https:\/\/sakaba.mghosteur.com\/en\/product\/eucerin-original-healing\/","title":{"rendered":"Eucerin Original Healing"},"content":{"rendered":"<p>Offre une formule riche et durable pour hydrater, prot\u00e9ger et soigner les peaux tr\u00e8s s\u00e8ches et sensibles. La formule \u00e9molliente riche apaise et hydrate les peaux tr\u00e8s s\u00e8ches et sensibles. Scelle l&#8217;hydratation pour restaurer et prot\u00e9ger les peaux tr\u00e8s s\u00e8ches et sensibles. Marque recommand\u00e9e par les dermatologues. Offre une hydratation longue dur\u00e9e. Sans parfum, sans colorant et sans parab\u00e8ne.<\/p>","protected":false},"excerpt":{"rendered":"<p>Offre une formule riche et durable pour hydrater, prot\u00e9ger et soigner les peaux tr\u00e8s s\u00e8ches et sensibles. La formule \u00e9molliente riche apaise et hydrate les peaux tr\u00e8s s\u00e8ches et sensibles. Scelle l&#8217;hydratation pour restaurer et prot\u00e9ger les peaux tr\u00e8s s\u00e8ches et sensibles. Marque recommand\u00e9e par les dermatologues. Offre une hydratation longue dur\u00e9e. Sans parfum, sans<span class=\"read-more-faq\"><a href=\"https:\/\/sakaba.mghosteur.com\/en\/product\/eucerin-original-healing\/\">Read More<\/a><\/span><\/p>","protected":false},"featured_media":0,"comment_status":"closed","ping_status":"closed","template":"","meta":[],"product_brand":[],"product_cat":[447,1061,388],"product_tag":[],"class_list":{"0":"post-25588","1":"product","2":"type-product","3":"status-publish","5":"product_cat-aac-bain-et-corps","6":"product_cat-lait-huile_corporelle","7":"product_cat-peaux-seches","9":"first","10":"instock","11":"shipping-taxable","12":"product-type-simple"},"jetpack-related-posts":[{"id":24027,"url":"https:\/\/sakaba.mghosteur.com\/en\/product\/aveeno-skin-relief-24-hour-moisturizing-lotion\/","url_meta":{"origin":25588,"position":0},"title":"Aveeno Skin Relief 24-Hour Moisturizing Lotion","author":"admin","date":"November 9, 2022","format":false,"excerpt":"Hydrate et soulage la peau sensible ou qui d\u00e9mange, et la peau tr\u00e8s s\u00e8che. Formule \u00e0 base d'avoine triple test\u00e9e cliniquement. Recommand\u00e9e par les dermatologues. Riche, mais \u00e0 absorption rapide, cette lotion hydratante commence \u00e0 agir imm\u00e9diatement pour nourrir et restaurer l'hydratation essentielle de la peau tr\u00e8s s\u00e8che ou sensible\u2026","rel":"","context":"Similar post","block_context":{"text":"Similar post","link":""},"img":{"alt_text":"","src":"","width":0,"height":0},"classes":[]},{"id":29088,"url":"https:\/\/sakaba.mghosteur.com\/en\/product\/cerave-moisturizing-cream-453g\/","url_meta":{"origin":25588,"position":1},"title":"CERAVE MOISTURIZING CREAM 453G","author":"admin","date":"March 13, 2023","format":false,"excerpt":"La cr\u00e8me hydratante CeraVe est une solution id\u00e9ale pour les personnes souffrant de s\u00e9cheresse cutan\u00e9e et de d\u00e9mangeaisons. Gr\u00e2ce \u00e0 sa formule riche en acide hyaluronique et en c\u00e9ramides, elle aide \u00e0 hydrater la peau en profondeur et \u00e0 restaurer sa barri\u00e8re naturelle de protection. La cr\u00e8me contient trois c\u00e9ramides\u2026","rel":"","context":"Similar post","block_context":{"text":"Similar post","link":""},"img":{"alt_text":"","src":"","width":0,"height":0},"classes":[]},{"id":31900,"url":"https:\/\/sakaba.mghosteur.com\/en\/product\/aveeno-skin-relief-body-oil-spray-200ml\/","url_meta":{"origin":25588,"position":2},"title":"AVEENO SKIN RELIEF BODY OIL SPRAY 200ML","author":"admin","date":"May 10, 2024","format":false,"excerpt":"Le spray d'huile corporelle Aveeno Skin Relief aide \u00e0 soulager et \u00e0 r\u00e9parer la peau tr\u00e8s s\u00e8che d\u00e8s la premi\u00e8re application en apportant une hydratation longue dur\u00e9e. Sa formule unique contient de l'huile d'avoine et de l'huile de jojoba, des ingr\u00e9dients riches en lipides et en acides gras qui contribuent\u2026","rel":"","context":"Similar post","block_context":{"text":"Similar post","link":""},"img":{"alt_text":"","src":"","width":0,"height":0},"classes":[]},{"id":34198,"url":"https:\/\/sakaba.mghosteur.com\/en\/product\/first-aid-beauty-ultra-repair-cream-intense-hydrat\/","url_meta":{"origin":25588,"position":3},"title":"FIRST AID BEAUTY ULTRA REPAIR CREAM INTENSE HYDRATION","author":"admin","date":"May 27, 2024","format":false,"excerpt":"Cette cr\u00e8me hydratante prim\u00e9e soulage instantan\u00e9ment la peau s\u00e8che et irrit\u00e9e ainsi que l'ecz\u00e9ma, et renforce la barri\u00e8re cutan\u00e9e en 7 jours pour une peau calme et confortable. La formule hydratante riche \u00e0 absorption rapide est compos\u00e9e d'avoine collo\u00efdale, un ingr\u00e9dient protecteur de la peau et barri\u00e8re qui traite l'ecz\u00e9ma\u2026","rel":"","context":"Similar post","block_context":{"text":"Similar post","link":""},"img":{"alt_text":"","src":"","width":0,"height":0},"classes":[]},{"id":31527,"url":"https:\/\/sakaba.mghosteur.com\/en\/product\/vaseline-hand-butter-deep-nourishhment-101ml\/","url_meta":{"origin":25588,"position":4},"title":"VASELINE HAND BUTTER DEEP NOURISHHMENT 101ML","author":"admin","date":"May 10, 2024","format":false,"excerpt":"VASELINE\u00ae RADIANT X DEEP NOURISHMENT HAND BUTTER D\u00e9couvrez le nouveau beurre pour les mains Vaseline\u00ae Radiant X Deep Nourishment, une solution enrichissante pour une hydratation intense sans la sensation grasse. Sa texture riche et onctueuse p\u00e9n\u00e8tre facilement dans la peau, laissant une douceur irr\u00e9sistible, une texture lisse et un \u00e9clat\u2026","rel":"","context":"Similar post","block_context":{"text":"Similar post","link":""},"img":{"alt_text":"","src":"","width":0,"height":0},"classes":[]},{"id":34195,"url":"https:\/\/sakaba.mghosteur.com\/en\/product\/first-aid-beauty-ultra-repair-cream-intense-6oz\/","url_meta":{"origin":25588,"position":5},"title":"FIRST AID BEAUTY ULTRA REPAIR CREAM INTENSE 6OZ","author":"admin","date":"May 27, 2024","format":false,"excerpt":"La cr\u00e8me Ultra Repair Intense Hydration est un hydratant prim\u00e9 qui soulage instantan\u00e9ment la peau s\u00e8che et en d\u00e9tresse et l'ecz\u00e9ma. Renforce la barri\u00e8re cutan\u00e9e en seulement 7 jours pour une peau calme et confortable. Formule de cr\u00e8me hydratante riche \u00e0 absorption rapide con\u00e7ue pour le visage et le corps\u2026","rel":"","context":"Similar post","block_context":{"text":"Similar post","link":""},"img":{"alt_text":"","src":"","width":0,"height":0},"classes":[]}],"_links":{"self":[{"href":"https:\/\/sakaba.mghosteur.com\/en\/wp-json\/wp\/v2\/product\/25588","targetHints":{"allow":["GET"]}}],"collection":[{"href":"https:\/\/sakaba.mghosteur.com\/en\/wp-json\/wp\/v2\/product"}],"about":[{"href":"https:\/\/sakaba.mghosteur.com\/en\/wp-json\/wp\/v2\/types\/product"}],"replies":[{"embeddable":true,"href":"https:\/\/sakaba.mghosteur.com\/en\/wp-json\/wp\/v2\/comments?post=25588"}],"version-history":[{"count":0,"href":"https:\/\/sakaba.mghosteur.com\/en\/wp-json\/wp\/v2\/product\/25588\/revisions"}],"wp:attachment":[{"href":"https:\/\/sakaba.mghosteur.com\/en\/wp-json\/wp\/v2\/media?parent=25588"}],"wp:term":[{"taxonomy":"product_brand","embeddable":true,"href":"https:\/\/sakaba.mghosteur.com\/en\/wp-json\/wp\/v2\/product_brand?post=25588"},{"taxonomy":"product_cat","embeddable":true,"href":"https:\/\/sakaba.mghosteur.com\/en\/wp-json\/wp\/v2\/product_cat?post=25588"},{"taxonomy":"product_tag","embeddable":true,"href":"https:\/\/sakaba.mghosteur.com\/en\/wp-json\/wp\/v2\/product_tag?post=25588"}],"curies":[{"name":"wp","href":"https:\/\/api.w.org\/{rel}","templated":true}]}}