{"id":25598,"date":"2022-11-14T15:55:54","date_gmt":"2022-11-14T15:55:54","guid":{"rendered":"http:\/\/www.sakababeauty.com\/?post_type=product&#038;p=25598"},"modified":"2022-11-14T15:55:54","modified_gmt":"2022-11-14T15:55:54","slug":"lily-of-the-desert-aloe-vera-gel-inner-fillet","status":"publish","type":"product","link":"https:\/\/sakaba.mghosteur.com\/en\/product\/lily-of-the-desert-aloe-vera-gel-inner-fillet\/","title":{"rendered":"LILY OF THE DESERT ALOE VERA GEL INNER FILLET"},"content":{"rendered":"","protected":false},"excerpt":{"rendered":"","protected":false},"featured_media":0,"comment_status":"closed","ping_status":"closed","template":"","meta":[],"product_brand":[],"product_cat":[355],"product_tag":[],"class_list":{"0":"post-25598","1":"product","2":"type-product","3":"status-publish","5":"product_cat-hydratant-corps","7":"first","8":"instock","9":"shipping-taxable","10":"product-type-simple"},"jetpack-related-posts":[{"id":33504,"url":"https:\/\/sakaba.mghosteur.com\/en\/product\/aloe-vera-soothing-gel\/","url_meta":{"origin":25598,"position":0},"title":"ALOE VERA SOOTHING GEL","author":"admin","date":"May 22, 2024","format":false,"excerpt":"","rel":"","context":"Similar post","block_context":{"text":"Similar post","link":""},"img":{"alt_text":"","src":"","width":0,"height":0},"classes":[]},{"id":26960,"url":"https:\/\/sakaba.mghosteur.com\/en\/product\/supergel-moisturiser-oil-free\/","url_meta":{"origin":25598,"position":1},"title":"FACETHEORY Supergel Oil-free Moisturiser M3 for Oily and Acne","author":"admin","date":"November 28, 2022","format":false,"excerpt":"D\u00e9couvrez le Supergel Hydratant sans huile M3 de FACETHEORY, sp\u00e9cialement formul\u00e9 pour les peaux grasses et sujettes \u00e0 l'acn\u00e9. Ce gel d'aloe vera l\u00e9ger hydrate la peau sans laisser de r\u00e9sidus gras et aide \u00e0 r\u00e9duire la taille des pores gr\u00e2ce au niacinamide et \u00e0 soulager la congestion cutan\u00e9e gr\u00e2ce\u2026","rel":"","context":"Similar post","block_context":{"text":"Similar post","link":""},"img":{"alt_text":"","src":"","width":0,"height":0},"classes":[]},{"id":34331,"url":"https:\/\/sakaba.mghosteur.com\/en\/product\/bento-aloe-propolis-soothing-gel\/","url_meta":{"origin":25598,"position":2},"title":"BENTO ALOE PROPOLIS SOOTHING GEL","author":"admin","date":"May 28, 2024","format":false,"excerpt":"Tout en suspens, sans fioritures ! Ce gel apaisant \u00e0 l'alo\u00e8s et \u00e0 la propolis de Benton contient de l'alo\u00e8s et de la propolis qui aident \u00e0 apaiser la peau irrit\u00e9e, \u00e0 att\u00e9nuer les cicatrices d'acn\u00e9, \u00e0 \u00e9claircir le teint et m\u00eame \u00e0 maintenir l'hydratation tout au long de la\u2026","rel":"","context":"Similar post","block_context":{"text":"Similar post","link":""},"img":{"alt_text":"","src":"","width":0,"height":0},"classes":[]},{"id":30146,"url":"https:\/\/sakaba.mghosteur.com\/en\/product\/dr-teal-s-body-wash-glow-radiance\/","url_meta":{"origin":25598,"position":3},"title":"DR TEALS GLOW &amp; RADIANCE WITH VITAMIN C &amp; CITRUS","author":"admin","date":"May 3, 2023","format":false,"excerpt":"Gel douche \u00c9tancher la peau assoiff\u00e9e Le gel douche ultra-hydratant Dr Teal's hydrate et revitalise la peau, lui redonnant sa douceur d'origine.\u00a0L'aloe vera, le beurre de karit\u00e9 et la vitamine E nourrissent et hydratent, tandis que le sel d'Epsom pur (sulfate de magn\u00e9sium USP) aide \u00e0 soulager les muscles fatigu\u00e9s\u2026","rel":"","context":"Similar post","block_context":{"text":"Similar post","link":""},"img":{"alt_text":"","src":"","width":0,"height":0},"classes":[]},{"id":56096,"url":"https:\/\/sakaba.mghosteur.com\/en\/product\/advanced-clinicals-aloe-vera-soothe-recover-cream\/","url_meta":{"origin":25598,"position":4},"title":"Advanced Clinicals Aloe Vera Soothe + Recover Cream","author":"Sope DIA","date":"January 2, 2026","format":false,"excerpt":"","rel":"","context":"Similar post","block_context":{"text":"Similar post","link":""},"img":{"alt_text":"","src":"","width":0,"height":0},"classes":[]},{"id":26568,"url":"https:\/\/sakaba.mghosteur.com\/en\/product\/pixi-overnight-glow-serum\/","url_meta":{"origin":25598,"position":5},"title":"PIXI OVERNIGHT GLOW SERUM","author":"admin","date":"November 25, 2022","format":false,"excerpt":"R\u00e9veillez-vous avec un teint plus lumineux gr\u00e2ce au s\u00e9rum Overnight Glow de PIXI. Le gel exfoliant concentr\u00e9 agit pour cr\u00e9er un teint plus uniforme et plus radieux pendant votre sommeil. Formul\u00e9 avec 10 % d'acide glycolique et d'arginine, il aide \u00e0 r\u00e9duire l'apparence des ridules et des rides et att\u00e9nue\u2026","rel":"","context":"Similar post","block_context":{"text":"Similar post","link":""},"img":{"alt_text":"","src":"","width":0,"height":0},"classes":[]}],"_links":{"self":[{"href":"https:\/\/sakaba.mghosteur.com\/en\/wp-json\/wp\/v2\/product\/25598","targetHints":{"allow":["GET"]}}],"collection":[{"href":"https:\/\/sakaba.mghosteur.com\/en\/wp-json\/wp\/v2\/product"}],"about":[{"href":"https:\/\/sakaba.mghosteur.com\/en\/wp-json\/wp\/v2\/types\/product"}],"replies":[{"embeddable":true,"href":"https:\/\/sakaba.mghosteur.com\/en\/wp-json\/wp\/v2\/comments?post=25598"}],"version-history":[{"count":0,"href":"https:\/\/sakaba.mghosteur.com\/en\/wp-json\/wp\/v2\/product\/25598\/revisions"}],"wp:attachment":[{"href":"https:\/\/sakaba.mghosteur.com\/en\/wp-json\/wp\/v2\/media?parent=25598"}],"wp:term":[{"taxonomy":"product_brand","embeddable":true,"href":"https:\/\/sakaba.mghosteur.com\/en\/wp-json\/wp\/v2\/product_brand?post=25598"},{"taxonomy":"product_cat","embeddable":true,"href":"https:\/\/sakaba.mghosteur.com\/en\/wp-json\/wp\/v2\/product_cat?post=25598"},{"taxonomy":"product_tag","embeddable":true,"href":"https:\/\/sakaba.mghosteur.com\/en\/wp-json\/wp\/v2\/product_tag?post=25598"}],"curies":[{"name":"wp","href":"https:\/\/api.w.org\/{rel}","templated":true}]}}