{"id":25608,"date":"2022-11-14T16:13:04","date_gmt":"2022-11-14T16:13:04","guid":{"rendered":"http:\/\/www.sakababeauty.com\/?post_type=product&#038;p=25608"},"modified":"2022-11-14T16:13:05","modified_gmt":"2022-11-14T16:13:05","slug":"m3-naturals-anti-cellulite-massage-oil","status":"publish","type":"product","link":"https:\/\/sakaba.mghosteur.com\/en\/product\/m3-naturals-anti-cellulite-massage-oil\/","title":{"rendered":"M3 Naturals Anti Cellulite Massage Oil"},"content":{"rendered":"","protected":false},"excerpt":{"rendered":"","protected":false},"featured_media":0,"comment_status":"closed","ping_status":"closed","template":"","meta":[],"product_brand":[],"product_cat":[334],"product_tag":[],"class_list":{"0":"post-25608","1":"product","2":"type-product","3":"status-publish","5":"product_cat-traitement-serum","7":"first","8":"instock","9":"shipping-taxable","10":"product-type-simple"},"jetpack-related-posts":[{"id":27643,"url":"https:\/\/sakaba.mghosteur.com\/en\/product\/m3-naturals-professional-facial-infused-with-collagen-stem-cell-and-vitamin-c\/","url_meta":{"origin":25608,"position":0},"title":"M3 Naturals Professional Facial Infused with Collagen, Stem Cell, and Vitamin C","author":"admin","date":"November 29, 2022","format":false,"excerpt":"","rel":"","context":"Similar post","block_context":{"text":"Similar post","link":""},"img":{"alt_text":"","src":"","width":0,"height":0},"classes":[]},{"id":24244,"url":"https:\/\/sakaba.mghosteur.com\/en\/product\/m3-naturals-activated-charcoal-scrub-infused-with-collagen-and-stem-cell\/","url_meta":{"origin":25608,"position":1},"title":"M3 Naturals Activated Charcoal Scrub Infused with Collagen and Stem Cell","author":"admin","date":"November 9, 2022","format":false,"excerpt":"","rel":"","context":"Similar post","block_context":{"text":"Similar post","link":""},"img":{"alt_text":"","src":"","width":0,"height":0},"classes":[]},{"id":35988,"url":"https:\/\/sakaba.mghosteur.com\/en\/product\/medix-5-5-argan-oil-vitamin-e-body-treatmen-444ml\/","url_meta":{"origin":25608,"position":2},"title":"MEDIX 5.5 ARGAN OIL+ VITAMIN E BODY TREATMEN 444ML","author":"admin","date":"August 10, 2024","format":false,"excerpt":"Le soin corporel \u00e0 l'huile d'argan et \u00e0 la vitamine E Medix 5.5 est une cr\u00e8me de 15 fl oz qui utilise des ingr\u00e9dients naturels pour aider \u00e0 r\u00e9duire l'apparence des rides, des ridules, de la cellulite, du rel\u00e2chement cutan\u00e9 et des imperfections. Il est sans alcool, sans paraben et\u2026","rel":"","context":"Similar post","block_context":{"text":"Similar post","link":""},"img":{"alt_text":"","src":"","width":0,"height":0},"classes":[]},{"id":24583,"url":"https:\/\/sakaba.mghosteur.com\/en\/product\/weleda-stretch-mark-massage-oil\/","url_meta":{"origin":25608,"position":3},"title":"WELEDA STRETCH MARK MASSAGE OIL","author":"admin","date":"November 10, 2022","format":false,"excerpt":"","rel":"","context":"Similar post","block_context":{"text":"Similar post","link":""},"img":{"alt_text":"","src":"","width":0,"height":0},"classes":[]},{"id":23373,"url":"https:\/\/sakaba.mghosteur.com\/en\/product\/art-naturals-oils\/","url_meta":{"origin":25608,"position":4},"title":"ART NATURALS OILS","author":"admin","date":"October 27, 2022","format":false,"excerpt":"","rel":"","context":"Similar post","block_context":{"text":"Similar post","link":""},"img":{"alt_text":"","src":"","width":0,"height":0},"classes":[]},{"id":27639,"url":"https:\/\/sakaba.mghosteur.com\/en\/product\/by-natures-100-natural-vitamin-c-oil\/","url_meta":{"origin":25608,"position":5},"title":"By Natures 100% Natural Vitamin C Oil","author":"admin","date":"November 29, 2022","format":false,"excerpt":"","rel":"","context":"Similar post","block_context":{"text":"Similar post","link":""},"img":{"alt_text":"","src":"","width":0,"height":0},"classes":[]}],"_links":{"self":[{"href":"https:\/\/sakaba.mghosteur.com\/en\/wp-json\/wp\/v2\/product\/25608","targetHints":{"allow":["GET"]}}],"collection":[{"href":"https:\/\/sakaba.mghosteur.com\/en\/wp-json\/wp\/v2\/product"}],"about":[{"href":"https:\/\/sakaba.mghosteur.com\/en\/wp-json\/wp\/v2\/types\/product"}],"replies":[{"embeddable":true,"href":"https:\/\/sakaba.mghosteur.com\/en\/wp-json\/wp\/v2\/comments?post=25608"}],"version-history":[{"count":0,"href":"https:\/\/sakaba.mghosteur.com\/en\/wp-json\/wp\/v2\/product\/25608\/revisions"}],"wp:attachment":[{"href":"https:\/\/sakaba.mghosteur.com\/en\/wp-json\/wp\/v2\/media?parent=25608"}],"wp:term":[{"taxonomy":"product_brand","embeddable":true,"href":"https:\/\/sakaba.mghosteur.com\/en\/wp-json\/wp\/v2\/product_brand?post=25608"},{"taxonomy":"product_cat","embeddable":true,"href":"https:\/\/sakaba.mghosteur.com\/en\/wp-json\/wp\/v2\/product_cat?post=25608"},{"taxonomy":"product_tag","embeddable":true,"href":"https:\/\/sakaba.mghosteur.com\/en\/wp-json\/wp\/v2\/product_tag?post=25608"}],"curies":[{"name":"wp","href":"https:\/\/api.w.org\/{rel}","templated":true}]}}