{"id":25610,"date":"2022-11-14T16:15:52","date_gmt":"2022-11-14T16:15:52","guid":{"rendered":"http:\/\/www.sakababeauty.com\/?post_type=product&#038;p=25610"},"modified":"2022-11-14T16:15:52","modified_gmt":"2022-11-14T16:15:52","slug":"african-essence-braid-sheen-spray-brillant-sheen-human","status":"publish","type":"product","link":"https:\/\/sakaba.mghosteur.com\/en\/product\/african-essence-braid-sheen-spray-brillant-sheen-human\/","title":{"rendered":"African Essence Braid Sheen Spray Brillant Sheen Human"},"content":{"rendered":"","protected":false},"excerpt":{"rendered":"","protected":false},"featured_media":0,"comment_status":"closed","ping_status":"closed","template":"","meta":[],"product_brand":[],"product_cat":[558],"product_tag":[],"class_list":{"0":"post-25610","1":"product","2":"type-product","3":"status-publish","5":"product_cat-produits-coiffants","7":"first","8":"instock","9":"shipping-taxable","10":"product-type-simple"},"jetpack-related-posts":[{"id":25617,"url":"https:\/\/sakaba.mghosteur.com\/en\/product\/african-essence-control-wig-spray-3-in-1-formula\/","url_meta":{"origin":25610,"position":0},"title":"African Essence Control WIG Spray 3 in 1 Formula","author":"admin","date":"November 14, 2022","format":false,"excerpt":"","rel":"","context":"Similar post","block_context":{"text":"Similar post","link":""},"img":{"alt_text":"","src":"","width":0,"height":0},"classes":[]},{"id":25612,"url":"https:\/\/sakaba.mghosteur.com\/en\/product\/got2b-glued-blasting-freeze-spray\/","url_meta":{"origin":25610,"position":1},"title":"Got2b Glued Blasting Freeze Spray","author":"admin","date":"November 14, 2022","format":false,"excerpt":"Le spray fixateur Got2b Glued Blasting Freeze est un produit de coiffage indispensable pour tous ceux qui cherchent \u00e0 cr\u00e9er une coiffure longue tenue et \u00e0 tenue forte. Ce spray est con\u00e7u pour offrir une tenue forte qui ne vous laissera pas tomber, m\u00eame dans les conditions les plus extr\u00eames.\u2026","rel":"","context":"Similar post","block_context":{"text":"Similar post","link":""},"img":{"alt_text":"","src":"","width":0,"height":0},"classes":[]},{"id":31671,"url":"https:\/\/sakaba.mghosteur.com\/en\/product\/sulfur8-medicated-dandruf-treatment-for-braids-356ml\/","url_meta":{"origin":25610,"position":2},"title":"SULFUR8 MEDICATED DANDRUF TREATMENT FOR BRAIDS 356ML","author":"admin","date":"May 10, 2024","format":false,"excerpt":"Les tresses peuvent souvent \u00eatre sujettes \u00e0 des probl\u00e8mes de pellicules. Pour r\u00e9pondre \u00e0 ce besoin, Sulfur8 a con\u00e7u un traitement anti-pelliculaire sp\u00e9cialement formul\u00e9 pour les tresses, visant \u00e0 \u00e9liminer les pellicules et \u00e0 apaiser les d\u00e9mangeaisons du cuir chevelu associ\u00e9es. Ce traitement nourrissant contribue \u00e9galement \u00e0 prot\u00e9ger et \u00e0\u2026","rel":"","context":"Similar post","block_context":{"text":"Similar post","link":""},"img":{"alt_text":"","src":"","width":0,"height":0},"classes":[]},{"id":25776,"url":"https:\/\/sakaba.mghosteur.com\/en\/product\/africas-best-originals-itch-relief-cornrow-braid-scalp-remedy\/","url_meta":{"origin":25610,"position":3},"title":"Africa&#8217;s Best Originals Itch Relief CornRow &#038; Braid Scalp Remedy","author":"admin","date":"November 22, 2022","format":false,"excerpt":"","rel":"","context":"Similar post","block_context":{"text":"Similar post","link":""},"img":{"alt_text":"","src":"","width":0,"height":0},"classes":[]},{"id":25639,"url":"https:\/\/sakaba.mghosteur.com\/en\/product\/girls-with-curls-curl-boost-spray-spray-bouclant\/","url_meta":{"origin":25610,"position":4},"title":"GIRLS WITH CURLS CURL BOOST SPRAY SPRAY BOUCLANT","author":"admin","date":"November 14, 2022","format":false,"excerpt":"","rel":"","context":"Similar post","block_context":{"text":"Similar post","link":""},"img":{"alt_text":"","src":"","width":0,"height":0},"classes":[]},{"id":25646,"url":"https:\/\/sakaba.mghosteur.com\/en\/product\/tresemme-total-volume-hair-spray\/","url_meta":{"origin":25610,"position":5},"title":"TRESEMME TOTAL VOLUME HAIR SPRAY","author":"admin","date":"November 14, 2022","format":false,"excerpt":"","rel":"","context":"Similar post","block_context":{"text":"Similar post","link":""},"img":{"alt_text":"","src":"","width":0,"height":0},"classes":[]}],"_links":{"self":[{"href":"https:\/\/sakaba.mghosteur.com\/en\/wp-json\/wp\/v2\/product\/25610","targetHints":{"allow":["GET"]}}],"collection":[{"href":"https:\/\/sakaba.mghosteur.com\/en\/wp-json\/wp\/v2\/product"}],"about":[{"href":"https:\/\/sakaba.mghosteur.com\/en\/wp-json\/wp\/v2\/types\/product"}],"replies":[{"embeddable":true,"href":"https:\/\/sakaba.mghosteur.com\/en\/wp-json\/wp\/v2\/comments?post=25610"}],"version-history":[{"count":0,"href":"https:\/\/sakaba.mghosteur.com\/en\/wp-json\/wp\/v2\/product\/25610\/revisions"}],"wp:attachment":[{"href":"https:\/\/sakaba.mghosteur.com\/en\/wp-json\/wp\/v2\/media?parent=25610"}],"wp:term":[{"taxonomy":"product_brand","embeddable":true,"href":"https:\/\/sakaba.mghosteur.com\/en\/wp-json\/wp\/v2\/product_brand?post=25610"},{"taxonomy":"product_cat","embeddable":true,"href":"https:\/\/sakaba.mghosteur.com\/en\/wp-json\/wp\/v2\/product_cat?post=25610"},{"taxonomy":"product_tag","embeddable":true,"href":"https:\/\/sakaba.mghosteur.com\/en\/wp-json\/wp\/v2\/product_tag?post=25610"}],"curies":[{"name":"wp","href":"https:\/\/api.w.org\/{rel}","templated":true}]}}