{"id":25612,"date":"2022-11-14T16:18:17","date_gmt":"2022-11-14T16:18:17","guid":{"rendered":"http:\/\/www.sakababeauty.com\/?post_type=product&#038;p=25612"},"modified":"2024-08-28T03:01:38","modified_gmt":"2024-08-28T03:01:38","slug":"got2b-glued-blasting-freeze-spray","status":"publish","type":"product","link":"https:\/\/sakaba.mghosteur.com\/en\/product\/got2b-glued-blasting-freeze-spray\/","title":{"rendered":"Got2b Glued Blasting Freeze Spray"},"content":{"rendered":"<p>Le spray fixateur Got2b Glued Blasting Freeze est un produit de coiffage indispensable pour tous ceux qui cherchent \u00e0 cr\u00e9er une coiffure longue tenue et \u00e0 tenue forte. Ce spray est con\u00e7u pour offrir une tenue forte qui ne vous laissera pas tomber, m\u00eame dans les conditions les plus extr\u00eames. Il est facile \u00e0 utiliser et peut \u00eatre appliqu\u00e9 sur cheveux secs et mouill\u00e9s. Le spray est formul\u00e9 avec un m\u00e9lange unique de polym\u00e8res qui offrent une tenue forte et une finition brillante.<\/p>","protected":false},"excerpt":{"rendered":"<p>Le spray fixateur Got2b Glued Blasting Freeze est un produit de coiffage indispensable pour tous ceux qui cherchent \u00e0 cr\u00e9er une coiffure longue tenue et \u00e0 tenue forte. Ce spray est con\u00e7u pour offrir une tenue forte qui ne vous laissera pas tomber, m\u00eame dans les conditions les plus extr\u00eames. Il est facile \u00e0 utiliser<span class=\"read-more-faq\"><a href=\"https:\/\/sakaba.mghosteur.com\/en\/product\/got2b-glued-blasting-freeze-spray\/\">Read More<\/a><\/span><\/p>","protected":false},"featured_media":0,"comment_status":"closed","ping_status":"closed","template":"","meta":[],"product_brand":[],"product_cat":[284,336],"product_tag":[],"class_list":{"0":"post-25612","1":"product","2":"type-product","3":"status-publish","5":"product_cat-aad-cheveux","6":"product_cat-coiffant-fixant","8":"first","9":"instock","10":"shipping-taxable","11":"product-type-simple"},"jetpack-related-posts":[{"id":25630,"url":"https:\/\/sakaba.mghosteur.com\/en\/product\/got2b-ultra-glued-invincible-styling-gel\/","url_meta":{"origin":25612,"position":0},"title":"Got2b Ultra Glued invincible Styling Gel","author":"admin","date":"November 14, 2022","format":false,"excerpt":"Non collant, ne s'\u00e9caille pas, tenue folle. Sensation de gel, tenue comme de la colle. Pour la tenue de gel la plus forte jamais vue et cimenter le style individuel. Got 2b Ultra Glued Invincible Styling Gel, pour la tenue de gel la plus forte jamais vue et cimenter le\u2026","rel":"","context":"Similar post","block_context":{"text":"Similar post","link":""},"img":{"alt_text":"","src":"","width":0,"height":0},"classes":[]},{"id":25426,"url":"https:\/\/sakaba.mghosteur.com\/en\/product\/summers-eve-tahiti-sunset-freshening-spray\/","url_meta":{"origin":25612,"position":1},"title":"Summer&#8217;s eve tahiti sunset freshening spray","author":"admin","date":"November 14, 2022","format":false,"excerpt":"Une exp\u00e9rience rafra\u00eechissante et nettoyante pour votre zone intime afin que vous puissiez tout affronter. Les produits de soins f\u00e9minins rafra\u00eechissants Summer's Eve sont disponibles dans une vari\u00e9t\u00e9 de parfums SafeScents indulgents vous permettant de vivre cette pr\u00e9paration unique et quotidienne de Summer's Eve. Le parfum SafeScent indulgent de Tahitian\u2026","rel":"","context":"Similar post","block_context":{"text":"Similar post","link":""},"img":{"alt_text":"","src":"","width":0,"height":0},"classes":[]},{"id":25639,"url":"https:\/\/sakaba.mghosteur.com\/en\/product\/girls-with-curls-curl-boost-spray-spray-bouclant\/","url_meta":{"origin":25612,"position":2},"title":"GIRLS WITH CURLS CURL BOOST SPRAY SPRAY BOUCLANT","author":"admin","date":"November 14, 2022","format":false,"excerpt":"","rel":"","context":"Similar post","block_context":{"text":"Similar post","link":""},"img":{"alt_text":"","src":"","width":0,"height":0},"classes":[]},{"id":31900,"url":"https:\/\/sakaba.mghosteur.com\/en\/product\/aveeno-skin-relief-body-oil-spray-200ml\/","url_meta":{"origin":25612,"position":3},"title":"AVEENO SKIN RELIEF BODY OIL SPRAY 200ML","author":"admin","date":"May 10, 2024","format":false,"excerpt":"Le spray d'huile corporelle Aveeno Skin Relief aide \u00e0 soulager et \u00e0 r\u00e9parer la peau tr\u00e8s s\u00e8che d\u00e8s la premi\u00e8re application en apportant une hydratation longue dur\u00e9e. Sa formule unique contient de l'huile d'avoine et de l'huile de jojoba, des ingr\u00e9dients riches en lipides et en acides gras qui contribuent\u2026","rel":"","context":"Similar post","block_context":{"text":"Similar post","link":""},"img":{"alt_text":"","src":"","width":0,"height":0},"classes":[]},{"id":25578,"url":"https:\/\/sakaba.mghosteur.com\/en\/product\/neutrogena-ultra-sheer-body-mist-sunscreen-spf-70\/","url_meta":{"origin":25612,"position":4},"title":"Neutrogena Ultra Sheer Body Mist Sunscreen SPF 70","author":"admin","date":"November 14, 2022","format":false,"excerpt":"Le Spray Solaire L\u00e9ger Neutrogena Ultra Sheer, SPF 70 est un \u00e9cran solaire haute protection con\u00e7u pour vous prot\u00e9ger efficacement des rayons UVA\/UVB. Sa formule non grasse, l\u00e9g\u00e8re et facile \u00e0 appliquer laisse un fini transparent et ultral\u00e9ger. Gr\u00e2ce \u00e0 la technologie HELIOPLEX\u00ae, ce spray solaire offre une protection solaire\u2026","rel":"","context":"Similar post","block_context":{"text":"Similar post","link":""},"img":{"alt_text":"","src":"","width":0,"height":0},"classes":[]},{"id":25646,"url":"https:\/\/sakaba.mghosteur.com\/en\/product\/tresemme-total-volume-hair-spray\/","url_meta":{"origin":25612,"position":5},"title":"TRESEMME TOTAL VOLUME HAIR SPRAY","author":"admin","date":"November 14, 2022","format":false,"excerpt":"","rel":"","context":"Similar post","block_context":{"text":"Similar post","link":""},"img":{"alt_text":"","src":"","width":0,"height":0},"classes":[]}],"_links":{"self":[{"href":"https:\/\/sakaba.mghosteur.com\/en\/wp-json\/wp\/v2\/product\/25612","targetHints":{"allow":["GET"]}}],"collection":[{"href":"https:\/\/sakaba.mghosteur.com\/en\/wp-json\/wp\/v2\/product"}],"about":[{"href":"https:\/\/sakaba.mghosteur.com\/en\/wp-json\/wp\/v2\/types\/product"}],"replies":[{"embeddable":true,"href":"https:\/\/sakaba.mghosteur.com\/en\/wp-json\/wp\/v2\/comments?post=25612"}],"version-history":[{"count":0,"href":"https:\/\/sakaba.mghosteur.com\/en\/wp-json\/wp\/v2\/product\/25612\/revisions"}],"wp:attachment":[{"href":"https:\/\/sakaba.mghosteur.com\/en\/wp-json\/wp\/v2\/media?parent=25612"}],"wp:term":[{"taxonomy":"product_brand","embeddable":true,"href":"https:\/\/sakaba.mghosteur.com\/en\/wp-json\/wp\/v2\/product_brand?post=25612"},{"taxonomy":"product_cat","embeddable":true,"href":"https:\/\/sakaba.mghosteur.com\/en\/wp-json\/wp\/v2\/product_cat?post=25612"},{"taxonomy":"product_tag","embeddable":true,"href":"https:\/\/sakaba.mghosteur.com\/en\/wp-json\/wp\/v2\/product_tag?post=25612"}],"curies":[{"name":"wp","href":"https:\/\/api.w.org\/{rel}","templated":true}]}}