{"id":25615,"date":"2022-11-14T16:20:41","date_gmt":"2022-11-14T16:20:41","guid":{"rendered":"http:\/\/www.sakababeauty.com\/?post_type=product&#038;p=25615"},"modified":"2022-11-14T16:20:42","modified_gmt":"2022-11-14T16:20:42","slug":"vigorol-relaxed-hair-mousse","status":"publish","type":"product","link":"https:\/\/sakaba.mghosteur.com\/en\/product\/vigorol-relaxed-hair-mousse\/","title":{"rendered":"vigorol relaxed hair mousse"},"content":{"rendered":"","protected":false},"excerpt":{"rendered":"","protected":false},"featured_media":0,"comment_status":"closed","ping_status":"closed","template":"","meta":[],"product_brand":[],"product_cat":[284],"product_tag":[],"class_list":{"0":"post-25615","1":"product","2":"type-product","3":"status-publish","5":"product_cat-aad-cheveux","7":"first","8":"instock","9":"shipping-taxable","10":"product-type-simple"},"jetpack-related-posts":[{"id":24299,"url":"https:\/\/sakaba.mghosteur.com\/en\/product\/neutrogena-soothing-clear-mousse-cleanser-turmeric\/","url_meta":{"origin":25615,"position":0},"title":"Neutrogena Soothing Clear Mousse Cleanser-Turmeric","author":"admin","date":"November 9, 2022","format":false,"excerpt":"D\u00e9couvrez la mousse nettoyante apaisante au curcuma Neutrogena, sp\u00e9cialement formul\u00e9e pour nettoyer en douceur et apaiser les peaux stress\u00e9es sujettes aux taches. Enrichi en curcuma doux pour la peau, ce nettoyant mousse riche et coussin\u00e9 \u00e9limine efficacement la salet\u00e9, le s\u00e9bum et le maquillage qui obstruent les pores sans d\u00e9caper\u2026","rel":"","context":"Similar post","block_context":{"text":"Similar post","link":""},"img":{"alt_text":"","src":"","width":0,"height":0},"classes":[]},{"id":27891,"url":"https:\/\/sakaba.mghosteur.com\/en\/product\/clarins-doux-nettoyant-moussant\/","url_meta":{"origin":25615,"position":1},"title":"Clarins DOUX NETTOYANT MOUSSANT","author":"admin","date":"November 29, 2022","format":false,"excerpt":"","rel":"","context":"Similar post","block_context":{"text":"Similar post","link":""},"img":{"alt_text":"","src":"","width":0,"height":0},"classes":[]},{"id":26116,"url":"https:\/\/sakaba.mghosteur.com\/en\/product\/twistedsista-foaming-curl-mousse\/","url_meta":{"origin":25615,"position":2},"title":"TWISTEDSISTA FOAMING CURL MOUSSE","author":"admin","date":"November 24, 2022","format":false,"excerpt":"","rel":"","context":"Similar post","block_context":{"text":"Similar post","link":""},"img":{"alt_text":"","src":"","width":0,"height":0},"classes":[]},{"id":27918,"url":"https:\/\/sakaba.mghosteur.com\/en\/product\/clarins-doux-nettoyant-moussant-2\/","url_meta":{"origin":25615,"position":3},"title":"Clarins DOUX NETTOYANT MOUSSANT","author":"admin","date":"November 29, 2022","format":false,"excerpt":"","rel":"","context":"Similar post","block_context":{"text":"Similar post","link":""},"img":{"alt_text":"","src":"","width":0,"height":0},"classes":[]},{"id":24486,"url":"https:\/\/sakaba.mghosteur.com\/en\/product\/bioderma-sebium-gel-moussant\/","url_meta":{"origin":25615,"position":4},"title":"BIODERMA SEBIUM GEL MOUSSANT","author":"admin","date":"November 10, 2022","format":false,"excerpt":"","rel":"","context":"Similar post","block_context":{"text":"Similar post","link":""},"img":{"alt_text":"","src":"","width":0,"height":0},"classes":[]},{"id":24891,"url":"https:\/\/sakaba.mghosteur.com\/en\/product\/la-roche-posay-effaclar-creme-moussante\/","url_meta":{"origin":25615,"position":5},"title":"LA ROCHE-POSAY EFFACLAR CREME MOUSSANTE","author":"admin","date":"November 11, 2022","format":false,"excerpt":"","rel":"","context":"Similar post","block_context":{"text":"Similar post","link":""},"img":{"alt_text":"","src":"","width":0,"height":0},"classes":[]}],"_links":{"self":[{"href":"https:\/\/sakaba.mghosteur.com\/en\/wp-json\/wp\/v2\/product\/25615","targetHints":{"allow":["GET"]}}],"collection":[{"href":"https:\/\/sakaba.mghosteur.com\/en\/wp-json\/wp\/v2\/product"}],"about":[{"href":"https:\/\/sakaba.mghosteur.com\/en\/wp-json\/wp\/v2\/types\/product"}],"replies":[{"embeddable":true,"href":"https:\/\/sakaba.mghosteur.com\/en\/wp-json\/wp\/v2\/comments?post=25615"}],"version-history":[{"count":0,"href":"https:\/\/sakaba.mghosteur.com\/en\/wp-json\/wp\/v2\/product\/25615\/revisions"}],"wp:attachment":[{"href":"https:\/\/sakaba.mghosteur.com\/en\/wp-json\/wp\/v2\/media?parent=25615"}],"wp:term":[{"taxonomy":"product_brand","embeddable":true,"href":"https:\/\/sakaba.mghosteur.com\/en\/wp-json\/wp\/v2\/product_brand?post=25615"},{"taxonomy":"product_cat","embeddable":true,"href":"https:\/\/sakaba.mghosteur.com\/en\/wp-json\/wp\/v2\/product_cat?post=25615"},{"taxonomy":"product_tag","embeddable":true,"href":"https:\/\/sakaba.mghosteur.com\/en\/wp-json\/wp\/v2\/product_tag?post=25615"}],"curies":[{"name":"wp","href":"https:\/\/api.w.org\/{rel}","templated":true}]}}