{"id":25617,"date":"2022-11-14T16:21:51","date_gmt":"2022-11-14T16:21:51","guid":{"rendered":"http:\/\/www.sakababeauty.com\/?post_type=product&#038;p=25617"},"modified":"2022-11-14T16:21:51","modified_gmt":"2022-11-14T16:21:51","slug":"african-essence-control-wig-spray-3-in-1-formula","status":"publish","type":"product","link":"https:\/\/sakaba.mghosteur.com\/en\/product\/african-essence-control-wig-spray-3-in-1-formula\/","title":{"rendered":"African Essence Control WIG Spray 3 in 1 Formula"},"content":{"rendered":"","protected":false},"excerpt":{"rendered":"","protected":false},"featured_media":0,"comment_status":"closed","ping_status":"closed","template":"","meta":[],"product_brand":[],"product_cat":[558],"product_tag":[],"class_list":{"0":"post-25617","1":"product","2":"type-product","3":"status-publish","5":"product_cat-produits-coiffants","7":"first","8":"instock","9":"shipping-taxable","10":"product-type-simple"},"jetpack-related-posts":[{"id":25610,"url":"https:\/\/sakaba.mghosteur.com\/en\/product\/african-essence-braid-sheen-spray-brillant-sheen-human\/","url_meta":{"origin":25617,"position":0},"title":"African Essence Braid Sheen Spray Brillant Sheen Human","author":"admin","date":"November 14, 2022","format":false,"excerpt":"","rel":"","context":"Similar post","block_context":{"text":"Similar post","link":""},"img":{"alt_text":"","src":"","width":0,"height":0},"classes":[]},{"id":25915,"url":"https:\/\/sakaba.mghosteur.com\/en\/product\/sheamoisture-wig-weave-oil-shine-spray\/","url_meta":{"origin":25617,"position":1},"title":"SheaMoisture Wig &#038; Weave Oil Shine Spray","author":"admin","date":"November 23, 2022","format":false,"excerpt":"","rel":"","context":"Similar post","block_context":{"text":"Similar post","link":""},"img":{"alt_text":"","src":"","width":0,"height":0},"classes":[]},{"id":26273,"url":"https:\/\/sakaba.mghosteur.com\/en\/product\/clear-essence-blemish-control-formula-for-acne\/","url_meta":{"origin":25617,"position":2},"title":"CLEAR ESSENCE BLEMISH CONTROL FORMULA FOR ACNE","author":"admin","date":"November 24, 2022","format":false,"excerpt":"","rel":"","context":"Similar post","block_context":{"text":"Similar post","link":""},"img":{"alt_text":"","src":"","width":0,"height":0},"classes":[]},{"id":31445,"url":"https:\/\/sakaba.mghosteur.com\/en\/product\/numbuzin-3-toner-super-glowing-essence-200ml\/","url_meta":{"origin":25617,"position":3},"title":"NUMBUZIN 3 TONER SUPER GLOWING ESSENCE 200ML","author":"admin","date":"May 10, 2024","format":false,"excerpt":"D\u00e9couvrez le Numbuzin No.3 Super Glowing Essence Toner, une v\u00e9ritable r\u00e9v\u00e9lation pour votre routine de soins de la peau. Compos\u00e9 de 50 types d'ingr\u00e9dients ferment\u00e9s, ce toner est un indispensable pour am\u00e9liorer l'\u00e9clat, l'\u00e9lasticit\u00e9 et l'apparence g\u00e9n\u00e9rale de votre peau. Con\u00e7u pour ceux qui souffrent d'un teint terne ou d'un\u2026","rel":"","context":"Similar post","block_context":{"text":"Similar post","link":""},"img":{"alt_text":"","src":"","width":0,"height":0},"classes":[]},{"id":31859,"url":"https:\/\/sakaba.mghosteur.com\/en\/product\/anua-heartleaf-pore-control-cleansing-oil-200ml\/","url_meta":{"origin":25617,"position":4},"title":"ANUA HEARTLEAF PORE CONTROL CLEANSING OIL 200ML","author":"admin","date":"May 10, 2024","format":false,"excerpt":"Un d\u00e9maquillant doux qui aide \u00e0 \u00e9liminer les impuret\u00e9s des pores. Formule non com\u00e9dog\u00e8ne qui convient aux peaux \u00e0 tendance acn\u00e9ique. Formule l\u00e9g\u00e8re qui ne bloque pas les pores. Maintient la peau hydrat\u00e9e apr\u00e8s le nettoyage. Mode d'emploi : 1. Versez l'huile nettoyante dans vos paumes et massez-la sur la\u2026","rel":"","context":"Similar post","block_context":{"text":"Similar post","link":""},"img":{"alt_text":"","src":"","width":0,"height":0},"classes":[]},{"id":25754,"url":"https:\/\/sakaba.mghosteur.com\/en\/product\/via-natural-oil-free-wig-shine\/","url_meta":{"origin":25617,"position":5},"title":"Via Natural Oil Free Wig Shine","author":"admin","date":"November 22, 2022","format":false,"excerpt":"","rel":"","context":"Similar post","block_context":{"text":"Similar post","link":""},"img":{"alt_text":"","src":"","width":0,"height":0},"classes":[]}],"_links":{"self":[{"href":"https:\/\/sakaba.mghosteur.com\/en\/wp-json\/wp\/v2\/product\/25617","targetHints":{"allow":["GET"]}}],"collection":[{"href":"https:\/\/sakaba.mghosteur.com\/en\/wp-json\/wp\/v2\/product"}],"about":[{"href":"https:\/\/sakaba.mghosteur.com\/en\/wp-json\/wp\/v2\/types\/product"}],"replies":[{"embeddable":true,"href":"https:\/\/sakaba.mghosteur.com\/en\/wp-json\/wp\/v2\/comments?post=25617"}],"version-history":[{"count":0,"href":"https:\/\/sakaba.mghosteur.com\/en\/wp-json\/wp\/v2\/product\/25617\/revisions"}],"wp:attachment":[{"href":"https:\/\/sakaba.mghosteur.com\/en\/wp-json\/wp\/v2\/media?parent=25617"}],"wp:term":[{"taxonomy":"product_brand","embeddable":true,"href":"https:\/\/sakaba.mghosteur.com\/en\/wp-json\/wp\/v2\/product_brand?post=25617"},{"taxonomy":"product_cat","embeddable":true,"href":"https:\/\/sakaba.mghosteur.com\/en\/wp-json\/wp\/v2\/product_cat?post=25617"},{"taxonomy":"product_tag","embeddable":true,"href":"https:\/\/sakaba.mghosteur.com\/en\/wp-json\/wp\/v2\/product_tag?post=25617"}],"curies":[{"name":"wp","href":"https:\/\/api.w.org\/{rel}","templated":true}]}}