{"id":25619,"date":"2022-11-14T16:23:17","date_gmt":"2022-11-14T16:23:17","guid":{"rendered":"http:\/\/www.sakababeauty.com\/?post_type=product&#038;p=25619"},"modified":"2022-11-14T16:23:17","modified_gmt":"2022-11-14T16:23:17","slug":"nadinola-skin-discoloration-fade-cream-ultra-for-normal-skin","status":"publish","type":"product","link":"https:\/\/sakaba.mghosteur.com\/en\/product\/nadinola-skin-discoloration-fade-cream-ultra-for-normal-skin\/","title":{"rendered":"Nadinola Skin Discoloration Fade Cream \u2013 Ultra for Normal Skin"},"content":{"rendered":"","protected":false},"excerpt":{"rendered":"","protected":false},"featured_media":0,"comment_status":"closed","ping_status":"closed","template":"","meta":[],"product_brand":[],"product_cat":[334],"product_tag":[],"class_list":{"0":"post-25619","1":"product","2":"type-product","3":"status-publish","5":"product_cat-traitement-serum","7":"first","8":"instock","9":"shipping-taxable","10":"product-type-simple"},"jetpack-related-posts":[{"id":25623,"url":"https:\/\/sakaba.mghosteur.com\/en\/product\/nadinola-skin-discoloration-fade-cream-deluxe-for-oily-skiin\/","url_meta":{"origin":25619,"position":0},"title":"Nadinola Skin Discoloration Fade Cream Deluxe for oily Skiin","author":"admin","date":"November 14, 2022","format":false,"excerpt":"","rel":"","context":"Similar post","block_context":{"text":"Similar post","link":""},"img":{"alt_text":"","src":"","width":0,"height":0},"classes":[]},{"id":32818,"url":"https:\/\/sakaba.mghosteur.com\/en\/product\/ambi-skincare-fade-cream-normal-skin\/","url_meta":{"origin":25619,"position":1},"title":"AMBI SKINCARE FADE CREAM NORMAL SKIN","author":"admin","date":"May 16, 2024","format":false,"excerpt":"","rel":"","context":"Similar post","block_context":{"text":"Similar post","link":""},"img":{"alt_text":"","src":"","width":0,"height":0},"classes":[]},{"id":32821,"url":"https:\/\/sakaba.mghosteur.com\/en\/product\/ambi-skincare-fade-cream-oily-skin\/","url_meta":{"origin":25619,"position":2},"title":"AMBI skincare Fade Cream OILY SKIN","author":"admin","date":"May 16, 2024","format":false,"excerpt":"","rel":"","context":"Similar post","block_context":{"text":"Similar post","link":""},"img":{"alt_text":"","src":"","width":0,"height":0},"classes":[]},{"id":26623,"url":"https:\/\/sakaba.mghosteur.com\/en\/product\/alpha-skin-care-dual-action-fade-cream\/","url_meta":{"origin":25619,"position":3},"title":"ALPHA SKIN CARE DUAL ACTION FADE CREAM","author":"admin","date":"November 28, 2022","format":false,"excerpt":"","rel":"","context":"Similar post","block_context":{"text":"Similar post","link":""},"img":{"alt_text":"","src":"","width":0,"height":0},"classes":[]},{"id":24581,"url":"https:\/\/sakaba.mghosteur.com\/en\/product\/weleda-skin-food-original-ultra-rich-cream\/","url_meta":{"origin":25619,"position":4},"title":"WELEDA SKIN FOOD ORIGINAL ULTRA RICH CREAM","author":"admin","date":"November 10, 2022","format":false,"excerpt":"","rel":"","context":"Similar post","block_context":{"text":"Similar post","link":""},"img":{"alt_text":"","src":"","width":0,"height":0},"classes":[]},{"id":29743,"url":"https:\/\/sakaba.mghosteur.com\/en\/product\/skin-success-fade-cream-anti-dark-spot\/","url_meta":{"origin":25619,"position":5},"title":"SKIN SUCCESS  FADE CREAM ANTI DARK SPOT","author":"admin","date":"April 18, 2023","format":false,"excerpt":"D\u00e9couvrez la cr\u00e8me anti-taches Palmer's pour une peau \u00e9clatante et sans taches ! Formul\u00e9e pour tous les types de peau, cette cr\u00e8me cible les taches brunes, les taches de vieillesse et \u00e9quilibre le teint irr\u00e9gulier et la d\u00e9coloration. Elle aide \u00e9galement \u00e0 am\u00e9liorer la souplesse et l'\u00e9lasticit\u00e9 de la peau,\u2026","rel":"","context":"Similar post","block_context":{"text":"Similar post","link":""},"img":{"alt_text":"","src":"","width":0,"height":0},"classes":[]}],"_links":{"self":[{"href":"https:\/\/sakaba.mghosteur.com\/en\/wp-json\/wp\/v2\/product\/25619","targetHints":{"allow":["GET"]}}],"collection":[{"href":"https:\/\/sakaba.mghosteur.com\/en\/wp-json\/wp\/v2\/product"}],"about":[{"href":"https:\/\/sakaba.mghosteur.com\/en\/wp-json\/wp\/v2\/types\/product"}],"replies":[{"embeddable":true,"href":"https:\/\/sakaba.mghosteur.com\/en\/wp-json\/wp\/v2\/comments?post=25619"}],"version-history":[{"count":0,"href":"https:\/\/sakaba.mghosteur.com\/en\/wp-json\/wp\/v2\/product\/25619\/revisions"}],"wp:attachment":[{"href":"https:\/\/sakaba.mghosteur.com\/en\/wp-json\/wp\/v2\/media?parent=25619"}],"wp:term":[{"taxonomy":"product_brand","embeddable":true,"href":"https:\/\/sakaba.mghosteur.com\/en\/wp-json\/wp\/v2\/product_brand?post=25619"},{"taxonomy":"product_cat","embeddable":true,"href":"https:\/\/sakaba.mghosteur.com\/en\/wp-json\/wp\/v2\/product_cat?post=25619"},{"taxonomy":"product_tag","embeddable":true,"href":"https:\/\/sakaba.mghosteur.com\/en\/wp-json\/wp\/v2\/product_tag?post=25619"}],"curies":[{"name":"wp","href":"https:\/\/api.w.org\/{rel}","templated":true}]}}