{"id":25628,"date":"2022-11-14T16:30:01","date_gmt":"2022-11-14T16:30:01","guid":{"rendered":"http:\/\/www.sakababeauty.com\/?post_type=product&#038;p=25628"},"modified":"2024-09-01T03:37:47","modified_gmt":"2024-09-01T03:37:47","slug":"beauty-concepts-hand-cream-set","status":"publish","type":"product","link":"https:\/\/sakaba.mghosteur.com\/en\/product\/beauty-concepts-hand-cream-set\/","title":{"rendered":"BEAUTY CONCEPTS HAND CREAM SET"},"content":{"rendered":"","protected":false},"excerpt":{"rendered":"","protected":false},"featured_media":0,"comment_status":"closed","ping_status":"closed","template":"","meta":[],"product_brand":[],"product_cat":[447,364],"product_tag":[],"class_list":{"0":"post-25628","1":"product","2":"type-product","3":"status-publish","5":"product_cat-aac-bain-et-corps","6":"product_cat-soin-mains-pieds","8":"first","9":"instock","10":"shipping-taxable","11":"product-type-simple"},"jetpack-related-posts":[{"id":25412,"url":"https:\/\/sakaba.mghosteur.com\/en\/product\/eos-shea-better-hand-cream\/","url_meta":{"origin":25628,"position":0},"title":"EOS Shea Better Hand Cream","author":"admin","date":"November 14, 2022","format":false,"excerpt":"La cr\u00e8me pour les mains EOS offre une hydratation 24 heures sur 24 et convient \u00e0 tous les types de peau. Elle est compos\u00e9e d'huile de karit\u00e9 l\u00e9g\u00e8re et de beurre de karit\u00e9 ultra riche pour offrir une hydratation imm\u00e9diate et une protection durable. Elle est \u00e9galement sans gluten, sans\u2026","rel":"","context":"Similar post","block_context":{"text":"Similar post","link":""},"img":{"alt_text":"","src":"","width":0,"height":0},"classes":[]},{"id":33264,"url":"https:\/\/sakaba.mghosteur.com\/en\/product\/eos-shea-better-hand-cream-eucalyptus\/","url_meta":{"origin":25628,"position":1},"title":"EOS Shea Better Hand Cream Eucalyptus","author":"admin","date":"May 20, 2024","format":false,"excerpt":"La cr\u00e8me pour les mains EOS offre une hydratation 24 heures sur 24 et convient \u00e0 tous les types de peau. Elle est compos\u00e9e d'huile de karit\u00e9 l\u00e9g\u00e8re et de beurre de karit\u00e9 ultra riche pour offrir une hydratation imm\u00e9diate et une protection durable. Elle est \u00e9galement sans gluten, sans\u2026","rel":"","context":"Similar post","block_context":{"text":"Similar post","link":""},"img":{"alt_text":"","src":"","width":0,"height":0},"classes":[]},{"id":33267,"url":"https:\/\/sakaba.mghosteur.com\/en\/product\/eos-shea-better-hand-cream-lavender\/","url_meta":{"origin":25628,"position":2},"title":"EOS Shea Better Hand Cream Lavender","author":"admin","date":"May 20, 2024","format":false,"excerpt":"La cr\u00e8me pour les mains EOS offre une hydratation 24 heures sur 24 et convient \u00e0 tous les types de peau. Elle est compos\u00e9e d'huile de karit\u00e9 l\u00e9g\u00e8re et de beurre de karit\u00e9 ultra riche pour offrir une hydratation imm\u00e9diate et une protection durable. Elle est \u00e9galement sans gluten, sans\u2026","rel":"","context":"Similar post","block_context":{"text":"Similar post","link":""},"img":{"alt_text":"","src":"","width":0,"height":0},"classes":[]},{"id":33277,"url":"https:\/\/sakaba.mghosteur.com\/en\/product\/eos-shea-better-hand-cream-coconut\/","url_meta":{"origin":25628,"position":3},"title":"EOS Shea Better Hand Cream Coconut","author":"admin","date":"May 20, 2024","format":false,"excerpt":"La cr\u00e8me pour les mains EOS offre une hydratation 24 heures sur 24 et convient \u00e0 tous les types de peau. Elle est compos\u00e9e d'huile de karit\u00e9 l\u00e9g\u00e8re et de beurre de karit\u00e9 ultra riche pour offrir une hydratation imm\u00e9diate et une protection durable. Elle est \u00e9galement sans gluten, sans\u2026","rel":"","context":"Similar post","block_context":{"text":"Similar post","link":""},"img":{"alt_text":"","src":"","width":0,"height":0},"classes":[]},{"id":33270,"url":"https:\/\/sakaba.mghosteur.com\/en\/product\/eos-shea-better-hand-cream-pink-citrus\/","url_meta":{"origin":25628,"position":4},"title":"EOS Shea Better Hand Cream Pink Citrus","author":"admin","date":"May 20, 2024","format":false,"excerpt":"La cr\u00e8me pour les mains EOS offre une hydratation 24 heures sur 24 et convient \u00e0 tous les types de peau. Elle est compos\u00e9e d'huile de karit\u00e9 l\u00e9g\u00e8re et de beurre de karit\u00e9 ultra riche pour offrir une hydratation imm\u00e9diate et une protection durable. Elle est \u00e9galement sans gluten, sans\u2026","rel":"","context":"Similar post","block_context":{"text":"Similar post","link":""},"img":{"alt_text":"","src":"","width":0,"height":0},"classes":[]},{"id":25428,"url":"https:\/\/sakaba.mghosteur.com\/en\/product\/neutrogena-hand-cream\/","url_meta":{"origin":25628,"position":5},"title":"Neutrogena Hand Cream","author":"admin","date":"November 14, 2022","format":false,"excerpt":"D\u00e9couvrez la cr\u00e8me pour les mains Norwegian Formula de la marque Neutrogena, un alli\u00e9 essentiel pour prendre soin de vos mains s\u00e8ches et gerc\u00e9es. Cette lotion hautement concentr\u00e9e, riche en glyc\u00e9rine, a \u00e9t\u00e9 formul\u00e9e pour une action rapide et efficace. En un seul geste, cette cr\u00e8me hydratante soulage instantan\u00e9ment vos\u2026","rel":"","context":"Similar post","block_context":{"text":"Similar post","link":""},"img":{"alt_text":"","src":"","width":0,"height":0},"classes":[]}],"_links":{"self":[{"href":"https:\/\/sakaba.mghosteur.com\/en\/wp-json\/wp\/v2\/product\/25628","targetHints":{"allow":["GET"]}}],"collection":[{"href":"https:\/\/sakaba.mghosteur.com\/en\/wp-json\/wp\/v2\/product"}],"about":[{"href":"https:\/\/sakaba.mghosteur.com\/en\/wp-json\/wp\/v2\/types\/product"}],"replies":[{"embeddable":true,"href":"https:\/\/sakaba.mghosteur.com\/en\/wp-json\/wp\/v2\/comments?post=25628"}],"version-history":[{"count":0,"href":"https:\/\/sakaba.mghosteur.com\/en\/wp-json\/wp\/v2\/product\/25628\/revisions"}],"wp:attachment":[{"href":"https:\/\/sakaba.mghosteur.com\/en\/wp-json\/wp\/v2\/media?parent=25628"}],"wp:term":[{"taxonomy":"product_brand","embeddable":true,"href":"https:\/\/sakaba.mghosteur.com\/en\/wp-json\/wp\/v2\/product_brand?post=25628"},{"taxonomy":"product_cat","embeddable":true,"href":"https:\/\/sakaba.mghosteur.com\/en\/wp-json\/wp\/v2\/product_cat?post=25628"},{"taxonomy":"product_tag","embeddable":true,"href":"https:\/\/sakaba.mghosteur.com\/en\/wp-json\/wp\/v2\/product_tag?post=25628"}],"curies":[{"name":"wp","href":"https:\/\/api.w.org\/{rel}","templated":true}]}}