{"id":25630,"date":"2022-11-14T16:31:14","date_gmt":"2022-11-14T16:31:14","guid":{"rendered":"http:\/\/www.sakababeauty.com\/?post_type=product&#038;p=25630"},"modified":"2024-08-28T03:03:05","modified_gmt":"2024-08-28T03:03:05","slug":"got2b-ultra-glued-invincible-styling-gel","status":"publish","type":"product","link":"https:\/\/sakaba.mghosteur.com\/en\/product\/got2b-ultra-glued-invincible-styling-gel\/","title":{"rendered":"Got2b Ultra Glued invincible Styling Gel"},"content":{"rendered":"<p>Non collant, ne s&#8217;\u00e9caille pas, tenue folle. Sensation de gel, tenue comme de la colle. Pour la tenue de gel la plus forte jamais vue et cimenter le style individuel. Got 2b Ultra Glued Invincible Styling Gel, pour la tenue de gel la plus forte jamais vue et cimenter le style individuel. Pour les styles verticaux Non collant, ne s&#8217;\u00e9caille pas, tenue folle. Sensation de gel, tenue comme de la colle.<\/p>","protected":false},"excerpt":{"rendered":"<p>Non collant, ne s&#8217;\u00e9caille pas, tenue folle. Sensation de gel, tenue comme de la colle. Pour la tenue de gel la plus forte jamais vue et cimenter le style individuel. Got 2b Ultra Glued Invincible Styling Gel, pour la tenue de gel la plus forte jamais vue et cimenter le style individuel. Pour les styles<span class=\"read-more-faq\"><a href=\"https:\/\/sakaba.mghosteur.com\/en\/product\/got2b-ultra-glued-invincible-styling-gel\/\">Read More<\/a><\/span><\/p>","protected":false},"featured_media":0,"comment_status":"closed","ping_status":"closed","template":"","meta":[],"product_brand":[],"product_cat":[284,336],"product_tag":[],"class_list":{"0":"post-25630","1":"product","2":"type-product","3":"status-publish","5":"product_cat-aad-cheveux","6":"product_cat-coiffant-fixant","8":"first","9":"instock","10":"shipping-taxable","11":"product-type-simple"},"jetpack-related-posts":[{"id":26096,"url":"https:\/\/sakaba.mghosteur.com\/en\/product\/mielle-honey-ginger-styling-gel\/","url_meta":{"origin":25630,"position":0},"title":"MIELLE HONEY &amp; GINGER STYLING GEL","author":"admin","date":"November 24, 2022","format":false,"excerpt":"Obtenez les coiffures que vous aimez tout en favorisant des cheveux plus sains et plus forts avec le gel coiffant au miel et au gingembre de Mielle. La formule est compos\u00e9e d'ingr\u00e9dients certifi\u00e9s biologiques, notamment du miel, du gingembre, de l'extrait d'alo\u00e8s et de l'huile de babassu. Ces ingr\u00e9dients naturels\u2026","rel":"","context":"Similar post","block_context":{"text":"Similar post","link":""},"img":{"alt_text":"","src":"","width":0,"height":0},"classes":[]},{"id":25612,"url":"https:\/\/sakaba.mghosteur.com\/en\/product\/got2b-glued-blasting-freeze-spray\/","url_meta":{"origin":25630,"position":1},"title":"Got2b Glued Blasting Freeze Spray","author":"admin","date":"November 14, 2022","format":false,"excerpt":"Le spray fixateur Got2b Glued Blasting Freeze est un produit de coiffage indispensable pour tous ceux qui cherchent \u00e0 cr\u00e9er une coiffure longue tenue et \u00e0 tenue forte. Ce spray est con\u00e7u pour offrir une tenue forte qui ne vous laissera pas tomber, m\u00eame dans les conditions les plus extr\u00eames.\u2026","rel":"","context":"Similar post","block_context":{"text":"Similar post","link":""},"img":{"alt_text":"","src":"","width":0,"height":0},"classes":[]},{"id":25951,"url":"https:\/\/sakaba.mghosteur.com\/en\/product\/mielle-rosemary-mint-creme\/","url_meta":{"origin":25630,"position":2},"title":"MIELLE ROSEMARY MINT STYLING CREAM","author":"admin","date":"November 23, 2022","format":false,"excerpt":"La cr\u00e8me coiffante quotidienne au romarin et \u00e0 la menthe de Mielle est une cr\u00e8me gel \u00e0 double usage con\u00e7ue pour vous aider \u00e0 obtenir des coiffures impeccables et des cheveux plus sains ! Fabriqu\u00e9e \u00e0 partir d'ingr\u00e9dients certifi\u00e9s biologiques, cette formule personnalis\u00e9e hydrate et nourrit vos cheveux sans les\u2026","rel":"","context":"Similar post","block_context":{"text":"Similar post","link":""},"img":{"alt_text":"","src":"","width":0,"height":0},"classes":[]},{"id":25621,"url":"https:\/\/sakaba.mghosteur.com\/en\/product\/eco-style-olive-oil-professional-styling-gel\/","url_meta":{"origin":25630,"position":3},"title":"ECO STYLE Olive Oil Professional Styling Gel","author":"admin","date":"November 14, 2022","format":false,"excerpt":"","rel":"","context":"Similar post","block_context":{"text":"Similar post","link":""},"img":{"alt_text":"","src":"","width":0,"height":0},"classes":[]},{"id":24017,"url":"https:\/\/sakaba.mghosteur.com\/en\/product\/neutrogene-hydro-boost-body-gel-cream\/","url_meta":{"origin":25630,"position":4},"title":"NEUTROGENA Hydro Boost Body gel Cream","author":"admin","date":"November 9, 2022","format":false,"excerpt":"Le Gel-cr\u00e8me corporel Hydro Boost de Neutrogena est un produit de soin du corps expert en hydratation, con\u00e7u pour apporter une expertise avanc\u00e9e en mati\u00e8re d'hydratation du visage aux soins du corps. Cette formule ultra-l\u00e9g\u00e8re et rafra\u00eechissante est aliment\u00e9e par de l'acide hyaluronique, capable de retenir jusqu'\u00e0 1000 fois son\u2026","rel":"","context":"Similar post","block_context":{"text":"Similar post","link":""},"img":{"alt_text":"","src":"","width":0,"height":0},"classes":[]},{"id":24304,"url":"https:\/\/sakaba.mghosteur.com\/en\/product\/neutrogena-soothing-clear-turmeric-oil-free-gel-moisturizer\/","url_meta":{"origin":25630,"position":5},"title":"Neutrogena Soothing Clear Turmeric oil-free gel moisturizer","author":"admin","date":"November 9, 2022","format":false,"excerpt":"Offrez \u00e0 votre peau une hydratation et une sensation de confort avec l'hydratant pour le visage au gel de curcuma apaisant et nourrissant de Neutrogena. Ce gel hydratant pour le visage est sp\u00e9cialement con\u00e7u pour les peaux mixtes, d\u00e9shydrat\u00e9es ou \u00e0 tendance acn\u00e9ique. Il est formul\u00e9 avec du curcuma, reconnu\u2026","rel":"","context":"Similar post","block_context":{"text":"Similar post","link":""},"img":{"alt_text":"","src":"","width":0,"height":0},"classes":[]}],"_links":{"self":[{"href":"https:\/\/sakaba.mghosteur.com\/en\/wp-json\/wp\/v2\/product\/25630","targetHints":{"allow":["GET"]}}],"collection":[{"href":"https:\/\/sakaba.mghosteur.com\/en\/wp-json\/wp\/v2\/product"}],"about":[{"href":"https:\/\/sakaba.mghosteur.com\/en\/wp-json\/wp\/v2\/types\/product"}],"replies":[{"embeddable":true,"href":"https:\/\/sakaba.mghosteur.com\/en\/wp-json\/wp\/v2\/comments?post=25630"}],"version-history":[{"count":0,"href":"https:\/\/sakaba.mghosteur.com\/en\/wp-json\/wp\/v2\/product\/25630\/revisions"}],"wp:attachment":[{"href":"https:\/\/sakaba.mghosteur.com\/en\/wp-json\/wp\/v2\/media?parent=25630"}],"wp:term":[{"taxonomy":"product_brand","embeddable":true,"href":"https:\/\/sakaba.mghosteur.com\/en\/wp-json\/wp\/v2\/product_brand?post=25630"},{"taxonomy":"product_cat","embeddable":true,"href":"https:\/\/sakaba.mghosteur.com\/en\/wp-json\/wp\/v2\/product_cat?post=25630"},{"taxonomy":"product_tag","embeddable":true,"href":"https:\/\/sakaba.mghosteur.com\/en\/wp-json\/wp\/v2\/product_tag?post=25630"}],"curies":[{"name":"wp","href":"https:\/\/api.w.org\/{rel}","templated":true}]}}