{"id":25632,"date":"2022-11-14T16:33:00","date_gmt":"2022-11-14T16:33:00","guid":{"rendered":"http:\/\/www.sakababeauty.com\/?post_type=product&#038;p=25632"},"modified":"2022-11-14T16:33:01","modified_gmt":"2022-11-14T16:33:01","slug":"rasta-locks-twist-jamaican-mango-lime-locking-hair-gel","status":"publish","type":"product","link":"https:\/\/sakaba.mghosteur.com\/en\/product\/rasta-locks-twist-jamaican-mango-lime-locking-hair-gel\/","title":{"rendered":"Rasta Locks &#038; Twist Jamaican Mango &#038; Lime Locking Hair Gel"},"content":{"rendered":"","protected":false},"excerpt":{"rendered":"","protected":false},"featured_media":0,"comment_status":"closed","ping_status":"closed","template":"","meta":[],"product_brand":[],"product_cat":[558],"product_tag":[],"class_list":{"0":"post-25632","1":"product","2":"type-product","3":"status-publish","5":"product_cat-produits-coiffants","7":"first","8":"instock","9":"shipping-taxable","10":"product-type-simple"},"jetpack-related-posts":[{"id":34745,"url":"https:\/\/sakaba.mghosteur.com\/en\/product\/jamaican-black-castor-oil-gm\/","url_meta":{"origin":25632,"position":0},"title":"SUNNY ISLE JAMAICAN BLACK CASTOR OIL GM","author":"admin","date":"May 31, 2024","format":false,"excerpt":"Sunny Isle The Original Jamaican Black Castor Oil is a hair oil that is made from pure Jamaican black castor seeds.\u00a0It is rich in nutrients such as omega fatty acids, vitamin E, and minerals, and is designed to moisturize dry hair, reduce breakage, and help repair damaged strands.\u00a0It has a\u2026","rel":"","context":"Similar post","block_context":{"text":"Similar post","link":""},"img":{"alt_text":"","src":"","width":0,"height":0},"classes":[]},{"id":26134,"url":"https:\/\/sakaba.mghosteur.com\/en\/product\/sunny-kle-extra-dark-hair-food-pomade\/","url_meta":{"origin":25632,"position":1},"title":"SUNNY ISLE EXTRA DARK HAIR FOOD POMADE","author":"admin","date":"November 24, 2022","format":false,"excerpt":"La pommade capillaire Sunny Isle Extra Dark Jamaican Black Castor Oil est une pommade 100 % naturelle qui peut hydrater le cuir chevelu sec, pr\u00e9venir la casse des cheveux et lutter contre les pellicules. Elle convient \u00e9galement aux cheveux naturels ou en transition et peut ajouter de la d\u00e9finition et\u2026","rel":"","context":"Similar post","block_context":{"text":"Similar post","link":""},"img":{"alt_text":"","src":"","width":0,"height":0},"classes":[]},{"id":25784,"url":"https:\/\/sakaba.mghosteur.com\/en\/product\/ogx-finishing-mist-locking-coconut-curls\/","url_meta":{"origin":25632,"position":2},"title":"OGX Finishing Mist, Locking + Coconut Curls","author":"admin","date":"November 22, 2022","format":false,"excerpt":"Resserrez vos boucles avec notre brume de finition OGX Locking + Coconut Curls, \u00e0 base d'huile de coco et d'extrait de jasmin pour une finition lisse et une tenue solide sans craquement ! Utilisez-la pour terminer votre coiffure boucl\u00e9e ou rafra\u00eechir les boucles du deuxi\u00e8me jour. M\u00e9lang\u00e9 avec de l'huile\u2026","rel":"","context":"Similar post","block_context":{"text":"Similar post","link":""},"img":{"alt_text":"","src":"","width":0,"height":0},"classes":[]},{"id":34748,"url":"https:\/\/sakaba.mghosteur.com\/en\/product\/jamaican-black-castor-oil-pm\/","url_meta":{"origin":25632,"position":3},"title":"JAMAICAN BLACK CASTOR OIL PM","author":"admin","date":"May 31, 2024","format":false,"excerpt":"","rel":"","context":"Similar post","block_context":{"text":"Similar post","link":""},"img":{"alt_text":"","src":"","width":0,"height":0},"classes":[]},{"id":25756,"url":"https:\/\/sakaba.mghosteur.com\/en\/product\/okay-black-jamaican-castor-oil-leave-in-conditioner\/","url_meta":{"origin":25632,"position":4},"title":"OKAY BLACK JAMAICAN CASTOR OIL  LEAVE IN CONDITIONER","author":"admin","date":"November 22, 2022","format":false,"excerpt":"","rel":"","context":"Similar post","block_context":{"text":"Similar post","link":""},"img":{"alt_text":"","src":"","width":0,"height":0},"classes":[]},{"id":25905,"url":"https:\/\/sakaba.mghosteur.com\/en\/product\/sheamoisture-jamaican-black-castor-oil-strengthen-restore-edge-treatment\/","url_meta":{"origin":25632,"position":5},"title":"SheaMoisture Jamaican Black Castor Oil Strengthen &#038; Restore Edge Treatment","author":"admin","date":"November 23, 2022","format":false,"excerpt":"","rel":"","context":"Similar post","block_context":{"text":"Similar post","link":""},"img":{"alt_text":"","src":"","width":0,"height":0},"classes":[]}],"_links":{"self":[{"href":"https:\/\/sakaba.mghosteur.com\/en\/wp-json\/wp\/v2\/product\/25632","targetHints":{"allow":["GET"]}}],"collection":[{"href":"https:\/\/sakaba.mghosteur.com\/en\/wp-json\/wp\/v2\/product"}],"about":[{"href":"https:\/\/sakaba.mghosteur.com\/en\/wp-json\/wp\/v2\/types\/product"}],"replies":[{"embeddable":true,"href":"https:\/\/sakaba.mghosteur.com\/en\/wp-json\/wp\/v2\/comments?post=25632"}],"version-history":[{"count":0,"href":"https:\/\/sakaba.mghosteur.com\/en\/wp-json\/wp\/v2\/product\/25632\/revisions"}],"wp:attachment":[{"href":"https:\/\/sakaba.mghosteur.com\/en\/wp-json\/wp\/v2\/media?parent=25632"}],"wp:term":[{"taxonomy":"product_brand","embeddable":true,"href":"https:\/\/sakaba.mghosteur.com\/en\/wp-json\/wp\/v2\/product_brand?post=25632"},{"taxonomy":"product_cat","embeddable":true,"href":"https:\/\/sakaba.mghosteur.com\/en\/wp-json\/wp\/v2\/product_cat?post=25632"},{"taxonomy":"product_tag","embeddable":true,"href":"https:\/\/sakaba.mghosteur.com\/en\/wp-json\/wp\/v2\/product_tag?post=25632"}],"curies":[{"name":"wp","href":"https:\/\/api.w.org\/{rel}","templated":true}]}}