{"id":25642,"date":"2022-11-14T16:40:21","date_gmt":"2022-11-14T16:40:21","guid":{"rendered":"http:\/\/www.sakababeauty.com\/?post_type=product&#038;p=25642"},"modified":"2022-11-14T16:40:21","modified_gmt":"2022-11-14T16:40:21","slug":"aussie-miracle-moist-conditioner","status":"publish","type":"product","link":"https:\/\/sakaba.mghosteur.com\/en\/product\/aussie-miracle-moist-conditioner\/","title":{"rendered":"AUSSIE MIRACLE MOIST CONDITIONER"},"content":{"rendered":"","protected":false},"excerpt":{"rendered":"","protected":false},"featured_media":0,"comment_status":"closed","ping_status":"closed","template":"","meta":[],"product_brand":[],"product_cat":[284],"product_tag":[],"class_list":{"0":"post-25642","1":"product","2":"type-product","3":"status-publish","5":"product_cat-aad-cheveux","7":"first","8":"instock","9":"shipping-taxable","10":"product-type-simple"},"jetpack-related-posts":[{"id":33942,"url":"https:\/\/sakaba.mghosteur.com\/en\/product\/african-pride-dream-kids-olive-miracle-detangling-moisturizing-conditioner\/","url_meta":{"origin":25642,"position":0},"title":"African Pride Dream Kids Olive miracle Detangling Moisturizing CONDITIONER","author":"admin","date":"May 24, 2024","format":false,"excerpt":"L'apr\u00e8s-shampoing d\u00e9m\u00ealant hydratant Dream Kids Olive Miracle d'African Pride est une formule unisexe qui contient de l'huile d'olive et hydrate et nourrit les boucles et les boucles des cheveux. Il peut \u00eatre utilis\u00e9 comme apr\u00e8s-shampoing sans rin\u00e7age quotidien et est excellent pour tous les styles. L'apr\u00e8s-shampoing peut \u00eatre appliqu\u00e9 sur\u2026","rel":"","context":"Similar post","block_context":{"text":"Similar post","link":""},"img":{"alt_text":"","src":"","width":0,"height":0},"classes":[]},{"id":27091,"url":"https:\/\/sakaba.mghosteur.com\/en\/product\/hadalabo-shiro-jyun\/","url_meta":{"origin":25642,"position":1},"title":"Rohto Hada Labo Shirojyun Lotion Blanchissante Moist","author":"admin","date":"November 28, 2022","format":false,"excerpt":"D\u00e9couvrez la lotion blanchissante Moist Hada Labo Shirojyun de Rohto, formul\u00e9e avec de l'arbutine, un ingr\u00e9dient naturellement blanchissant qui aide \u00e0 minimiser la formation de m\u00e9lanine. Cette lotion pour le visage est sp\u00e9cialement con\u00e7ue pour estomper les taches brunes et le teint in\u00e9gal et terne, pour un grain de peau\u2026","rel":"","context":"Similar post","block_context":{"text":"Similar post","link":""},"img":{"alt_text":"","src":"","width":0,"height":0},"classes":[]},{"id":26472,"url":"https:\/\/sakaba.mghosteur.com\/en\/product\/miracles-cleansing-bar\/","url_meta":{"origin":25642,"position":2},"title":"MIRACLES CLEANSING BAR","author":"admin","date":"November 25, 2022","format":false,"excerpt":"","rel":"","context":"Similar post","block_context":{"text":"Similar post","link":""},"img":{"alt_text":"","src":"","width":0,"height":0},"classes":[]},{"id":27625,"url":"https:\/\/sakaba.mghosteur.com\/en\/product\/primera-miracle-seed-essence\/","url_meta":{"origin":25642,"position":3},"title":"PRIMERA MIRACLE SEED ESSENCE","author":"admin","date":"November 29, 2022","format":false,"excerpt":"","rel":"","context":"Similar post","block_context":{"text":"Similar post","link":""},"img":{"alt_text":"","src":"","width":0,"height":0},"classes":[]},{"id":26452,"url":"https:\/\/sakaba.mghosteur.com\/en\/product\/super-miracle-spot-all-kill-cream15\/","url_meta":{"origin":25642,"position":4},"title":"SUPER MIRACLE SPOT ALL KILL CREAM15","author":"admin","date":"November 25, 2022","format":false,"excerpt":"","rel":"","context":"Similar post","block_context":{"text":"Similar post","link":""},"img":{"alt_text":"","src":"","width":0,"height":0},"classes":[]},{"id":26382,"url":"https:\/\/sakaba.mghosteur.com\/en\/product\/miracle-serum-30-days-aha-bha-pha\/","url_meta":{"origin":25642,"position":5},"title":"MIRACLE SERUM 30 DAYS AHA BHA PHA","author":"admin","date":"November 25, 2022","format":false,"excerpt":"","rel":"","context":"Similar post","block_context":{"text":"Similar post","link":""},"img":{"alt_text":"","src":"","width":0,"height":0},"classes":[]}],"_links":{"self":[{"href":"https:\/\/sakaba.mghosteur.com\/en\/wp-json\/wp\/v2\/product\/25642","targetHints":{"allow":["GET"]}}],"collection":[{"href":"https:\/\/sakaba.mghosteur.com\/en\/wp-json\/wp\/v2\/product"}],"about":[{"href":"https:\/\/sakaba.mghosteur.com\/en\/wp-json\/wp\/v2\/types\/product"}],"replies":[{"embeddable":true,"href":"https:\/\/sakaba.mghosteur.com\/en\/wp-json\/wp\/v2\/comments?post=25642"}],"version-history":[{"count":0,"href":"https:\/\/sakaba.mghosteur.com\/en\/wp-json\/wp\/v2\/product\/25642\/revisions"}],"wp:attachment":[{"href":"https:\/\/sakaba.mghosteur.com\/en\/wp-json\/wp\/v2\/media?parent=25642"}],"wp:term":[{"taxonomy":"product_brand","embeddable":true,"href":"https:\/\/sakaba.mghosteur.com\/en\/wp-json\/wp\/v2\/product_brand?post=25642"},{"taxonomy":"product_cat","embeddable":true,"href":"https:\/\/sakaba.mghosteur.com\/en\/wp-json\/wp\/v2\/product_cat?post=25642"},{"taxonomy":"product_tag","embeddable":true,"href":"https:\/\/sakaba.mghosteur.com\/en\/wp-json\/wp\/v2\/product_tag?post=25642"}],"curies":[{"name":"wp","href":"https:\/\/api.w.org\/{rel}","templated":true}]}}