{"id":25644,"date":"2022-11-14T16:42:50","date_gmt":"2022-11-14T16:42:50","guid":{"rendered":"http:\/\/www.sakababeauty.com\/?post_type=product&#038;p=25644"},"modified":"2024-09-01T02:26:50","modified_gmt":"2024-09-01T02:26:50","slug":"sea-breeze-professional-astringent","status":"publish","type":"product","link":"https:\/\/sakaba.mghosteur.com\/en\/product\/sea-breeze-professional-astringent\/","title":{"rendered":"Sea Breeze Professional Astringent"},"content":{"rendered":"<p>Sea Breeze pour un soin professionnel &#8211; pour un traitement professionnel du cuir chevelu, utilisez Sea Breeze Astringent comme pr\u00e9-shampoing ou comme massage du cuir chevelu. Il \u00e9limine en douceur l&#8217;exc\u00e8s de s\u00e9bum terne et les cuticules s\u00e8ches du cuir chevelu pour un shampooing plus complet et des cheveux propres et d&#8217;apparence saine. Rafra\u00eechit le front apr\u00e8s la permanente et la coloration des cheveux. Ongles &#8211; assainissez et nettoyez les plaques \u00e0 ongles avant l&#8217;application d&#8217;ongles artificiels ou avant l&#8217;application de vernis \u00e0 ongles &#8211; aide tous les produits \u00e0 mieux adh\u00e9rer \u00e0 la plaque \u00e0 ongles.<\/p>","protected":false},"excerpt":{"rendered":"<p>Sea Breeze pour un soin professionnel &#8211; pour un traitement professionnel du cuir chevelu, utilisez Sea Breeze Astringent comme pr\u00e9-shampoing ou comme massage du cuir chevelu. Il \u00e9limine en douceur l&#8217;exc\u00e8s de s\u00e9bum terne et les cuticules s\u00e8ches du cuir chevelu pour un shampooing plus complet et des cheveux propres et d&#8217;apparence saine. Rafra\u00eechit le<span class=\"read-more-faq\"><a href=\"https:\/\/sakaba.mghosteur.com\/en\/product\/sea-breeze-professional-astringent\/\">Read More<\/a><\/span><\/p>","protected":false},"featured_media":0,"comment_status":"closed","ping_status":"closed","template":"","meta":[],"product_brand":[],"product_cat":[284,368],"product_tag":[],"class_list":{"0":"post-25644","1":"product","2":"type-product","3":"status-publish","5":"product_cat-aad-cheveux","6":"product_cat-shampoing-et-apres-shampoing","8":"first","9":"instock","10":"shipping-taxable","11":"product-type-simple"},"jetpack-related-posts":[{"id":27266,"url":"https:\/\/sakaba.mghosteur.com\/en\/product\/the-inkey-list-caffeine-stimulating\/","url_meta":{"origin":25644,"position":0},"title":"THE INKEY LIST CAFFEINE STIMULATING","author":"admin","date":"November 29, 2022","format":false,"excerpt":"Le traitement du cuir chevelu stimulant \u00e0 la caf\u00e9ine de la marque The Inkey List est un produit de soin de nuit innovant qui aide \u00e0 revitaliser et \u00e0 renforcer votre cuir chevelu pour favoriser une croissance saine des cheveux. Ce traitement contient de la poudre de caf\u00e9ine et un\u2026","rel":"","context":"Similar post","block_context":{"text":"Similar post","link":""},"img":{"alt_text":"","src":"","width":0,"height":0},"classes":[]},{"id":31683,"url":"https:\/\/sakaba.mghosteur.com\/en\/product\/sulfur8-medicated-light-formula-anti-dandruff\/","url_meta":{"origin":25644,"position":1},"title":"SULFUR8 MEDICATED LIGHT FORMULA ANTI DANDRUFF","author":"admin","date":"May 10, 2024","format":false,"excerpt":"Shampooing m\u00e9dicamenteux et revitalisant du cuir chevelu Sulfur 8. Sa formule l\u00e9g\u00e8re au soufre-8 offre une hydratation et un adoucissement aux cheveux secs et au cuir chevelu, sans les alourdir. Cette solution embellit les cheveux tout en les rendant plus faciles \u00e0 coiffer et en ajoutant de la brillance. Adapt\u00e9\u2026","rel":"","context":"Similar post","block_context":{"text":"Similar post","link":""},"img":{"alt_text":"","src":"","width":0,"height":0},"classes":[]},{"id":29792,"url":"https:\/\/sakaba.mghosteur.com\/en\/product\/solgar-skin-nails-hair\/","url_meta":{"origin":25644,"position":2},"title":"SOLGAR SKIN NAILS &#038; HAIR","author":"admin","date":"April 25, 2023","format":false,"excerpt":"D\u00e9couvrez les comprim\u00e9s Peau, Ongles & Cheveux de la marque Solgar, con\u00e7us pour aider \u00e0 maintenir une peau jeune et \u00e9clatante, des cheveux brillants et des ongles sains. Cette formule unique est sp\u00e9cialement con\u00e7ue pour pr\u00e9server votre beaut\u00e9 naturelle de l'int\u00e9rieur en augmentant la production de collag\u00e8ne et de k\u00e9ratine.\u2026","rel":"","context":"Similar post","block_context":{"text":"Similar post","link":""},"img":{"alt_text":"","src":"","width":0,"height":0},"classes":[]},{"id":31680,"url":"https:\/\/sakaba.mghosteur.com\/en\/product\/sulfur8-medicated-deep-cleaning-shampoo-340ml\/","url_meta":{"origin":25644,"position":3},"title":"SULFUR8 MEDICATED DEEP CLEANING SHAMPOO 340ML","author":"admin","date":"May 10, 2024","format":false,"excerpt":"D\u00e9couvrez Sulfur 8, un shampooing efficace con\u00e7u pour \u00e9liminer les pellicules des cheveux et du cuir chevelu. Sa formule sp\u00e9ciale aide \u00e0 restaurer l'\u00e9quilibre naturel du cuir chevelu tout en laissant les cheveux doux et facilement coiffables. Les points forts de Sulfur 8 : - \u00c9limine efficacement les pellicules -\u2026","rel":"","context":"Similar post","block_context":{"text":"Similar post","link":""},"img":{"alt_text":"","src":"","width":0,"height":0},"classes":[]},{"id":31675,"url":"https:\/\/sakaba.mghosteur.com\/en\/product\/sulfur8-medicated-deep-cleaning-shampoo-222ml\/","url_meta":{"origin":25644,"position":4},"title":"SULFUR8 MEDICATED DEEP CLEANING SHAMPOO 222ML","author":"admin","date":"May 10, 2024","format":false,"excerpt":"D\u00e9couvrez Sulfur 8, un shampooing efficace con\u00e7u pour \u00e9liminer les pellicules des cheveux et du cuir chevelu. Sa formule sp\u00e9ciale aide \u00e0 restaurer l'\u00e9quilibre naturel du cuir chevelu tout en laissant les cheveux doux et facilement coiffables. Les points forts de Sulfur 8 : - \u00c9limine efficacement les pellicules -\u2026","rel":"","context":"Similar post","block_context":{"text":"Similar post","link":""},"img":{"alt_text":"","src":"","width":0,"height":0},"classes":[]},{"id":31990,"url":"https:\/\/sakaba.mghosteur.com\/en\/product\/camille-rose-super-foods-supports-longer-stronger\/","url_meta":{"origin":25644,"position":5},"title":"CAMILLE ROSE SUPER FOODS HAIR &amp; NAILS","author":"admin","date":"May 13, 2024","format":false,"excerpt":"Un m\u00e9lange r\u00e9volutionnaire con\u00e7u pour nourrir et rehausser la beaut\u00e9 naturelle de vos cheveux et de vos ongles. Infus\u00e9e de la puissance des superaliments riches en nutriments, cette formule exceptionnelle vous fera sentir confiante et radieuse de l'int\u00e9rieur. Regorgeant d'ingr\u00e9dients essentiels comme la biotine, le collag\u00e8ne et les vitamines A,\u2026","rel":"","context":"Similar post","block_context":{"text":"Similar post","link":""},"img":{"alt_text":"","src":"","width":0,"height":0},"classes":[]}],"_links":{"self":[{"href":"https:\/\/sakaba.mghosteur.com\/en\/wp-json\/wp\/v2\/product\/25644","targetHints":{"allow":["GET"]}}],"collection":[{"href":"https:\/\/sakaba.mghosteur.com\/en\/wp-json\/wp\/v2\/product"}],"about":[{"href":"https:\/\/sakaba.mghosteur.com\/en\/wp-json\/wp\/v2\/types\/product"}],"replies":[{"embeddable":true,"href":"https:\/\/sakaba.mghosteur.com\/en\/wp-json\/wp\/v2\/comments?post=25644"}],"version-history":[{"count":0,"href":"https:\/\/sakaba.mghosteur.com\/en\/wp-json\/wp\/v2\/product\/25644\/revisions"}],"wp:attachment":[{"href":"https:\/\/sakaba.mghosteur.com\/en\/wp-json\/wp\/v2\/media?parent=25644"}],"wp:term":[{"taxonomy":"product_brand","embeddable":true,"href":"https:\/\/sakaba.mghosteur.com\/en\/wp-json\/wp\/v2\/product_brand?post=25644"},{"taxonomy":"product_cat","embeddable":true,"href":"https:\/\/sakaba.mghosteur.com\/en\/wp-json\/wp\/v2\/product_cat?post=25644"},{"taxonomy":"product_tag","embeddable":true,"href":"https:\/\/sakaba.mghosteur.com\/en\/wp-json\/wp\/v2\/product_tag?post=25644"}],"curies":[{"name":"wp","href":"https:\/\/api.w.org\/{rel}","templated":true}]}}