{"id":25646,"date":"2022-11-14T16:47:34","date_gmt":"2022-11-14T16:47:34","guid":{"rendered":"http:\/\/www.sakababeauty.com\/?post_type=product&#038;p=25646"},"modified":"2022-11-14T16:47:34","modified_gmt":"2022-11-14T16:47:34","slug":"tresemme-total-volume-hair-spray","status":"publish","type":"product","link":"https:\/\/sakaba.mghosteur.com\/en\/product\/tresemme-total-volume-hair-spray\/","title":{"rendered":"TRESEMME TOTAL VOLUME HAIR SPRAY"},"content":{"rendered":"","protected":false},"excerpt":{"rendered":"","protected":false},"featured_media":0,"comment_status":"closed","ping_status":"closed","template":"","meta":[],"product_brand":[],"product_cat":[284],"product_tag":[],"class_list":{"0":"post-25646","1":"product","2":"type-product","3":"status-publish","5":"product_cat-aad-cheveux","7":"first","8":"instock","9":"shipping-taxable","10":"product-type-simple"},"jetpack-related-posts":[{"id":28405,"url":"https:\/\/sakaba.mghosteur.com\/en\/product\/scotch-porter-beard-hair-conditioner-spray\/","url_meta":{"origin":25646,"position":0},"title":"SCOTCH PORTER BEARD &#038; HAIR CONDITIONER SPRAY","author":"admin","date":"November 30, 2022","format":false,"excerpt":"","rel":"","context":"Similar post","block_context":{"text":"Similar post","link":""},"img":{"alt_text":"","src":"","width":0,"height":0},"classes":[]},{"id":28414,"url":"https:\/\/sakaba.mghosteur.com\/en\/product\/scotch-porter-beard-hair-conditioner-spray-2\/","url_meta":{"origin":25646,"position":1},"title":"SCOTCH PORTER BEARD &#038; HAIR CONDITIONER SPRAY","author":"admin","date":"November 30, 2022","format":false,"excerpt":"","rel":"","context":"Similar post","block_context":{"text":"Similar post","link":""},"img":{"alt_text":"","src":"","width":0,"height":0},"classes":[]},{"id":23849,"url":"https:\/\/sakaba.mghosteur.com\/en\/product\/dark-and-lovely-go-intense-temporary-hair-color-sprays\/","url_meta":{"origin":25646,"position":2},"title":"Dark and Lovely Go Intense Temporary Hair Color Sprays","author":"admin","date":"November 8, 2022","format":false,"excerpt":"","rel":"","context":"Similar post","block_context":{"text":"Similar post","link":""},"img":{"alt_text":"","src":"","width":0,"height":0},"classes":[]},{"id":27049,"url":"https:\/\/sakaba.mghosteur.com\/en\/product\/tresemme-used-by-professionals-2-in-1\/","url_meta":{"origin":25646,"position":3},"title":"Tresemm\u00e9 used by professionals 2 in 1","author":"admin","date":"November 28, 2022","format":false,"excerpt":"","rel":"","context":"Similar post","block_context":{"text":"Similar post","link":""},"img":{"alt_text":"","src":"","width":0,"height":0},"classes":[]},{"id":27233,"url":"https:\/\/sakaba.mghosteur.com\/en\/product\/the-inkey-list-peptide-volumizing-hair-treatment\/","url_meta":{"origin":25646,"position":4},"title":"THE INKEY LIST PEPTIDE VOLUMIZING HAIR TREATMENT","author":"admin","date":"November 29, 2022","format":false,"excerpt":"Le traitement capillaire volumateur aux peptides de la marque The Inkey List est la solution id\u00e9ale pour les personnes ayant des cheveux mous et fins qui cherchent \u00e0 leur donner une apparence plus volumineuse. Ce s\u00e9rum l\u00e9ger contient des peptides, qui sont des cha\u00eenes d'acides amin\u00e9s naturellement pr\u00e9sents dans les\u2026","rel":"","context":"Similar post","block_context":{"text":"Similar post","link":""},"img":{"alt_text":"","src":"","width":0,"height":0},"classes":[]},{"id":25639,"url":"https:\/\/sakaba.mghosteur.com\/en\/product\/girls-with-curls-curl-boost-spray-spray-bouclant\/","url_meta":{"origin":25646,"position":5},"title":"GIRLS WITH CURLS CURL BOOST SPRAY SPRAY BOUCLANT","author":"admin","date":"November 14, 2022","format":false,"excerpt":"","rel":"","context":"Similar post","block_context":{"text":"Similar post","link":""},"img":{"alt_text":"","src":"","width":0,"height":0},"classes":[]}],"_links":{"self":[{"href":"https:\/\/sakaba.mghosteur.com\/en\/wp-json\/wp\/v2\/product\/25646","targetHints":{"allow":["GET"]}}],"collection":[{"href":"https:\/\/sakaba.mghosteur.com\/en\/wp-json\/wp\/v2\/product"}],"about":[{"href":"https:\/\/sakaba.mghosteur.com\/en\/wp-json\/wp\/v2\/types\/product"}],"replies":[{"embeddable":true,"href":"https:\/\/sakaba.mghosteur.com\/en\/wp-json\/wp\/v2\/comments?post=25646"}],"version-history":[{"count":0,"href":"https:\/\/sakaba.mghosteur.com\/en\/wp-json\/wp\/v2\/product\/25646\/revisions"}],"wp:attachment":[{"href":"https:\/\/sakaba.mghosteur.com\/en\/wp-json\/wp\/v2\/media?parent=25646"}],"wp:term":[{"taxonomy":"product_brand","embeddable":true,"href":"https:\/\/sakaba.mghosteur.com\/en\/wp-json\/wp\/v2\/product_brand?post=25646"},{"taxonomy":"product_cat","embeddable":true,"href":"https:\/\/sakaba.mghosteur.com\/en\/wp-json\/wp\/v2\/product_cat?post=25646"},{"taxonomy":"product_tag","embeddable":true,"href":"https:\/\/sakaba.mghosteur.com\/en\/wp-json\/wp\/v2\/product_tag?post=25646"}],"curies":[{"name":"wp","href":"https:\/\/api.w.org\/{rel}","templated":true}]}}