{"id":25665,"date":"2022-11-14T17:04:13","date_gmt":"2022-11-14T17:04:13","guid":{"rendered":"http:\/\/www.sakababeauty.com\/?post_type=product&#038;p=25665"},"modified":"2022-11-14T17:04:13","modified_gmt":"2022-11-14T17:04:13","slug":"ampro-clear-ice-coconut-oil-styling-gel-packet","status":"publish","type":"product","link":"https:\/\/sakaba.mghosteur.com\/en\/product\/ampro-clear-ice-coconut-oil-styling-gel-packet\/","title":{"rendered":"Ampro Clear Ice Coconut Oil Styling Gel, Packet"},"content":{"rendered":"","protected":false},"excerpt":{"rendered":"","protected":false},"featured_media":0,"comment_status":"closed","ping_status":"closed","template":"","meta":[],"product_brand":[],"product_cat":[558],"product_tag":[],"class_list":{"0":"post-25665","1":"product","2":"type-product","3":"status-publish","5":"product_cat-produits-coiffants","7":"first","8":"instock","9":"shipping-taxable","10":"product-type-simple"},"jetpack-related-posts":[{"id":25621,"url":"https:\/\/sakaba.mghosteur.com\/en\/product\/eco-style-olive-oil-professional-styling-gel\/","url_meta":{"origin":25665,"position":0},"title":"ECO STYLE Olive Oil Professional Styling Gel","author":"admin","date":"November 14, 2022","format":false,"excerpt":"","rel":"","context":"Similar post","block_context":{"text":"Similar post","link":""},"img":{"alt_text":"","src":"","width":0,"height":0},"classes":[]},{"id":24304,"url":"https:\/\/sakaba.mghosteur.com\/en\/product\/neutrogena-soothing-clear-turmeric-oil-free-gel-moisturizer\/","url_meta":{"origin":25665,"position":1},"title":"Neutrogena Soothing Clear Turmeric oil-free gel moisturizer","author":"admin","date":"November 9, 2022","format":false,"excerpt":"Offrez \u00e0 votre peau une hydratation et une sensation de confort avec l'hydratant pour le visage au gel de curcuma apaisant et nourrissant de Neutrogena. Ce gel hydratant pour le visage est sp\u00e9cialement con\u00e7u pour les peaux mixtes, d\u00e9shydrat\u00e9es ou \u00e0 tendance acn\u00e9ique. Il est formul\u00e9 avec du curcuma, reconnu\u2026","rel":"","context":"Similar post","block_context":{"text":"Similar post","link":""},"img":{"alt_text":"","src":"","width":0,"height":0},"classes":[]},{"id":25630,"url":"https:\/\/sakaba.mghosteur.com\/en\/product\/got2b-ultra-glued-invincible-styling-gel\/","url_meta":{"origin":25665,"position":2},"title":"Got2b Ultra Glued invincible Styling Gel","author":"admin","date":"November 14, 2022","format":false,"excerpt":"Non collant, ne s'\u00e9caille pas, tenue folle. Sensation de gel, tenue comme de la colle. Pour la tenue de gel la plus forte jamais vue et cimenter le style individuel. Got 2b Ultra Glued Invincible Styling Gel, pour la tenue de gel la plus forte jamais vue et cimenter le\u2026","rel":"","context":"Similar post","block_context":{"text":"Similar post","link":""},"img":{"alt_text":"","src":"","width":0,"height":0},"classes":[]},{"id":26841,"url":"https:\/\/sakaba.mghosteur.com\/en\/product\/comb-thru-wave-and-styling-gel\/","url_meta":{"origin":25665,"position":3},"title":"Comb-thru wave and styling gel","author":"admin","date":"November 28, 2022","format":false,"excerpt":"","rel":"","context":"Similar post","block_context":{"text":"Similar post","link":""},"img":{"alt_text":"","src":"","width":0,"height":0},"classes":[]},{"id":33823,"url":"https:\/\/sakaba.mghosteur.com\/en\/product\/pro-line-ii-comb-thru-wave-styling-gel\/","url_meta":{"origin":25665,"position":4},"title":"Pro-Line II Comb-Thru Wave &#038; Styling Gel","author":"admin","date":"May 23, 2024","format":false,"excerpt":"","rel":"","context":"Similar post","block_context":{"text":"Similar post","link":""},"img":{"alt_text":"","src":"","width":0,"height":0},"classes":[]},{"id":26096,"url":"https:\/\/sakaba.mghosteur.com\/en\/product\/mielle-honey-ginger-styling-gel\/","url_meta":{"origin":25665,"position":5},"title":"MIELLE HONEY &amp; GINGER STYLING GEL","author":"admin","date":"November 24, 2022","format":false,"excerpt":"Obtenez les coiffures que vous aimez tout en favorisant des cheveux plus sains et plus forts avec le gel coiffant au miel et au gingembre de Mielle. La formule est compos\u00e9e d'ingr\u00e9dients certifi\u00e9s biologiques, notamment du miel, du gingembre, de l'extrait d'alo\u00e8s et de l'huile de babassu. Ces ingr\u00e9dients naturels\u2026","rel":"","context":"Similar post","block_context":{"text":"Similar post","link":""},"img":{"alt_text":"","src":"","width":0,"height":0},"classes":[]}],"_links":{"self":[{"href":"https:\/\/sakaba.mghosteur.com\/en\/wp-json\/wp\/v2\/product\/25665","targetHints":{"allow":["GET"]}}],"collection":[{"href":"https:\/\/sakaba.mghosteur.com\/en\/wp-json\/wp\/v2\/product"}],"about":[{"href":"https:\/\/sakaba.mghosteur.com\/en\/wp-json\/wp\/v2\/types\/product"}],"replies":[{"embeddable":true,"href":"https:\/\/sakaba.mghosteur.com\/en\/wp-json\/wp\/v2\/comments?post=25665"}],"version-history":[{"count":0,"href":"https:\/\/sakaba.mghosteur.com\/en\/wp-json\/wp\/v2\/product\/25665\/revisions"}],"wp:attachment":[{"href":"https:\/\/sakaba.mghosteur.com\/en\/wp-json\/wp\/v2\/media?parent=25665"}],"wp:term":[{"taxonomy":"product_brand","embeddable":true,"href":"https:\/\/sakaba.mghosteur.com\/en\/wp-json\/wp\/v2\/product_brand?post=25665"},{"taxonomy":"product_cat","embeddable":true,"href":"https:\/\/sakaba.mghosteur.com\/en\/wp-json\/wp\/v2\/product_cat?post=25665"},{"taxonomy":"product_tag","embeddable":true,"href":"https:\/\/sakaba.mghosteur.com\/en\/wp-json\/wp\/v2\/product_tag?post=25665"}],"curies":[{"name":"wp","href":"https:\/\/api.w.org\/{rel}","templated":true}]}}