{"id":25667,"date":"2022-11-14T17:05:40","date_gmt":"2022-11-14T17:05:40","guid":{"rendered":"http:\/\/www.sakababeauty.com\/?post_type=product&#038;p=25667"},"modified":"2022-11-14T17:05:40","modified_gmt":"2022-11-14T17:05:40","slug":"okay-peppermint","status":"publish","type":"product","link":"https:\/\/sakaba.mghosteur.com\/en\/product\/okay-peppermint\/","title":{"rendered":"OKAY Peppermint"},"content":{"rendered":"","protected":false},"excerpt":{"rendered":"","protected":false},"featured_media":0,"comment_status":"closed","ping_status":"closed","template":"","meta":[],"product_brand":[],"product_cat":[284],"product_tag":[],"class_list":{"0":"post-25667","1":"product","2":"type-product","3":"status-publish","5":"product_cat-aad-cheveux","7":"first","8":"instock","9":"shipping-taxable","10":"product-type-simple"},"jetpack-related-posts":[{"id":34374,"url":"https:\/\/sakaba.mghosteur.com\/en\/product\/essential-oils-peppermint\/","url_meta":{"origin":25667,"position":0},"title":"Essential Oils Peppermint","author":"admin","date":"May 28, 2024","format":false,"excerpt":"","rel":"","context":"Similar post","block_context":{"text":"Similar post","link":""},"img":{"alt_text":"","src":"","width":0,"height":0},"classes":[]},{"id":34364,"url":"https:\/\/sakaba.mghosteur.com\/en\/product\/essential-oils-peppermint-33-oz\/","url_meta":{"origin":25667,"position":1},"title":"Essential  Oils Peppermint  33 OZ","author":"admin","date":"May 28, 2024","format":false,"excerpt":"","rel":"","context":"Similar post","block_context":{"text":"Similar post","link":""},"img":{"alt_text":"","src":"","width":0,"height":0},"classes":[]},{"id":33135,"url":"https:\/\/sakaba.mghosteur.com\/en\/product\/bath-body-twisted-peppermint\/","url_meta":{"origin":25667,"position":2},"title":"BATH &amp; BODY TWISTED PEPPERMINT","author":"admin","date":"May 20, 2024","format":false,"excerpt":"","rel":"","context":"Similar post","block_context":{"text":"Similar post","link":""},"img":{"alt_text":"","src":"","width":0,"height":0},"classes":[]},{"id":34361,"url":"https:\/\/sakaba.mghosteur.com\/en\/product\/dr-bronners-soap-bar-pure-castile-all-one-hemp-peppermint\/","url_meta":{"origin":25667,"position":3},"title":"Dr. Bronners Soap Bar Pure Castile All One Hemp &#8211; Peppermint","author":"admin","date":"May 28, 2024","format":false,"excerpt":"","rel":"","context":"Similar post","block_context":{"text":"Similar post","link":""},"img":{"alt_text":"","src":"","width":0,"height":0},"classes":[]},{"id":30072,"url":"https:\/\/sakaba.mghosteur.com\/en\/product\/pure-castile-liquid-soap-peppermint\/","url_meta":{"origin":25667,"position":4},"title":"PURE-CASTILE LIQUID SOAP Peppermint","author":"admin","date":"May 2, 2023","format":false,"excerpt":"D\u00e9couvrez le savon liquide Pure-Castile \u00e0 la menthe poivr\u00e9e de la marque Dr. Bronners. Ce produit est l'un des plus populaires de la gamme, gr\u00e2ce \u00e0 son parfum rafra\u00eechissant et stimulant d'huile de menthe poivr\u00e9e biologique pure. Le savon est concentr\u00e9, biod\u00e9gradable et efficace, et peut \u00eatre utilis\u00e9 de multiples\u2026","rel":"","context":"Similar post","block_context":{"text":"Similar post","link":""},"img":{"alt_text":"","src":"","width":0,"height":0},"classes":[]},{"id":25626,"url":"https:\/\/sakaba.mghosteur.com\/en\/product\/okay-colored-black\/","url_meta":{"origin":25667,"position":5},"title":"OKAY Colored Black","author":"admin","date":"November 14, 2022","format":false,"excerpt":"","rel":"","context":"Similar post","block_context":{"text":"Similar post","link":""},"img":{"alt_text":"","src":"","width":0,"height":0},"classes":[]}],"_links":{"self":[{"href":"https:\/\/sakaba.mghosteur.com\/en\/wp-json\/wp\/v2\/product\/25667","targetHints":{"allow":["GET"]}}],"collection":[{"href":"https:\/\/sakaba.mghosteur.com\/en\/wp-json\/wp\/v2\/product"}],"about":[{"href":"https:\/\/sakaba.mghosteur.com\/en\/wp-json\/wp\/v2\/types\/product"}],"replies":[{"embeddable":true,"href":"https:\/\/sakaba.mghosteur.com\/en\/wp-json\/wp\/v2\/comments?post=25667"}],"version-history":[{"count":0,"href":"https:\/\/sakaba.mghosteur.com\/en\/wp-json\/wp\/v2\/product\/25667\/revisions"}],"wp:attachment":[{"href":"https:\/\/sakaba.mghosteur.com\/en\/wp-json\/wp\/v2\/media?parent=25667"}],"wp:term":[{"taxonomy":"product_brand","embeddable":true,"href":"https:\/\/sakaba.mghosteur.com\/en\/wp-json\/wp\/v2\/product_brand?post=25667"},{"taxonomy":"product_cat","embeddable":true,"href":"https:\/\/sakaba.mghosteur.com\/en\/wp-json\/wp\/v2\/product_cat?post=25667"},{"taxonomy":"product_tag","embeddable":true,"href":"https:\/\/sakaba.mghosteur.com\/en\/wp-json\/wp\/v2\/product_tag?post=25667"}],"curies":[{"name":"wp","href":"https:\/\/api.w.org\/{rel}","templated":true}]}}