{"id":25687,"date":"2022-11-17T11:19:41","date_gmt":"2022-11-17T11:19:41","guid":{"rendered":"http:\/\/www.sakababeauty.com\/?post_type=product&#038;p=25687"},"modified":"2024-08-08T02:24:22","modified_gmt":"2024-08-08T02:24:22","slug":"amlactin-daily","status":"publish","type":"product","link":"https:\/\/sakaba.mghosteur.com\/en\/product\/amlactin-daily\/","title":{"rendered":"AMLACTIN DAILY"},"content":{"rendered":"","protected":false},"excerpt":{"rendered":"","protected":false},"featured_media":0,"comment_status":"closed","ping_status":"closed","template":"","meta":[],"product_brand":[],"product_cat":[447,291,1061],"product_tag":[],"class_list":{"0":"post-25687","1":"product","2":"type-product","3":"status-publish","5":"product_cat-aac-bain-et-corps","6":"product_cat-eclaircissant","7":"product_cat-lait-huile_corporelle","9":"first","10":"instock","11":"shipping-taxable","12":"product-type-simple"},"jetpack-related-posts":[{"id":24151,"url":"https:\/\/sakaba.mghosteur.com\/en\/product\/amlactin-daily-moisturizing-body-lotion-7-9-oz\/","url_meta":{"origin":25687,"position":0},"title":"Amlactin Daily Moisturizing Body Lotion, 7.9 oz.","author":"admin","date":"November 9, 2022","format":false,"excerpt":"Enrichissez votre peau au quotidien avec cette lotion exfoliante \u00e0 base d'acide lactique \u00e0 12% cliniquement prouv\u00e9. Hydrate imm\u00e9diatement et restaure l'\u00e9clat de la peau Exfolie en douceur, hydrate en profondeur Hydratation non grasse et longue dur\u00e9e Formul\u00e9 avec du lactate d'ammonium, \u00e9quivalent \u00e012 % d'acide lactique Formul\u00e9 sans parfum,\u2026","rel":"","context":"Similar post","block_context":{"text":"Similar post","link":""},"img":{"alt_text":"","src":"","width":0,"height":0},"classes":[]},{"id":31770,"url":"https:\/\/sakaba.mghosteur.com\/en\/product\/amlactic-daily-nourish-5-lactic-acid-225g\/","url_meta":{"origin":25687,"position":1},"title":"AMLACTIC DAILY NOURISH 5% LACTIC ACID 225g","author":"admin","date":"May 10, 2024","format":false,"excerpt":"","rel":"","context":"Similar post","block_context":{"text":"Similar post","link":""},"img":{"alt_text":"","src":"","width":0,"height":0},"classes":[]},{"id":31767,"url":"https:\/\/sakaba.mghosteur.com\/en\/product\/amlactic-daily-vitamin-c-7-lactic-acid-225g\/","url_meta":{"origin":25687,"position":2},"title":"AMLACTIC DAILY VITAMIN C 7% LACTIC ACID 225g","author":"admin","date":"May 10, 2024","format":false,"excerpt":"","rel":"","context":"Similar post","block_context":{"text":"Similar post","link":""},"img":{"alt_text":"","src":"","width":0,"height":0},"classes":[]},{"id":31773,"url":"https:\/\/sakaba.mghosteur.com\/en\/product\/amlactin-rapid-relief-12-lactic-acid-lotion-400g\/","url_meta":{"origin":25687,"position":3},"title":"AMLACTIN RAPID RELIEF 12% LACTIC ACID LOTION 400G","author":"admin","date":"May 10, 2024","format":false,"excerpt":"Enrichissez votre peau au quotidien avec cette lotion exfoliante \u00e0 base d'acide lactique \u00e0 12% cliniquement prouv\u00e9. Hydrate imm\u00e9diatement et restaure l'\u00e9clat de la peau Exfolie en douceur, hydrate en profondeur Hydratation non grasse et longue dur\u00e9e Formul\u00e9 avec du lactate d'ammonium, \u00e9quivalent \u00e012 % d'acide lactique Formul\u00e9 sans parfum,\u2026","rel":"","context":"Similar post","block_context":{"text":"Similar post","link":""},"img":{"alt_text":"","src":"","width":0,"height":0},"classes":[]},{"id":24142,"url":"https:\/\/sakaba.mghosteur.com\/en\/product\/amlactin-rapid-relief-15-lactic-acid-lotion-400g\/","url_meta":{"origin":25687,"position":4},"title":"AMLACTIN RAPID RELIEF 15% LACTIC ACID LOTION 400G","author":"admin","date":"November 9, 2022","format":false,"excerpt":"Description Recommand\u00e9 par les dermatologues Acide lactique \u00e0 15% pour les peaux squameuses, cendr\u00e9es et s\u00e8ches 3 c\u00e9ramides aident \u00e0 retenir l'humidit\u00e9 R\u00e9duit l'apparence des rides et des ridules Soulagement de la s\u00e9cheresse pendant 24 heures Sans parab\u00e8ne Non gras Transformez instantan\u00e9ment l'apparence de votre peau avec cette lotion r\u00e9paratrice\u2026","rel":"","context":"Similar post","block_context":{"text":"Similar post","link":""},"img":{"alt_text":"","src":"","width":0,"height":0},"classes":[]},{"id":24148,"url":"https:\/\/sakaba.mghosteur.com\/en\/product\/amlactin-rapid-relief-15-lactic-acid-lotion-225g\/","url_meta":{"origin":25687,"position":5},"title":"AMLACTIN RAPID RELIEF 15% LACTIC ACID LOTION 225G","author":"admin","date":"November 9, 2022","format":false,"excerpt":"Description Recommand\u00e9 par les dermatologues Acide lactique \u00e0 15% pour les peaux squameuses, cendr\u00e9es et s\u00e8ches 3 c\u00e9ramides aident \u00e0 retenir l'humidit\u00e9 R\u00e9duit l'apparence des rides et des ridules Soulagement de la s\u00e9cheresse pendant 24 heures Sans parab\u00e8ne Non gras Transformez instantan\u00e9ment l'apparence de votre peau avec cette lotion r\u00e9paratrice\u2026","rel":"","context":"Similar post","block_context":{"text":"Similar post","link":""},"img":{"alt_text":"","src":"","width":0,"height":0},"classes":[]}],"_links":{"self":[{"href":"https:\/\/sakaba.mghosteur.com\/en\/wp-json\/wp\/v2\/product\/25687","targetHints":{"allow":["GET"]}}],"collection":[{"href":"https:\/\/sakaba.mghosteur.com\/en\/wp-json\/wp\/v2\/product"}],"about":[{"href":"https:\/\/sakaba.mghosteur.com\/en\/wp-json\/wp\/v2\/types\/product"}],"replies":[{"embeddable":true,"href":"https:\/\/sakaba.mghosteur.com\/en\/wp-json\/wp\/v2\/comments?post=25687"}],"version-history":[{"count":0,"href":"https:\/\/sakaba.mghosteur.com\/en\/wp-json\/wp\/v2\/product\/25687\/revisions"}],"wp:attachment":[{"href":"https:\/\/sakaba.mghosteur.com\/en\/wp-json\/wp\/v2\/media?parent=25687"}],"wp:term":[{"taxonomy":"product_brand","embeddable":true,"href":"https:\/\/sakaba.mghosteur.com\/en\/wp-json\/wp\/v2\/product_brand?post=25687"},{"taxonomy":"product_cat","embeddable":true,"href":"https:\/\/sakaba.mghosteur.com\/en\/wp-json\/wp\/v2\/product_cat?post=25687"},{"taxonomy":"product_tag","embeddable":true,"href":"https:\/\/sakaba.mghosteur.com\/en\/wp-json\/wp\/v2\/product_tag?post=25687"}],"curies":[{"name":"wp","href":"https:\/\/api.w.org\/{rel}","templated":true}]}}