{"id":25694,"date":"2022-11-22T10:28:55","date_gmt":"2022-11-22T10:28:55","guid":{"rendered":"http:\/\/www.sakababeauty.com\/?post_type=product&#038;p=25694"},"modified":"2022-11-22T10:29:36","modified_gmt":"2022-11-22T10:29:36","slug":"aunt-jackies-knot-on-my-watch-instant-leave-in-detangling-therapy","status":"publish","type":"product","link":"https:\/\/sakaba.mghosteur.com\/en\/product\/aunt-jackies-knot-on-my-watch-instant-leave-in-detangling-therapy\/","title":{"rendered":"Aunt Jackie&#8217;s Knot On My Watch, Instant Leave-in Detangling Therapy"},"content":{"rendered":"","protected":false},"excerpt":{"rendered":"","protected":false},"featured_media":0,"comment_status":"closed","ping_status":"closed","template":"","meta":[],"product_brand":[],"product_cat":[284,558],"product_tag":[],"class_list":{"0":"post-25694","1":"product","2":"type-product","3":"status-publish","5":"product_cat-aad-cheveux","6":"product_cat-produits-coiffants","8":"first","9":"instock","10":"shipping-taxable","11":"product-type-simple"},"jetpack-related-posts":[{"id":25742,"url":"https:\/\/sakaba.mghosteur.com\/en\/product\/aunt-jackies-quench-leave-in-conditioner\/","url_meta":{"origin":25694,"position":0},"title":"Aunt Jackie&#8217;s Quench Leave-In Conditioner","author":"admin","date":"November 22, 2022","format":false,"excerpt":"","rel":"","context":"Similar post","block_context":{"text":"Similar post","link":""},"img":{"alt_text":"","src":"","width":0,"height":0},"classes":[]},{"id":26145,"url":"https:\/\/sakaba.mghosteur.com\/en\/product\/sunny-kle-leave-in-knot-free-forever\/","url_meta":{"origin":25694,"position":1},"title":"SUNNY ISLE LEAVE IN KNOT FREE FOREVER","author":"admin","date":"November 24, 2022","format":false,"excerpt":"Le spray revitalisant sans rin\u00e7age Knot Free Forever \u00e9limine la douleur et le temps n\u00e9cessaires au d\u00e9m\u00ealage des cheveux, permettant aux cheveux et au cuir chevelu de respirer et d'\u00eatre nettoy\u00e9s en profondeur. Il est infus\u00e9 d'huile de ricin noire jama\u00efcaine authentique et est formul\u00e9 sp\u00e9cialement pour les cheveux naturellement\u2026","rel":"","context":"Similar post","block_context":{"text":"Similar post","link":""},"img":{"alt_text":"","src":"","width":0,"height":0},"classes":[]},{"id":25748,"url":"https:\/\/sakaba.mghosteur.com\/en\/product\/aunt-jackies-curl-coils-curl-la-la\/","url_meta":{"origin":25694,"position":2},"title":"Aunt Jackie&#8217;s Curl &#038; Coils Curl La La","author":"admin","date":"November 22, 2022","format":false,"excerpt":"","rel":"","context":"Similar post","block_context":{"text":"Similar post","link":""},"img":{"alt_text":"","src":"","width":0,"height":0},"classes":[]},{"id":33731,"url":"https:\/\/sakaba.mghosteur.com\/en\/product\/aunt-jackies-soft-all-over-multi-purpose-oil\/","url_meta":{"origin":25694,"position":3},"title":"AUNT JACKIES SOFT ALL OVER  MULTI PURPOSE OIL","author":"admin","date":"May 23, 2024","format":false,"excerpt":"","rel":"","context":"Similar post","block_context":{"text":"Similar post","link":""},"img":{"alt_text":"","src":"","width":0,"height":0},"classes":[]},{"id":25746,"url":"https:\/\/sakaba.mghosteur.com\/en\/product\/aunt-jackies-curl-boss-coconut-curling-gelee\/","url_meta":{"origin":25694,"position":4},"title":"Aunt Jackie&#8217;s Curl Boss Coconut Curling Gelee","author":"admin","date":"November 22, 2022","format":false,"excerpt":"","rel":"","context":"Similar post","block_context":{"text":"Similar post","link":""},"img":{"alt_text":"","src":"","width":0,"height":0},"classes":[]},{"id":25744,"url":"https:\/\/sakaba.mghosteur.com\/en\/product\/aunt-jackies-butter-creme-intense-moisture-seasant\/","url_meta":{"origin":25694,"position":5},"title":"AUNT JACKIE&#8217;S BUTTER CREME  INTENSE MOISTURE SEASANT","author":"admin","date":"November 22, 2022","format":false,"excerpt":"Le soin hydratant intensif Butter Creme de Aunt Jackie est un soin revitalisant sans rin\u00e7age con\u00e7u pour les cheveux chroniquement secs. Il est compos\u00e9 d'huile de coco et de ricin, ainsi que de beurre de karit\u00e9, de mono\u00ef et d'extrait de romarin. Il est sans sulfate, sans parab\u00e8ne et ne\u2026","rel":"","context":"Similar post","block_context":{"text":"Similar post","link":""},"img":{"alt_text":"","src":"","width":0,"height":0},"classes":[]}],"_links":{"self":[{"href":"https:\/\/sakaba.mghosteur.com\/en\/wp-json\/wp\/v2\/product\/25694","targetHints":{"allow":["GET"]}}],"collection":[{"href":"https:\/\/sakaba.mghosteur.com\/en\/wp-json\/wp\/v2\/product"}],"about":[{"href":"https:\/\/sakaba.mghosteur.com\/en\/wp-json\/wp\/v2\/types\/product"}],"replies":[{"embeddable":true,"href":"https:\/\/sakaba.mghosteur.com\/en\/wp-json\/wp\/v2\/comments?post=25694"}],"version-history":[{"count":0,"href":"https:\/\/sakaba.mghosteur.com\/en\/wp-json\/wp\/v2\/product\/25694\/revisions"}],"wp:attachment":[{"href":"https:\/\/sakaba.mghosteur.com\/en\/wp-json\/wp\/v2\/media?parent=25694"}],"wp:term":[{"taxonomy":"product_brand","embeddable":true,"href":"https:\/\/sakaba.mghosteur.com\/en\/wp-json\/wp\/v2\/product_brand?post=25694"},{"taxonomy":"product_cat","embeddable":true,"href":"https:\/\/sakaba.mghosteur.com\/en\/wp-json\/wp\/v2\/product_cat?post=25694"},{"taxonomy":"product_tag","embeddable":true,"href":"https:\/\/sakaba.mghosteur.com\/en\/wp-json\/wp\/v2\/product_tag?post=25694"}],"curies":[{"name":"wp","href":"https:\/\/api.w.org\/{rel}","templated":true}]}}