{"id":25740,"date":"2022-11-22T10:32:57","date_gmt":"2022-11-22T10:32:57","guid":{"rendered":"http:\/\/www.sakababeauty.com\/?post_type=product&#038;p=25740"},"modified":"2022-11-22T10:33:19","modified_gmt":"2022-11-22T10:33:19","slug":"fantasia-ic-hair-polisher","status":"publish","type":"product","link":"https:\/\/sakaba.mghosteur.com\/en\/product\/fantasia-ic-hair-polisher\/","title":{"rendered":"Fantasia IC Hair Polisher"},"content":{"rendered":"","protected":false},"excerpt":{"rendered":"","protected":false},"featured_media":0,"comment_status":"closed","ping_status":"closed","template":"","meta":[],"product_brand":[],"product_cat":[284,345],"product_tag":[],"class_list":{"0":"post-25740","1":"product","2":"type-product","3":"status-publish","5":"product_cat-aad-cheveux","6":"product_cat-traitement-cheveux","8":"first","9":"instock","10":"shipping-taxable","11":"product-type-simple"},"jetpack-related-posts":[{"id":25794,"url":"https:\/\/sakaba.mghosteur.com\/en\/product\/fantasia-ic-aloe-oil-hair-treatment\/","url_meta":{"origin":25740,"position":0},"title":"Fantasia IC Aloe Oil Hair Treatment","author":"admin","date":"November 22, 2022","format":false,"excerpt":"","rel":"","context":"Similar post","block_context":{"text":"Similar post","link":""},"img":{"alt_text":"","src":"","width":0,"height":0},"classes":[]},{"id":27048,"url":"https:\/\/sakaba.mghosteur.com\/en\/product\/fresh-sugar-lip-polish\/","url_meta":{"origin":25740,"position":1},"title":"FRESH SUGAR  LIP POLISH","author":"admin","date":"November 28, 2022","format":false,"excerpt":"","rel":"","context":"Similar post","block_context":{"text":"Similar post","link":""},"img":{"alt_text":"","src":"","width":0,"height":0},"classes":[]},{"id":27799,"url":"https:\/\/sakaba.mghosteur.com\/en\/product\/facial-radiance-polish-help-exfoliante\/","url_meta":{"origin":25740,"position":2},"title":"FACIAL RADIANCE POLISH HELP EXFOLIANTE","author":"admin","date":"November 29, 2022","format":false,"excerpt":"","rel":"","context":"Similar post","block_context":{"text":"Similar post","link":""},"img":{"alt_text":"","src":"","width":0,"height":0},"classes":[]},{"id":33042,"url":"https:\/\/sakaba.mghosteur.com\/en\/product\/dove-exfoliant-body-polish-pomegranate-seeds-shea-butter\/","url_meta":{"origin":25740,"position":3},"title":"DOVE EXFOLIANT BODY POLISH POMEGRANATE SEEDS &amp; SHEA BUTTER","author":"admin","date":"May 17, 2024","format":false,"excerpt":"Le gommage exfoliant pour le corps Dove Grenade et beurre de karit\u00e9 est un gommage doux qui contient du beurre de karit\u00e9 hydratant et est con\u00e7u pour nourrir et restaurer les nutriments naturels de la peau. Il a une texture cr\u00e9meuse qui s'\u00e9tale facilement et n'est pas trop agressive pour\u2026","rel":"","context":"Similar post","block_context":{"text":"Similar post","link":""},"img":{"alt_text":"","src":"","width":0,"height":0},"classes":[]},{"id":33039,"url":"https:\/\/sakaba.mghosteur.com\/en\/product\/dove-exfoliant-body-polish-mango\/","url_meta":{"origin":25740,"position":4},"title":"DOVE EXFOLIANT BODY POLISH MANGO","author":"admin","date":"May 17, 2024","format":false,"excerpt":"Un gommage corporel au parfum de mangue tropicale qui r\u00e9v\u00e8le votre \u00e9clat naturel en exfoliant mod\u00e9r\u00e9ment la peau. Le gommage corporel utilise une exfoliation mod\u00e9r\u00e9e pour \u00e9liminer la peau terne \u2022 Formul\u00e9 avec des nettoyants sans sulfate d'origine naturelle \u2022 Parfum de mangue juteuse et d'amande cr\u00e9meuse \u2022 Avec \u00bc\u2026","rel":"","context":"Similar post","block_context":{"text":"Similar post","link":""},"img":{"alt_text":"","src":"","width":0,"height":0},"classes":[]},{"id":33045,"url":"https:\/\/sakaba.mghosteur.com\/en\/product\/dove-exfoliant-body-polish-rice-milk\/","url_meta":{"origin":25740,"position":5},"title":"DOVE EXFOLIANT BODY POLISH RICE MILK","author":"admin","date":"May 17, 2024","format":false,"excerpt":"Un gommage corporel cr\u00e9meux enrichi au lait de riz et \u00e0 la macadamia qui utilise une exfoliation mod\u00e9r\u00e9e pour r\u00e9v\u00e9ler une peau douce et soyeuse. Le gommage corporel exfoliant utilise une exfoliation mod\u00e9r\u00e9e pour \u00e9liminer les peaux mortes \u2022 Formule avec des nettoyants sans sulfate SLES d'origine naturelle \u2022 Formul\u00e9\u2026","rel":"","context":"Similar post","block_context":{"text":"Similar post","link":""},"img":{"alt_text":"","src":"","width":0,"height":0},"classes":[]}],"_links":{"self":[{"href":"https:\/\/sakaba.mghosteur.com\/en\/wp-json\/wp\/v2\/product\/25740","targetHints":{"allow":["GET"]}}],"collection":[{"href":"https:\/\/sakaba.mghosteur.com\/en\/wp-json\/wp\/v2\/product"}],"about":[{"href":"https:\/\/sakaba.mghosteur.com\/en\/wp-json\/wp\/v2\/types\/product"}],"replies":[{"embeddable":true,"href":"https:\/\/sakaba.mghosteur.com\/en\/wp-json\/wp\/v2\/comments?post=25740"}],"version-history":[{"count":0,"href":"https:\/\/sakaba.mghosteur.com\/en\/wp-json\/wp\/v2\/product\/25740\/revisions"}],"wp:attachment":[{"href":"https:\/\/sakaba.mghosteur.com\/en\/wp-json\/wp\/v2\/media?parent=25740"}],"wp:term":[{"taxonomy":"product_brand","embeddable":true,"href":"https:\/\/sakaba.mghosteur.com\/en\/wp-json\/wp\/v2\/product_brand?post=25740"},{"taxonomy":"product_cat","embeddable":true,"href":"https:\/\/sakaba.mghosteur.com\/en\/wp-json\/wp\/v2\/product_cat?post=25740"},{"taxonomy":"product_tag","embeddable":true,"href":"https:\/\/sakaba.mghosteur.com\/en\/wp-json\/wp\/v2\/product_tag?post=25740"}],"curies":[{"name":"wp","href":"https:\/\/api.w.org\/{rel}","templated":true}]}}