{"id":25754,"date":"2022-11-22T10:53:11","date_gmt":"2022-11-22T10:53:11","guid":{"rendered":"http:\/\/www.sakababeauty.com\/?post_type=product&#038;p=25754"},"modified":"2022-11-22T10:53:12","modified_gmt":"2022-11-22T10:53:12","slug":"via-natural-oil-free-wig-shine","status":"publish","type":"product","link":"https:\/\/sakaba.mghosteur.com\/en\/product\/via-natural-oil-free-wig-shine\/","title":{"rendered":"Via Natural Oil Free Wig Shine"},"content":{"rendered":"","protected":false},"excerpt":{"rendered":"","protected":false},"featured_media":0,"comment_status":"closed","ping_status":"closed","template":"","meta":[],"product_brand":[],"product_cat":[558],"product_tag":[],"class_list":{"0":"post-25754","1":"product","2":"type-product","3":"status-publish","5":"product_cat-produits-coiffants","7":"first","8":"instock","9":"shipping-taxable","10":"product-type-simple"},"jetpack-related-posts":[{"id":25915,"url":"https:\/\/sakaba.mghosteur.com\/en\/product\/sheamoisture-wig-weave-oil-shine-spray\/","url_meta":{"origin":25754,"position":0},"title":"SheaMoisture Wig &#038; Weave Oil Shine Spray","author":"admin","date":"November 23, 2022","format":false,"excerpt":"","rel":"","context":"Similar post","block_context":{"text":"Similar post","link":""},"img":{"alt_text":"","src":"","width":0,"height":0},"classes":[]},{"id":24500,"url":"https:\/\/sakaba.mghosteur.com\/en\/product\/shine-free-creme-matifiante\/","url_meta":{"origin":25754,"position":1},"title":"SHINE FREE CREME MATIFIANTE","author":"admin","date":"November 10, 2022","format":false,"excerpt":"","rel":"","context":"Similar post","block_context":{"text":"Similar post","link":""},"img":{"alt_text":"","src":"","width":0,"height":0},"classes":[]},{"id":29730,"url":"https:\/\/sakaba.mghosteur.com\/en\/product\/palmers-shine-therapy-strong-roots-scalp-serum\/","url_meta":{"origin":25754,"position":2},"title":"PALMERS SHINE THERAPY STRONG ROOTS SCALP SERUM","author":"admin","date":"April 18, 2023","format":false,"excerpt":"Ce s\u00e9rum pour cuir chevelu est parfait pour ceux qui souffrent de d\u00e9mangeaisons et de s\u00e9cheresse, ainsi que pour l'entretien de coiffures protectrices. Gr\u00e2ce \u00e0 sa formule \u00e9quilibr\u00e9e en pH, il stimule la circulation sanguine pour favoriser la croissance des cheveux tout en hydratant le follicule pileux pour des cheveux\u2026","rel":"","context":"Similar post","block_context":{"text":"Similar post","link":""},"img":{"alt_text":"","src":"","width":0,"height":0},"classes":[]},{"id":23373,"url":"https:\/\/sakaba.mghosteur.com\/en\/product\/art-naturals-oils\/","url_meta":{"origin":25754,"position":3},"title":"ART NATURALS OILS","author":"admin","date":"October 27, 2022","format":false,"excerpt":"","rel":"","context":"Similar post","block_context":{"text":"Similar post","link":""},"img":{"alt_text":"","src":"","width":0,"height":0},"classes":[]},{"id":27639,"url":"https:\/\/sakaba.mghosteur.com\/en\/product\/by-natures-100-natural-vitamin-c-oil\/","url_meta":{"origin":25754,"position":4},"title":"By Natures 100% Natural Vitamin C Oil","author":"admin","date":"November 29, 2022","format":false,"excerpt":"","rel":"","context":"Similar post","block_context":{"text":"Similar post","link":""},"img":{"alt_text":"","src":"","width":0,"height":0},"classes":[]},{"id":25608,"url":"https:\/\/sakaba.mghosteur.com\/en\/product\/m3-naturals-anti-cellulite-massage-oil\/","url_meta":{"origin":25754,"position":5},"title":"M3 Naturals Anti Cellulite Massage Oil","author":"admin","date":"November 14, 2022","format":false,"excerpt":"","rel":"","context":"Similar post","block_context":{"text":"Similar post","link":""},"img":{"alt_text":"","src":"","width":0,"height":0},"classes":[]}],"_links":{"self":[{"href":"https:\/\/sakaba.mghosteur.com\/en\/wp-json\/wp\/v2\/product\/25754","targetHints":{"allow":["GET"]}}],"collection":[{"href":"https:\/\/sakaba.mghosteur.com\/en\/wp-json\/wp\/v2\/product"}],"about":[{"href":"https:\/\/sakaba.mghosteur.com\/en\/wp-json\/wp\/v2\/types\/product"}],"replies":[{"embeddable":true,"href":"https:\/\/sakaba.mghosteur.com\/en\/wp-json\/wp\/v2\/comments?post=25754"}],"version-history":[{"count":0,"href":"https:\/\/sakaba.mghosteur.com\/en\/wp-json\/wp\/v2\/product\/25754\/revisions"}],"wp:attachment":[{"href":"https:\/\/sakaba.mghosteur.com\/en\/wp-json\/wp\/v2\/media?parent=25754"}],"wp:term":[{"taxonomy":"product_brand","embeddable":true,"href":"https:\/\/sakaba.mghosteur.com\/en\/wp-json\/wp\/v2\/product_brand?post=25754"},{"taxonomy":"product_cat","embeddable":true,"href":"https:\/\/sakaba.mghosteur.com\/en\/wp-json\/wp\/v2\/product_cat?post=25754"},{"taxonomy":"product_tag","embeddable":true,"href":"https:\/\/sakaba.mghosteur.com\/en\/wp-json\/wp\/v2\/product_tag?post=25754"}],"curies":[{"name":"wp","href":"https:\/\/api.w.org\/{rel}","templated":true}]}}