{"id":25760,"date":"2022-11-22T11:08:41","date_gmt":"2022-11-22T11:08:41","guid":{"rendered":"http:\/\/www.sakababeauty.com\/?post_type=product&#038;p=25760"},"modified":"2022-11-22T11:08:41","modified_gmt":"2022-11-22T11:08:41","slug":"africa-best-instant-detangling-conditioner","status":"publish","type":"product","link":"https:\/\/sakaba.mghosteur.com\/en\/product\/africa-best-instant-detangling-conditioner\/","title":{"rendered":"AFRICA BEST instant detangling conditioner"},"content":{"rendered":"","protected":false},"excerpt":{"rendered":"","protected":false},"featured_media":0,"comment_status":"closed","ping_status":"closed","template":"","meta":[],"product_brand":[],"product_cat":[368,339],"product_tag":[],"class_list":{"0":"post-25760","1":"product","2":"type-product","3":"status-publish","5":"product_cat-shampoing-et-apres-shampoing","6":"product_cat-soin-cheveux","8":"first","9":"instock","10":"shipping-taxable","11":"product-type-simple"},"jetpack-related-posts":[{"id":25766,"url":"https:\/\/sakaba.mghosteur.com\/en\/product\/africas-best-moisturising-shampoo-whith-conditioner\/","url_meta":{"origin":25760,"position":0},"title":"Africa\u2019s Best Moisturising SHAMPOO whith Conditioner","author":"admin","date":"November 22, 2022","format":false,"excerpt":"","rel":"","context":"Similar post","block_context":{"text":"Similar post","link":""},"img":{"alt_text":"","src":"","width":0,"height":0},"classes":[]},{"id":25768,"url":"https:\/\/sakaba.mghosteur.com\/en\/product\/africas-best-herbal-gro-super-hair-scalp-conditioner\/","url_meta":{"origin":25760,"position":1},"title":"Africa&#8217;S Best  Herbal Gro Super Hair &#038; Scalp Conditioner","author":"admin","date":"November 22, 2022","format":false,"excerpt":"","rel":"","context":"Similar post","block_context":{"text":"Similar post","link":""},"img":{"alt_text":"","src":"","width":0,"height":0},"classes":[]},{"id":25694,"url":"https:\/\/sakaba.mghosteur.com\/en\/product\/aunt-jackies-knot-on-my-watch-instant-leave-in-detangling-therapy\/","url_meta":{"origin":25760,"position":2},"title":"Aunt Jackie&#8217;s Knot On My Watch, Instant Leave-in Detangling Therapy","author":"admin","date":"November 22, 2022","format":false,"excerpt":"","rel":"","context":"Similar post","block_context":{"text":"Similar post","link":""},"img":{"alt_text":"","src":"","width":0,"height":0},"classes":[]},{"id":33942,"url":"https:\/\/sakaba.mghosteur.com\/en\/product\/african-pride-dream-kids-olive-miracle-detangling-moisturizing-conditioner\/","url_meta":{"origin":25760,"position":3},"title":"African Pride Dream Kids Olive miracle Detangling Moisturizing CONDITIONER","author":"admin","date":"May 24, 2024","format":false,"excerpt":"L'apr\u00e8s-shampoing d\u00e9m\u00ealant hydratant Dream Kids Olive Miracle d'African Pride est une formule unisexe qui contient de l'huile d'olive et hydrate et nourrit les boucles et les boucles des cheveux. Il peut \u00eatre utilis\u00e9 comme apr\u00e8s-shampoing sans rin\u00e7age quotidien et est excellent pour tous les styles. L'apr\u00e8s-shampoing peut \u00eatre appliqu\u00e9 sur\u2026","rel":"","context":"Similar post","block_context":{"text":"Similar post","link":""},"img":{"alt_text":"","src":"","width":0,"height":0},"classes":[]},{"id":25762,"url":"https:\/\/sakaba.mghosteur.com\/en\/product\/africa-s-best-castor-oil\/","url_meta":{"origin":25760,"position":4},"title":"Africa&#8217; s Best Castor Oil","author":"admin","date":"November 22, 2022","format":false,"excerpt":"","rel":"","context":"Similar post","block_context":{"text":"Similar post","link":""},"img":{"alt_text":"","src":"","width":0,"height":0},"classes":[]},{"id":25772,"url":"https:\/\/sakaba.mghosteur.com\/en\/product\/africa-s-best-ultimate-originals-arganoil-stimulating-growth-oil\/","url_meta":{"origin":25760,"position":5},"title":"Africa&#8217; s Best Ultimate Originals ArganOil Stimulating Growth Oil","author":"admin","date":"November 22, 2022","format":false,"excerpt":"","rel":"","context":"Similar post","block_context":{"text":"Similar post","link":""},"img":{"alt_text":"","src":"","width":0,"height":0},"classes":[]}],"_links":{"self":[{"href":"https:\/\/sakaba.mghosteur.com\/en\/wp-json\/wp\/v2\/product\/25760","targetHints":{"allow":["GET"]}}],"collection":[{"href":"https:\/\/sakaba.mghosteur.com\/en\/wp-json\/wp\/v2\/product"}],"about":[{"href":"https:\/\/sakaba.mghosteur.com\/en\/wp-json\/wp\/v2\/types\/product"}],"replies":[{"embeddable":true,"href":"https:\/\/sakaba.mghosteur.com\/en\/wp-json\/wp\/v2\/comments?post=25760"}],"version-history":[{"count":0,"href":"https:\/\/sakaba.mghosteur.com\/en\/wp-json\/wp\/v2\/product\/25760\/revisions"}],"wp:attachment":[{"href":"https:\/\/sakaba.mghosteur.com\/en\/wp-json\/wp\/v2\/media?parent=25760"}],"wp:term":[{"taxonomy":"product_brand","embeddable":true,"href":"https:\/\/sakaba.mghosteur.com\/en\/wp-json\/wp\/v2\/product_brand?post=25760"},{"taxonomy":"product_cat","embeddable":true,"href":"https:\/\/sakaba.mghosteur.com\/en\/wp-json\/wp\/v2\/product_cat?post=25760"},{"taxonomy":"product_tag","embeddable":true,"href":"https:\/\/sakaba.mghosteur.com\/en\/wp-json\/wp\/v2\/product_tag?post=25760"}],"curies":[{"name":"wp","href":"https:\/\/api.w.org\/{rel}","templated":true}]}}