{"id":25764,"date":"2022-11-22T11:11:27","date_gmt":"2022-11-22T11:11:27","guid":{"rendered":"http:\/\/www.sakababeauty.com\/?post_type=product&#038;p=25764"},"modified":"2022-11-22T11:11:28","modified_gmt":"2022-11-22T11:11:28","slug":"ricas-best-rinse-out-leave-in-deep-conditioner","status":"publish","type":"product","link":"https:\/\/sakaba.mghosteur.com\/en\/product\/ricas-best-rinse-out-leave-in-deep-conditioner\/","title":{"rendered":"rica\u2019s Best Rinse Out &#038; Leave in Deep Conditioner"},"content":{"rendered":"","protected":false},"excerpt":{"rendered":"","protected":false},"featured_media":0,"comment_status":"closed","ping_status":"closed","template":"","meta":[],"product_brand":[],"product_cat":[284,368,339],"product_tag":[],"class_list":{"0":"post-25764","1":"product","2":"type-product","3":"status-publish","5":"product_cat-aad-cheveux","6":"product_cat-shampoing-et-apres-shampoing","7":"product_cat-soin-cheveux","9":"first","10":"instock","11":"shipping-taxable","12":"product-type-simple"},"jetpack-related-posts":[{"id":32025,"url":"https:\/\/sakaba.mghosteur.com\/en\/product\/mielle-avocado-tamanu-anti-frizz-conditioner-355ml\/","url_meta":{"origin":25764,"position":0},"title":"MIELLE AVOCADO TAMANU ANTI FRIZZ CONDITIONER 355ML","author":"admin","date":"May 13, 2024","format":false,"excerpt":"Le revitalisant anti-frisottis Avocado & Tamanu nourrit et lisse la surface des cheveux pour une maniabilit\u00e9 accrue et un d\u00e9m\u00ealage plus facile. Laisse les cheveux plus doux, plus brillants et pr\u00e9par\u00e9s pour un coiffage sans frisottis. Avantages cl\u00e9s: Nourrit et conditionne Aide \u00e0 lisser la surface des cheveux D\u00e9m\u00eale et\u2026","rel":"","context":"Similar post","block_context":{"text":"Similar post","link":""},"img":{"alt_text":"","src":"","width":0,"height":0},"classes":[]},{"id":26808,"url":"https:\/\/sakaba.mghosteur.com\/en\/product\/cantu-leave-in-conditioner\/","url_meta":{"origin":25764,"position":1},"title":"Cantu leave in conditioner","author":"admin","date":"November 28, 2022","format":false,"excerpt":"","rel":"","context":"Similar post","block_context":{"text":"Similar post","link":""},"img":{"alt_text":"","src":"","width":0,"height":0},"classes":[]},{"id":28270,"url":"https:\/\/sakaba.mghosteur.com\/en\/product\/cantu-care-for-kids-leava-in-conditioner\/","url_meta":{"origin":25764,"position":2},"title":"CANTU care for kids leava-in conditioner","author":"admin","date":"November 30, 2022","format":false,"excerpt":"","rel":"","context":"Similar post","block_context":{"text":"Similar post","link":""},"img":{"alt_text":"","src":"","width":0,"height":0},"classes":[]},{"id":25742,"url":"https:\/\/sakaba.mghosteur.com\/en\/product\/aunt-jackies-quench-leave-in-conditioner\/","url_meta":{"origin":25764,"position":3},"title":"Aunt Jackie&#8217;s Quench Leave-In Conditioner","author":"admin","date":"November 22, 2022","format":false,"excerpt":"","rel":"","context":"Similar post","block_context":{"text":"Similar post","link":""},"img":{"alt_text":"","src":"","width":0,"height":0},"classes":[]},{"id":25778,"url":"https:\/\/sakaba.mghosteur.com\/en\/product\/okay-black-castor-oil-leave-in-conditioner\/","url_meta":{"origin":25764,"position":4},"title":"OKAY BLACK CASTOR OIL  LEAVE IN CONDITIONER","author":"admin","date":"November 22, 2022","format":false,"excerpt":"","rel":"","context":"Similar post","block_context":{"text":"Similar post","link":""},"img":{"alt_text":"","src":"","width":0,"height":0},"classes":[]},{"id":25756,"url":"https:\/\/sakaba.mghosteur.com\/en\/product\/okay-black-jamaican-castor-oil-leave-in-conditioner\/","url_meta":{"origin":25764,"position":5},"title":"OKAY BLACK JAMAICAN CASTOR OIL  LEAVE IN CONDITIONER","author":"admin","date":"November 22, 2022","format":false,"excerpt":"","rel":"","context":"Similar post","block_context":{"text":"Similar post","link":""},"img":{"alt_text":"","src":"","width":0,"height":0},"classes":[]}],"_links":{"self":[{"href":"https:\/\/sakaba.mghosteur.com\/en\/wp-json\/wp\/v2\/product\/25764","targetHints":{"allow":["GET"]}}],"collection":[{"href":"https:\/\/sakaba.mghosteur.com\/en\/wp-json\/wp\/v2\/product"}],"about":[{"href":"https:\/\/sakaba.mghosteur.com\/en\/wp-json\/wp\/v2\/types\/product"}],"replies":[{"embeddable":true,"href":"https:\/\/sakaba.mghosteur.com\/en\/wp-json\/wp\/v2\/comments?post=25764"}],"version-history":[{"count":0,"href":"https:\/\/sakaba.mghosteur.com\/en\/wp-json\/wp\/v2\/product\/25764\/revisions"}],"wp:attachment":[{"href":"https:\/\/sakaba.mghosteur.com\/en\/wp-json\/wp\/v2\/media?parent=25764"}],"wp:term":[{"taxonomy":"product_brand","embeddable":true,"href":"https:\/\/sakaba.mghosteur.com\/en\/wp-json\/wp\/v2\/product_brand?post=25764"},{"taxonomy":"product_cat","embeddable":true,"href":"https:\/\/sakaba.mghosteur.com\/en\/wp-json\/wp\/v2\/product_cat?post=25764"},{"taxonomy":"product_tag","embeddable":true,"href":"https:\/\/sakaba.mghosteur.com\/en\/wp-json\/wp\/v2\/product_tag?post=25764"}],"curies":[{"name":"wp","href":"https:\/\/api.w.org\/{rel}","templated":true}]}}