{"id":25766,"date":"2022-11-22T11:13:04","date_gmt":"2022-11-22T11:13:04","guid":{"rendered":"http:\/\/www.sakababeauty.com\/?post_type=product&#038;p=25766"},"modified":"2022-11-22T11:13:05","modified_gmt":"2022-11-22T11:13:05","slug":"africas-best-moisturising-shampoo-whith-conditioner","status":"publish","type":"product","link":"https:\/\/sakaba.mghosteur.com\/en\/product\/africas-best-moisturising-shampoo-whith-conditioner\/","title":{"rendered":"Africa\u2019s Best Moisturising SHAMPOO whith Conditioner"},"content":{"rendered":"","protected":false},"excerpt":{"rendered":"","protected":false},"featured_media":0,"comment_status":"closed","ping_status":"closed","template":"","meta":[],"product_brand":[],"product_cat":[284,368,339],"product_tag":[],"class_list":{"0":"post-25766","1":"product","2":"type-product","3":"status-publish","5":"product_cat-aad-cheveux","6":"product_cat-shampoing-et-apres-shampoing","7":"product_cat-soin-cheveux","9":"first","10":"instock","11":"shipping-taxable","12":"product-type-simple"},"jetpack-related-posts":[{"id":25768,"url":"https:\/\/sakaba.mghosteur.com\/en\/product\/africas-best-herbal-gro-super-hair-scalp-conditioner\/","url_meta":{"origin":25766,"position":0},"title":"Africa&#8217;S Best  Herbal Gro Super Hair &#038; Scalp Conditioner","author":"admin","date":"November 22, 2022","format":false,"excerpt":"","rel":"","context":"Similar post","block_context":{"text":"Similar post","link":""},"img":{"alt_text":"","src":"","width":0,"height":0},"classes":[]},{"id":33472,"url":"https:\/\/sakaba.mghosteur.com\/en\/product\/clairol-professional-moisturising-color-b14w\/","url_meta":{"origin":25766,"position":1},"title":"Clairol Professional Moisturising Color B14W","author":"admin","date":"May 21, 2024","format":false,"excerpt":"Clairol Professional Moisturizing Color B14W est une coloration capillaire semi-permanente enrichie en aloe vera, jojoba et vitamine E. Elle est con\u00e7ue pour fournir des r\u00e9sultats de conditionnement en profondeur et durables ainsi qu'une r\u00e9sistance \u00e0 la d\u00e9coloration.","rel":"","context":"Similar post","block_context":{"text":"Similar post","link":""},"img":{"alt_text":"","src":"","width":0,"height":0},"classes":[]},{"id":26979,"url":"https:\/\/sakaba.mghosteur.com\/en\/product\/cremo-shampoo-conditioner\/","url_meta":{"origin":25766,"position":2},"title":"Cremo Shampoo &#038; Conditioner","author":"admin","date":"November 28, 2022","format":false,"excerpt":"","rel":"","context":"Similar post","block_context":{"text":"Similar post","link":""},"img":{"alt_text":"","src":"","width":0,"height":0},"classes":[]},{"id":28331,"url":"https:\/\/sakaba.mghosteur.com\/en\/product\/harry-s-2-in-1-shampoo-conditioner\/","url_meta":{"origin":25766,"position":3},"title":"HARRY S 2 IN 1 SHAMPOO &#038; CONDITIONER","author":"admin","date":"November 30, 2022","format":false,"excerpt":"","rel":"","context":"Similar post","block_context":{"text":"Similar post","link":""},"img":{"alt_text":"","src":"","width":0,"height":0},"classes":[]},{"id":23878,"url":"https:\/\/sakaba.mghosteur.com\/en\/product\/2in-1-shampoo-conditioner-classic-clean\/","url_meta":{"origin":25766,"position":4},"title":"2IN 1 SHAMPOO+ CONDITIONER CLASSIC CLEAN","author":"admin","date":"November 9, 2022","format":false,"excerpt":"","rel":"","context":"Similar post","block_context":{"text":"Similar post","link":""},"img":{"alt_text":"","src":"","width":0,"height":0},"classes":[]},{"id":25678,"url":"https:\/\/sakaba.mghosteur.com\/en\/product\/africas-best-hair-mayonnaise-deep-conditioning-treatment-packet\/","url_meta":{"origin":25766,"position":5},"title":"Africa\u2019s Best Hair Mayonnaise Deep Conditioning Treatment, Packet","author":"admin","date":"November 14, 2022","format":false,"excerpt":"","rel":"","context":"Similar post","block_context":{"text":"Similar post","link":""},"img":{"alt_text":"","src":"","width":0,"height":0},"classes":[]}],"_links":{"self":[{"href":"https:\/\/sakaba.mghosteur.com\/en\/wp-json\/wp\/v2\/product\/25766","targetHints":{"allow":["GET"]}}],"collection":[{"href":"https:\/\/sakaba.mghosteur.com\/en\/wp-json\/wp\/v2\/product"}],"about":[{"href":"https:\/\/sakaba.mghosteur.com\/en\/wp-json\/wp\/v2\/types\/product"}],"replies":[{"embeddable":true,"href":"https:\/\/sakaba.mghosteur.com\/en\/wp-json\/wp\/v2\/comments?post=25766"}],"version-history":[{"count":0,"href":"https:\/\/sakaba.mghosteur.com\/en\/wp-json\/wp\/v2\/product\/25766\/revisions"}],"wp:attachment":[{"href":"https:\/\/sakaba.mghosteur.com\/en\/wp-json\/wp\/v2\/media?parent=25766"}],"wp:term":[{"taxonomy":"product_brand","embeddable":true,"href":"https:\/\/sakaba.mghosteur.com\/en\/wp-json\/wp\/v2\/product_brand?post=25766"},{"taxonomy":"product_cat","embeddable":true,"href":"https:\/\/sakaba.mghosteur.com\/en\/wp-json\/wp\/v2\/product_cat?post=25766"},{"taxonomy":"product_tag","embeddable":true,"href":"https:\/\/sakaba.mghosteur.com\/en\/wp-json\/wp\/v2\/product_tag?post=25766"}],"curies":[{"name":"wp","href":"https:\/\/api.w.org\/{rel}","templated":true}]}}