{"id":25768,"date":"2022-11-22T11:16:44","date_gmt":"2022-11-22T11:16:44","guid":{"rendered":"http:\/\/www.sakababeauty.com\/?post_type=product&#038;p=25768"},"modified":"2022-11-22T11:16:44","modified_gmt":"2022-11-22T11:16:44","slug":"africas-best-herbal-gro-super-hair-scalp-conditioner","status":"publish","type":"product","link":"https:\/\/sakaba.mghosteur.com\/en\/product\/africas-best-herbal-gro-super-hair-scalp-conditioner\/","title":{"rendered":"Africa&#8217;S Best  Herbal Gro Super Hair &#038; Scalp Conditioner"},"content":{"rendered":"","protected":false},"excerpt":{"rendered":"","protected":false},"featured_media":0,"comment_status":"closed","ping_status":"closed","template":"","meta":[],"product_brand":[],"product_cat":[284,368,339],"product_tag":[],"class_list":{"0":"post-25768","1":"product","2":"type-product","3":"status-publish","5":"product_cat-aad-cheveux","6":"product_cat-shampoing-et-apres-shampoing","7":"product_cat-soin-cheveux","9":"first","10":"instock","11":"shipping-taxable","12":"product-type-simple"},"jetpack-related-posts":[{"id":25776,"url":"https:\/\/sakaba.mghosteur.com\/en\/product\/africas-best-originals-itch-relief-cornrow-braid-scalp-remedy\/","url_meta":{"origin":25768,"position":0},"title":"Africa&#8217;s Best Originals Itch Relief CornRow &#038; Braid Scalp Remedy","author":"admin","date":"November 22, 2022","format":false,"excerpt":"","rel":"","context":"Similar post","block_context":{"text":"Similar post","link":""},"img":{"alt_text":"","src":"","width":0,"height":0},"classes":[]},{"id":26016,"url":"https:\/\/sakaba.mghosteur.com\/en\/product\/creme-of-nature-argan-oil-day-night-hair-scalp-conditioner-hair-dress\/","url_meta":{"origin":25768,"position":1},"title":"Creme Of Nature Argan Oil Day &#038; Night Hair &#038; Scalp Conditioner Hair Dress","author":"admin","date":"November 24, 2022","format":false,"excerpt":"","rel":"","context":"Similar post","block_context":{"text":"Similar post","link":""},"img":{"alt_text":"","src":"","width":0,"height":0},"classes":[]},{"id":25766,"url":"https:\/\/sakaba.mghosteur.com\/en\/product\/africas-best-moisturising-shampoo-whith-conditioner\/","url_meta":{"origin":25768,"position":2},"title":"Africa\u2019s Best Moisturising SHAMPOO whith Conditioner","author":"admin","date":"November 22, 2022","format":false,"excerpt":"","rel":"","context":"Similar post","block_context":{"text":"Similar post","link":""},"img":{"alt_text":"","src":"","width":0,"height":0},"classes":[]},{"id":25678,"url":"https:\/\/sakaba.mghosteur.com\/en\/product\/africas-best-hair-mayonnaise-deep-conditioning-treatment-packet\/","url_meta":{"origin":25768,"position":3},"title":"Africa\u2019s Best Hair Mayonnaise Deep Conditioning Treatment, Packet","author":"admin","date":"November 14, 2022","format":false,"excerpt":"","rel":"","context":"Similar post","block_context":{"text":"Similar post","link":""},"img":{"alt_text":"","src":"","width":0,"height":0},"classes":[]},{"id":32056,"url":"https:\/\/sakaba.mghosteur.com\/en\/product\/mielle-rosemary-mint-strengtening-scalp-hair-quencher\/","url_meta":{"origin":25768,"position":4},"title":"MIELLE ROSEMARY MINT STRENGTENING SCALP HAIR QUENCHER","author":"admin","date":"May 13, 2024","format":false,"excerpt":"La pommade-\u00e0-huile pour le cuir chevelu et les cheveux au romarin et \u00e0 la menthe de Mielle\u00a0est une coiffure revitalisante qui se transforme d'une pommade en une huile. Il d\u00e9salt\u00e8re le cuir chevelu, hydrate les cheveux secs et assoiff\u00e9s et aide \u00e0\u00a0\u00a0prot\u00e9ger du dess\u00e8chement. Cette coiffure lisse les m\u00e8ches rebelles\u2026","rel":"","context":"Similar post","block_context":{"text":"Similar post","link":""},"img":{"alt_text":"","src":"","width":0,"height":0},"classes":[]},{"id":25932,"url":"https:\/\/sakaba.mghosteur.com\/en\/product\/doo-gro-hair-vitalizer-mega-thick\/","url_meta":{"origin":25768,"position":5},"title":"DOO GRO HAIR VITALIZER MEGA THICK","author":"admin","date":"November 23, 2022","format":false,"excerpt":"","rel":"","context":"Similar post","block_context":{"text":"Similar post","link":""},"img":{"alt_text":"","src":"","width":0,"height":0},"classes":[]}],"_links":{"self":[{"href":"https:\/\/sakaba.mghosteur.com\/en\/wp-json\/wp\/v2\/product\/25768","targetHints":{"allow":["GET"]}}],"collection":[{"href":"https:\/\/sakaba.mghosteur.com\/en\/wp-json\/wp\/v2\/product"}],"about":[{"href":"https:\/\/sakaba.mghosteur.com\/en\/wp-json\/wp\/v2\/types\/product"}],"replies":[{"embeddable":true,"href":"https:\/\/sakaba.mghosteur.com\/en\/wp-json\/wp\/v2\/comments?post=25768"}],"version-history":[{"count":0,"href":"https:\/\/sakaba.mghosteur.com\/en\/wp-json\/wp\/v2\/product\/25768\/revisions"}],"wp:attachment":[{"href":"https:\/\/sakaba.mghosteur.com\/en\/wp-json\/wp\/v2\/media?parent=25768"}],"wp:term":[{"taxonomy":"product_brand","embeddable":true,"href":"https:\/\/sakaba.mghosteur.com\/en\/wp-json\/wp\/v2\/product_brand?post=25768"},{"taxonomy":"product_cat","embeddable":true,"href":"https:\/\/sakaba.mghosteur.com\/en\/wp-json\/wp\/v2\/product_cat?post=25768"},{"taxonomy":"product_tag","embeddable":true,"href":"https:\/\/sakaba.mghosteur.com\/en\/wp-json\/wp\/v2\/product_tag?post=25768"}],"curies":[{"name":"wp","href":"https:\/\/api.w.org\/{rel}","templated":true}]}}