{"id":25770,"date":"2022-11-22T11:27:06","date_gmt":"2022-11-22T11:27:06","guid":{"rendered":"http:\/\/www.sakababeauty.com\/?post_type=product&#038;p=25770"},"modified":"2022-11-22T11:28:52","modified_gmt":"2022-11-22T11:28:52","slug":"ultimate-originals-therapy-coconut-oil-stimulating-growth-oil","status":"publish","type":"product","link":"https:\/\/sakaba.mghosteur.com\/en\/product\/ultimate-originals-therapy-coconut-oil-stimulating-growth-oil\/","title":{"rendered":"Ultimate Originals Therapy Coconut Oil Stimulating Growth Oil"},"content":{"rendered":"","protected":false},"excerpt":{"rendered":"","protected":false},"featured_media":0,"comment_status":"closed","ping_status":"closed","template":"","meta":[],"product_brand":[],"product_cat":[284,368,345],"product_tag":[],"class_list":{"0":"post-25770","1":"product","2":"type-product","3":"status-publish","5":"product_cat-aad-cheveux","6":"product_cat-shampoing-et-apres-shampoing","7":"product_cat-traitement-cheveux","9":"first","10":"instock","11":"shipping-taxable","12":"product-type-simple"},"jetpack-related-posts":[{"id":25772,"url":"https:\/\/sakaba.mghosteur.com\/en\/product\/africa-s-best-ultimate-originals-arganoil-stimulating-growth-oil\/","url_meta":{"origin":25770,"position":0},"title":"Africa&#8217; s Best Ultimate Originals ArganOil Stimulating Growth Oil","author":"admin","date":"November 22, 2022","format":false,"excerpt":"","rel":"","context":"Similar post","block_context":{"text":"Similar post","link":""},"img":{"alt_text":"","src":"","width":0,"height":0},"classes":[]},{"id":25750,"url":"https:\/\/sakaba.mghosteur.com\/en\/product\/okay-coconut-oil\/","url_meta":{"origin":25770,"position":1},"title":"OKAY COCONUT OIL","author":"admin","date":"November 22, 2022","format":false,"excerpt":"","rel":"","context":"Similar post","block_context":{"text":"Similar post","link":""},"img":{"alt_text":"","src":"","width":0,"height":0},"classes":[]},{"id":33184,"url":"https:\/\/sakaba.mghosteur.com\/en\/product\/advanced-clinicals-coconut-oil\/","url_meta":{"origin":25770,"position":2},"title":"ADVANCED CLINICALS COCONUT OIL","author":"admin","date":"May 20, 2024","format":false,"excerpt":"","rel":"","context":"Similar post","block_context":{"text":"Similar post","link":""},"img":{"alt_text":"","src":"","width":0,"height":0},"classes":[]},{"id":25567,"url":"https:\/\/sakaba.mghosteur.com\/en\/product\/dr-teals-coconut-oil-essential-oils\/","url_meta":{"origin":25770,"position":3},"title":"Dr Teal&#8217;s COCONUT OIL &amp; ESSENTIAL OILS","author":"admin","date":"November 14, 2022","format":false,"excerpt":"Lotion Corporelle Hydratante Les lotions hydratantes pour le corps du Dr Teal procurent une hydratation profonde \u00e0 la peau ainsi que tous les bienfaits de l'aromath\u00e9rapie pour l'esprit.\u00a0Un riche m\u00e9lange de beurre de cacao, de beurre de karit\u00e9 et de vitamine E est infus\u00e9 d'huiles essentielles comme la lavande et\u2026","rel":"","context":"Similar post","block_context":{"text":"Similar post","link":""},"img":{"alt_text":"","src":"","width":0,"height":0},"classes":[]},{"id":25665,"url":"https:\/\/sakaba.mghosteur.com\/en\/product\/ampro-clear-ice-coconut-oil-styling-gel-packet\/","url_meta":{"origin":25770,"position":4},"title":"Ampro Clear Ice Coconut Oil Styling Gel, Packet","author":"admin","date":"November 14, 2022","format":false,"excerpt":"","rel":"","context":"Similar post","block_context":{"text":"Similar post","link":""},"img":{"alt_text":"","src":"","width":0,"height":0},"classes":[]},{"id":25899,"url":"https:\/\/sakaba.mghosteur.com\/en\/product\/sheamoisture-100-virgin-coconut-oil-daily-hydration-shampoo\/","url_meta":{"origin":25770,"position":5},"title":"SheaMoisture 100% Virgin Coconut Oil Daily Hydration Shampoo","author":"admin","date":"November 23, 2022","format":false,"excerpt":"","rel":"","context":"Similar post","block_context":{"text":"Similar post","link":""},"img":{"alt_text":"","src":"","width":0,"height":0},"classes":[]}],"_links":{"self":[{"href":"https:\/\/sakaba.mghosteur.com\/en\/wp-json\/wp\/v2\/product\/25770","targetHints":{"allow":["GET"]}}],"collection":[{"href":"https:\/\/sakaba.mghosteur.com\/en\/wp-json\/wp\/v2\/product"}],"about":[{"href":"https:\/\/sakaba.mghosteur.com\/en\/wp-json\/wp\/v2\/types\/product"}],"replies":[{"embeddable":true,"href":"https:\/\/sakaba.mghosteur.com\/en\/wp-json\/wp\/v2\/comments?post=25770"}],"version-history":[{"count":0,"href":"https:\/\/sakaba.mghosteur.com\/en\/wp-json\/wp\/v2\/product\/25770\/revisions"}],"wp:attachment":[{"href":"https:\/\/sakaba.mghosteur.com\/en\/wp-json\/wp\/v2\/media?parent=25770"}],"wp:term":[{"taxonomy":"product_brand","embeddable":true,"href":"https:\/\/sakaba.mghosteur.com\/en\/wp-json\/wp\/v2\/product_brand?post=25770"},{"taxonomy":"product_cat","embeddable":true,"href":"https:\/\/sakaba.mghosteur.com\/en\/wp-json\/wp\/v2\/product_cat?post=25770"},{"taxonomy":"product_tag","embeddable":true,"href":"https:\/\/sakaba.mghosteur.com\/en\/wp-json\/wp\/v2\/product_tag?post=25770"}],"curies":[{"name":"wp","href":"https:\/\/api.w.org\/{rel}","templated":true}]}}