{"id":25774,"date":"2022-11-22T11:33:21","date_gmt":"2022-11-22T11:33:21","guid":{"rendered":"http:\/\/www.sakababeauty.com\/?post_type=product&#038;p=25774"},"modified":"2022-11-22T11:33:22","modified_gmt":"2022-11-22T11:33:22","slug":"ultra-growth-basil-castor-oil-hair-growth-oil","status":"publish","type":"product","link":"https:\/\/sakaba.mghosteur.com\/en\/product\/ultra-growth-basil-castor-oil-hair-growth-oil\/","title":{"rendered":"ULTRA GROWTH BASIL &#038; CASTOR OIL hair growth oil"},"content":{"rendered":"","protected":false},"excerpt":{"rendered":"","protected":false},"featured_media":0,"comment_status":"closed","ping_status":"closed","template":"","meta":[],"product_brand":[],"product_cat":[284,373,372,346,339],"product_tag":[],"class_list":{"0":"post-25774","1":"product","2":"type-product","3":"status-publish","5":"product_cat-aad-cheveux","6":"product_cat-cheveux-enfant","7":"product_cat-cheveux-homme","8":"product_cat-lotions-cremes-cheveux","9":"product_cat-soin-cheveux","11":"first","12":"instock","13":"shipping-taxable","14":"product-type-simple"},"jetpack-related-posts":[{"id":26163,"url":"https:\/\/sakaba.mghosteur.com\/en\/product\/sunny-kle-castor-oil-root-repair-growth-oil\/","url_meta":{"origin":25774,"position":0},"title":"SUNNY ISLE CASTOR OIL ROOT REPAIR GROWTH OIL","author":"admin","date":"November 24, 2022","format":false,"excerpt":"Cette huile de ricin noire 100% naturelle de Jama\u00efque est formul\u00e9e pour fournir force de croissance et nutrition aux cheveux ab\u00eem\u00e9s. Taille de la cha\u00eene alphanum\u00e9rique 20 caract\u00e8res max. Couleur Noir Naturel","rel":"","context":"Similar post","block_context":{"text":"Similar post","link":""},"img":{"alt_text":"","src":"","width":0,"height":0},"classes":[]},{"id":26018,"url":"https:\/\/sakaba.mghosteur.com\/en\/product\/wild-growth-hair-oil\/","url_meta":{"origin":25774,"position":1},"title":"Wild Growth Hair Oil","author":"admin","date":"November 24, 2022","format":false,"excerpt":"L'huile capillaire Wild Growth est une formule \u00e0 base de plantes qui hydrate, revitalise et adoucit les cheveux. Elle peut \u00eatre utilis\u00e9e sur les cheveux secs, emm\u00eal\u00e9s et difficiles \u00e0 coiffer pour les rendre plus doux, plus sains et moins sujets aux pointes fourchues et aux cassures. Elle favorise \u00e9galement\u2026","rel":"","context":"Similar post","block_context":{"text":"Similar post","link":""},"img":{"alt_text":"","src":"","width":0,"height":0},"classes":[]},{"id":33936,"url":"https:\/\/sakaba.mghosteur.com\/en\/product\/african-pride-black-castor-miracle-hair-scalp-sealing-oil\/","url_meta":{"origin":25774,"position":2},"title":"African Pride Black Castor Miracle Hair &amp; Scalp Sealing Oil","author":"admin","date":"May 24, 2024","format":false,"excerpt":"","rel":"","context":"Similar post","block_context":{"text":"Similar post","link":""},"img":{"alt_text":"","src":"","width":0,"height":0},"classes":[]},{"id":25770,"url":"https:\/\/sakaba.mghosteur.com\/en\/product\/ultimate-originals-therapy-coconut-oil-stimulating-growth-oil\/","url_meta":{"origin":25774,"position":3},"title":"Ultimate Originals Therapy Coconut Oil Stimulating Growth Oil","author":"admin","date":"November 22, 2022","format":false,"excerpt":"","rel":"","context":"Similar post","block_context":{"text":"Similar post","link":""},"img":{"alt_text":"","src":"","width":0,"height":0},"classes":[]},{"id":34745,"url":"https:\/\/sakaba.mghosteur.com\/en\/product\/jamaican-black-castor-oil-gm\/","url_meta":{"origin":25774,"position":4},"title":"SUNNY ISLE JAMAICAN BLACK CASTOR OIL GM","author":"admin","date":"May 31, 2024","format":false,"excerpt":"Sunny Isle The Original Jamaican Black Castor Oil is a hair oil that is made from pure Jamaican black castor seeds.\u00a0It is rich in nutrients such as omega fatty acids, vitamin E, and minerals, and is designed to moisturize dry hair, reduce breakage, and help repair damaged strands.\u00a0It has a\u2026","rel":"","context":"Similar post","block_context":{"text":"Similar post","link":""},"img":{"alt_text":"","src":"","width":0,"height":0},"classes":[]},{"id":25963,"url":"https:\/\/sakaba.mghosteur.com\/en\/product\/the-mane-choice-growth-oil\/","url_meta":{"origin":25774,"position":5},"title":"The Mane Choice Growth Oil","author":"admin","date":"November 24, 2022","format":false,"excerpt":"","rel":"","context":"Similar post","block_context":{"text":"Similar post","link":""},"img":{"alt_text":"","src":"","width":0,"height":0},"classes":[]}],"_links":{"self":[{"href":"https:\/\/sakaba.mghosteur.com\/en\/wp-json\/wp\/v2\/product\/25774","targetHints":{"allow":["GET"]}}],"collection":[{"href":"https:\/\/sakaba.mghosteur.com\/en\/wp-json\/wp\/v2\/product"}],"about":[{"href":"https:\/\/sakaba.mghosteur.com\/en\/wp-json\/wp\/v2\/types\/product"}],"replies":[{"embeddable":true,"href":"https:\/\/sakaba.mghosteur.com\/en\/wp-json\/wp\/v2\/comments?post=25774"}],"version-history":[{"count":0,"href":"https:\/\/sakaba.mghosteur.com\/en\/wp-json\/wp\/v2\/product\/25774\/revisions"}],"wp:attachment":[{"href":"https:\/\/sakaba.mghosteur.com\/en\/wp-json\/wp\/v2\/media?parent=25774"}],"wp:term":[{"taxonomy":"product_brand","embeddable":true,"href":"https:\/\/sakaba.mghosteur.com\/en\/wp-json\/wp\/v2\/product_brand?post=25774"},{"taxonomy":"product_cat","embeddable":true,"href":"https:\/\/sakaba.mghosteur.com\/en\/wp-json\/wp\/v2\/product_cat?post=25774"},{"taxonomy":"product_tag","embeddable":true,"href":"https:\/\/sakaba.mghosteur.com\/en\/wp-json\/wp\/v2\/product_tag?post=25774"}],"curies":[{"name":"wp","href":"https:\/\/api.w.org\/{rel}","templated":true}]}}