{"id":25776,"date":"2022-11-22T11:35:42","date_gmt":"2022-11-22T11:35:42","guid":{"rendered":"http:\/\/www.sakababeauty.com\/?post_type=product&#038;p=25776"},"modified":"2022-11-22T11:35:42","modified_gmt":"2022-11-22T11:35:42","slug":"africas-best-originals-itch-relief-cornrow-braid-scalp-remedy","status":"publish","type":"product","link":"https:\/\/sakaba.mghosteur.com\/en\/product\/africas-best-originals-itch-relief-cornrow-braid-scalp-remedy\/","title":{"rendered":"Africa&#8217;s Best Originals Itch Relief CornRow &#038; Braid Scalp Remedy"},"content":{"rendered":"","protected":false},"excerpt":{"rendered":"","protected":false},"featured_media":0,"comment_status":"closed","ping_status":"closed","template":"","meta":[],"product_brand":[],"product_cat":[339,345],"product_tag":[],"class_list":{"0":"post-25776","1":"product","2":"type-product","3":"status-publish","5":"product_cat-soin-cheveux","6":"product_cat-traitement-cheveux","8":"first","9":"instock","10":"shipping-taxable","11":"product-type-simple"},"jetpack-related-posts":[{"id":25768,"url":"https:\/\/sakaba.mghosteur.com\/en\/product\/africas-best-herbal-gro-super-hair-scalp-conditioner\/","url_meta":{"origin":25776,"position":0},"title":"Africa&#8217;S Best  Herbal Gro Super Hair &#038; Scalp Conditioner","author":"admin","date":"November 22, 2022","format":false,"excerpt":"","rel":"","context":"Similar post","block_context":{"text":"Similar post","link":""},"img":{"alt_text":"","src":"","width":0,"height":0},"classes":[]},{"id":23928,"url":"https:\/\/sakaba.mghosteur.com\/en\/product\/cerave-itch-relief-moisturizing-cream\/","url_meta":{"origin":25776,"position":1},"title":"CERAVE ITCH RELIEF MOISTURIZING CREAM","author":"admin","date":"November 9, 2022","format":false,"excerpt":"Si vous souffrez de d\u00e9mangeaisons associ\u00e9es \u00e0 l'ecz\u00e9ma, la peau s\u00e8che, les irritations mineures de la peau, les piq\u00fbres d'insectes ou les coups de soleil, la cr\u00e8me hydratante anti-d\u00e9mangeaisons de CeraVe peut vous aider \u00e0 soulager la douleur et les d\u00e9mangeaisons de mani\u00e8re rapide et durable. Formul\u00e9e avec 1 %\u2026","rel":"","context":"Similar post","block_context":{"text":"Similar post","link":""},"img":{"alt_text":"","src":"","width":0,"height":0},"classes":[]},{"id":25766,"url":"https:\/\/sakaba.mghosteur.com\/en\/product\/africas-best-moisturising-shampoo-whith-conditioner\/","url_meta":{"origin":25776,"position":2},"title":"Africa\u2019s Best Moisturising SHAMPOO whith Conditioner","author":"admin","date":"November 22, 2022","format":false,"excerpt":"","rel":"","context":"Similar post","block_context":{"text":"Similar post","link":""},"img":{"alt_text":"","src":"","width":0,"height":0},"classes":[]},{"id":25678,"url":"https:\/\/sakaba.mghosteur.com\/en\/product\/africas-best-hair-mayonnaise-deep-conditioning-treatment-packet\/","url_meta":{"origin":25776,"position":3},"title":"Africa\u2019s Best Hair Mayonnaise Deep Conditioning Treatment, Packet","author":"admin","date":"November 14, 2022","format":false,"excerpt":"","rel":"","context":"Similar post","block_context":{"text":"Similar post","link":""},"img":{"alt_text":"","src":"","width":0,"height":0},"classes":[]},{"id":23897,"url":"https:\/\/sakaba.mghosteur.com\/en\/product\/cerave-itch-relief-moisturizing-lotion\/","url_meta":{"origin":25776,"position":4},"title":"CERAVE  ITCH RELIEF MOISTURIZING LOTION","author":"admin","date":"November 9, 2022","format":false,"excerpt":"La lotion hydratante anti-d\u00e9mangeaisons de la marque CeraVe est la solution id\u00e9ale pour soulager rapidement et efficacement les d\u00e9mangeaisons associ\u00e9es \u00e0 la peau s\u00e8che, les irritations cutan\u00e9es mineures, les piq\u00fbres d'insectes et les coups de soleil. Formul\u00e9e avec 1 % de chlorhydrate de pramoxine, cette lotion procure un soulagement temporaire,\u2026","rel":"","context":"Similar post","block_context":{"text":"Similar post","link":""},"img":{"alt_text":"","src":"","width":0,"height":0},"classes":[]},{"id":25772,"url":"https:\/\/sakaba.mghosteur.com\/en\/product\/africa-s-best-ultimate-originals-arganoil-stimulating-growth-oil\/","url_meta":{"origin":25776,"position":5},"title":"Africa&#8217; s Best Ultimate Originals ArganOil Stimulating Growth Oil","author":"admin","date":"November 22, 2022","format":false,"excerpt":"","rel":"","context":"Similar post","block_context":{"text":"Similar post","link":""},"img":{"alt_text":"","src":"","width":0,"height":0},"classes":[]}],"_links":{"self":[{"href":"https:\/\/sakaba.mghosteur.com\/en\/wp-json\/wp\/v2\/product\/25776","targetHints":{"allow":["GET"]}}],"collection":[{"href":"https:\/\/sakaba.mghosteur.com\/en\/wp-json\/wp\/v2\/product"}],"about":[{"href":"https:\/\/sakaba.mghosteur.com\/en\/wp-json\/wp\/v2\/types\/product"}],"replies":[{"embeddable":true,"href":"https:\/\/sakaba.mghosteur.com\/en\/wp-json\/wp\/v2\/comments?post=25776"}],"version-history":[{"count":0,"href":"https:\/\/sakaba.mghosteur.com\/en\/wp-json\/wp\/v2\/product\/25776\/revisions"}],"wp:attachment":[{"href":"https:\/\/sakaba.mghosteur.com\/en\/wp-json\/wp\/v2\/media?parent=25776"}],"wp:term":[{"taxonomy":"product_brand","embeddable":true,"href":"https:\/\/sakaba.mghosteur.com\/en\/wp-json\/wp\/v2\/product_brand?post=25776"},{"taxonomy":"product_cat","embeddable":true,"href":"https:\/\/sakaba.mghosteur.com\/en\/wp-json\/wp\/v2\/product_cat?post=25776"},{"taxonomy":"product_tag","embeddable":true,"href":"https:\/\/sakaba.mghosteur.com\/en\/wp-json\/wp\/v2\/product_tag?post=25776"}],"curies":[{"name":"wp","href":"https:\/\/api.w.org\/{rel}","templated":true}]}}