{"id":25784,"date":"2022-11-22T11:52:40","date_gmt":"2022-11-22T11:52:40","guid":{"rendered":"http:\/\/www.sakababeauty.com\/?post_type=product&#038;p=25784"},"modified":"2024-09-01T02:31:24","modified_gmt":"2024-09-01T02:31:24","slug":"ogx-finishing-mist-locking-coconut-curls","status":"publish","type":"product","link":"https:\/\/sakaba.mghosteur.com\/en\/product\/ogx-finishing-mist-locking-coconut-curls\/","title":{"rendered":"OGX Finishing Mist, Locking + Coconut Curls"},"content":{"rendered":"<p>Resserrez vos boucles avec notre brume de finition OGX Locking + Coconut Curls, \u00e0 base d&#8217;huile de coco et d&#8217;extrait de jasmin pour une finition lisse et une tenue solide sans craquement ! Utilisez-la pour terminer votre coiffure boucl\u00e9e ou rafra\u00eechir les boucles du deuxi\u00e8me jour. M\u00e9lang\u00e9 avec de l&#8217;huile de coco, du jasmin et du beurre de karit\u00e9, faites l&#8217;envie de toutes les filles boucl\u00e9es avec des boucles lisses qui rebondissent et des boucles qui se tordent sans frisottis.<\/p>","protected":false},"excerpt":{"rendered":"<p>Resserrez vos boucles avec notre brume de finition OGX Locking + Coconut Curls, \u00e0 base d&#8217;huile de coco et d&#8217;extrait de jasmin pour une finition lisse et une tenue solide sans craquement ! Utilisez-la pour terminer votre coiffure boucl\u00e9e ou rafra\u00eechir les boucles du deuxi\u00e8me jour. M\u00e9lang\u00e9 avec de l&#8217;huile de coco, du jasmin et<span class=\"read-more-faq\"><a href=\"https:\/\/sakaba.mghosteur.com\/en\/product\/ogx-finishing-mist-locking-coconut-curls\/\">Read More<\/a><\/span><\/p>","protected":false},"featured_media":0,"comment_status":"closed","ping_status":"closed","template":"","meta":[],"product_brand":[],"product_cat":[284,336],"product_tag":[],"class_list":{"0":"post-25784","1":"product","2":"type-product","3":"status-publish","5":"product_cat-aad-cheveux","6":"product_cat-coiffant-fixant","8":"first","9":"instock","10":"shipping-taxable","11":"product-type-simple"},"jetpack-related-posts":[{"id":25288,"url":"https:\/\/sakaba.mghosteur.com\/en\/product\/ogx-coconut-coffees-crub-wash\/","url_meta":{"origin":25784,"position":0},"title":"OGX COCONUT COFFEE SCRUB &amp; WASH","author":"admin","date":"November 14, 2022","format":false,"excerpt":"Gommage nettoyant, lissant et caf\u00e9 \u00e0 la noix de coco. Tensioactifs sans sulfate. Aide \u00e0 adoucir votre peau avec ce m\u00e9lange revigorant et hydratant infus\u00e9 de caf\u00e9 arabica exotique et d'huile de noix de coco. Boostez l'hydratation tout en favorisant la souplesse de la peau. \u00c9veillez vos sens avec le\u2026","rel":"","context":"Similar post","block_context":{"text":"Similar post","link":""},"img":{"alt_text":"","src":"","width":0,"height":0},"classes":[]},{"id":32030,"url":"https:\/\/sakaba.mghosteur.com\/en\/product\/mielle-avocado-tamanu-anti-frizz-curl-perfector-340g\/","url_meta":{"origin":25784,"position":1},"title":"MIELLE AVOCADO TAMANU ANTI FRIZZ CURL PERFECTOR 340G","author":"admin","date":"May 13, 2024","format":false,"excerpt":"Avocado & Tamanu Anti-Frizz Curl Perfector lisse et scelle les cheveux pour r\u00e9duire les frisottis et ajoute une couche de protection contre les frisottis tout en offrant une d\u00e9finition des boucles longue dur\u00e9e. Laisse les boucles douces, brillantes et belles. Avantages cl\u00e9s: 2\u00e8me couche de protection pour cheveux boucl\u00e9s R\u00e9duit\u2026","rel":"","context":"Similar post","block_context":{"text":"Similar post","link":""},"img":{"alt_text":"","src":"","width":0,"height":0},"classes":[]},{"id":32368,"url":"https:\/\/sakaba.mghosteur.com\/en\/product\/sheamoisture-coconut-hibiscus-curl-enhancing-smoothie-57g\/","url_meta":{"origin":25784,"position":2},"title":"SHEAMOISTURE COCONUT HIBISCUS CURL ENHANCING SMOOTHIE 57G","author":"admin","date":"May 14, 2024","format":false,"excerpt":"Apr\u00e8s-shampooing profond SheaMoisture - Beurre d'avocat et miel de Manuka Le revitalisant capillaire en profondeur SheaMoisture Men Avocado Butter and Manuka Honey est un essentiel pour les hommes soucieux de leurs cheveux. Con\u00e7u pour r\u00e9pondre aux besoins des cheveux boucl\u00e9s, il offre une hydratation intense sans compromettre le bien-\u00eatre animal.\u2026","rel":"","context":"Similar post","block_context":{"text":"Similar post","link":""},"img":{"alt_text":"","src":"","width":0,"height":0},"classes":[]},{"id":25639,"url":"https:\/\/sakaba.mghosteur.com\/en\/product\/girls-with-curls-curl-boost-spray-spray-bouclant\/","url_meta":{"origin":25784,"position":3},"title":"GIRLS WITH CURLS CURL BOOST SPRAY SPRAY BOUCLANT","author":"admin","date":"November 14, 2022","format":false,"excerpt":"","rel":"","context":"Similar post","block_context":{"text":"Similar post","link":""},"img":{"alt_text":"","src":"","width":0,"height":0},"classes":[]},{"id":31981,"url":"https:\/\/sakaba.mghosteur.com\/en\/product\/camille-rose-curl-maker-marshmallow-agave-355ml\/","url_meta":{"origin":25784,"position":4},"title":"CAMILLE ROSE NATURALS CURL MAKER","author":"admin","date":"May 13, 2024","format":false,"excerpt":"Camille Rose Naturals Curl Maker est un gel qui aide \u00e0 d\u00e9finir les boucles et \u00e0 les maintenir en place. Il est infus\u00e9 d'extraits de guimauve et d'agave pour hydrater et am\u00e9liorer la d\u00e9finition des boucles. Il est \u00e9galement biologique et sans cruaut\u00e9.","rel":"","context":"Similar post","block_context":{"text":"Similar post","link":""},"img":{"alt_text":"","src":"","width":0,"height":0},"classes":[]},{"id":26094,"url":"https:\/\/sakaba.mghosteur.com\/en\/product\/mielle-pomegranate-honey-coil-sculpting-custard\/","url_meta":{"origin":25784,"position":5},"title":"MIELLE POMEGRANATE &amp; HONEY COIL SCULPTING CUSTARD","author":"admin","date":"November 24, 2022","format":false,"excerpt":"Vous avez des probl\u00e8mes de boucles s\u00e8ches et assoiff\u00e9es? Le gel coiffant sculptant pour boucles \u00e0 la grenade et au miel de Mielle est une bouff\u00e9e d\u2019air frais! Hydratation, d\u00e9finition des boucles, brillance longue dur\u00e9e : tout y est. Cette formule \u00e9paisse et d\u00e9licieusement parfum\u00e9e est con\u00e7ue pour les cheveux\u2026","rel":"","context":"Similar post","block_context":{"text":"Similar post","link":""},"img":{"alt_text":"","src":"","width":0,"height":0},"classes":[]}],"_links":{"self":[{"href":"https:\/\/sakaba.mghosteur.com\/en\/wp-json\/wp\/v2\/product\/25784","targetHints":{"allow":["GET"]}}],"collection":[{"href":"https:\/\/sakaba.mghosteur.com\/en\/wp-json\/wp\/v2\/product"}],"about":[{"href":"https:\/\/sakaba.mghosteur.com\/en\/wp-json\/wp\/v2\/types\/product"}],"replies":[{"embeddable":true,"href":"https:\/\/sakaba.mghosteur.com\/en\/wp-json\/wp\/v2\/comments?post=25784"}],"version-history":[{"count":0,"href":"https:\/\/sakaba.mghosteur.com\/en\/wp-json\/wp\/v2\/product\/25784\/revisions"}],"wp:attachment":[{"href":"https:\/\/sakaba.mghosteur.com\/en\/wp-json\/wp\/v2\/media?parent=25784"}],"wp:term":[{"taxonomy":"product_brand","embeddable":true,"href":"https:\/\/sakaba.mghosteur.com\/en\/wp-json\/wp\/v2\/product_brand?post=25784"},{"taxonomy":"product_cat","embeddable":true,"href":"https:\/\/sakaba.mghosteur.com\/en\/wp-json\/wp\/v2\/product_cat?post=25784"},{"taxonomy":"product_tag","embeddable":true,"href":"https:\/\/sakaba.mghosteur.com\/en\/wp-json\/wp\/v2\/product_tag?post=25784"}],"curies":[{"name":"wp","href":"https:\/\/api.w.org\/{rel}","templated":true}]}}