{"id":25786,"date":"2022-11-22T11:54:35","date_gmt":"2022-11-22T11:54:35","guid":{"rendered":"http:\/\/www.sakababeauty.com\/?post_type=product&#038;p=25786"},"modified":"2022-11-22T11:54:35","modified_gmt":"2022-11-22T11:54:35","slug":"garnier-fructis-style-curl-shape-defining-sptay-gel","status":"publish","type":"product","link":"https:\/\/sakaba.mghosteur.com\/en\/product\/garnier-fructis-style-curl-shape-defining-sptay-gel\/","title":{"rendered":"GARNIER FRUCTIS STYLE CURL SHAPE DEFINING SPTAY GEL"},"content":{"rendered":"","protected":false},"excerpt":{"rendered":"","protected":false},"featured_media":0,"comment_status":"closed","ping_status":"closed","template":"","meta":[],"product_brand":[],"product_cat":[284,339],"product_tag":[],"class_list":{"0":"post-25786","1":"product","2":"type-product","3":"status-publish","5":"product_cat-aad-cheveux","6":"product_cat-soin-cheveux","8":"first","9":"instock","10":"shipping-taxable","11":"product-type-simple"},"jetpack-related-posts":[{"id":25782,"url":"https:\/\/sakaba.mghosteur.com\/en\/product\/garnier-fructis-curl-nourish-leave-in-treatment\/","url_meta":{"origin":25786,"position":0},"title":"GARNIER FRUCTIS CURL NOURISH LEAVE IN TREATMENT","author":"admin","date":"November 22, 2022","format":false,"excerpt":"","rel":"","context":"Similar post","block_context":{"text":"Similar post","link":""},"img":{"alt_text":"","src":"","width":0,"height":0},"classes":[]},{"id":34325,"url":"https:\/\/sakaba.mghosteur.com\/en\/product\/as-i-am-born-curly-curl-defining-jelly-sof-hold\/","url_meta":{"origin":25786,"position":1},"title":"AS I AM BORN CURLY CURL DEFINING JELLY SOF HOLD","author":"admin","date":"May 28, 2024","format":false,"excerpt":"","rel":"","context":"Similar post","block_context":{"text":"Similar post","link":""},"img":{"alt_text":"","src":"","width":0,"height":0},"classes":[]},{"id":26118,"url":"https:\/\/sakaba.mghosteur.com\/en\/product\/twistedsista-curl-perfection-creme-gel\/","url_meta":{"origin":25786,"position":2},"title":"TWISTEDSISTA CURL PERFECTION CREME GEL","author":"admin","date":"November 24, 2022","format":false,"excerpt":"","rel":"","context":"Similar post","block_context":{"text":"Similar post","link":""},"img":{"alt_text":"","src":"","width":0,"height":0},"classes":[]},{"id":25921,"url":"https:\/\/sakaba.mghosteur.com\/en\/product\/coconut-hibiscus-curl-style-milk-2\/","url_meta":{"origin":25786,"position":3},"title":"COCONUT &#038; HIBISCUS CURL &#038; STYLE MILK","author":"admin","date":"November 23, 2022","format":false,"excerpt":"","rel":"","context":"Similar post","block_context":{"text":"Similar post","link":""},"img":{"alt_text":"","src":"","width":0,"height":0},"classes":[]},{"id":25885,"url":"https:\/\/sakaba.mghosteur.com\/en\/product\/coconut-hibiscus-curl-style-milk\/","url_meta":{"origin":25786,"position":4},"title":"COCONUT &#038; HIBISCUS CURL &#038; STYLE MILK","author":"admin","date":"November 23, 2022","format":false,"excerpt":"","rel":"","context":"Similar post","block_context":{"text":"Similar post","link":""},"img":{"alt_text":"","src":"","width":0,"height":0},"classes":[]},{"id":31981,"url":"https:\/\/sakaba.mghosteur.com\/en\/product\/camille-rose-curl-maker-marshmallow-agave-355ml\/","url_meta":{"origin":25786,"position":5},"title":"CAMILLE ROSE NATURALS CURL MAKER","author":"admin","date":"May 13, 2024","format":false,"excerpt":"Camille Rose Naturals Curl Maker est un gel qui aide \u00e0 d\u00e9finir les boucles et \u00e0 les maintenir en place. Il est infus\u00e9 d'extraits de guimauve et d'agave pour hydrater et am\u00e9liorer la d\u00e9finition des boucles. Il est \u00e9galement biologique et sans cruaut\u00e9.","rel":"","context":"Similar post","block_context":{"text":"Similar post","link":""},"img":{"alt_text":"","src":"","width":0,"height":0},"classes":[]}],"_links":{"self":[{"href":"https:\/\/sakaba.mghosteur.com\/en\/wp-json\/wp\/v2\/product\/25786","targetHints":{"allow":["GET"]}}],"collection":[{"href":"https:\/\/sakaba.mghosteur.com\/en\/wp-json\/wp\/v2\/product"}],"about":[{"href":"https:\/\/sakaba.mghosteur.com\/en\/wp-json\/wp\/v2\/types\/product"}],"replies":[{"embeddable":true,"href":"https:\/\/sakaba.mghosteur.com\/en\/wp-json\/wp\/v2\/comments?post=25786"}],"version-history":[{"count":0,"href":"https:\/\/sakaba.mghosteur.com\/en\/wp-json\/wp\/v2\/product\/25786\/revisions"}],"wp:attachment":[{"href":"https:\/\/sakaba.mghosteur.com\/en\/wp-json\/wp\/v2\/media?parent=25786"}],"wp:term":[{"taxonomy":"product_brand","embeddable":true,"href":"https:\/\/sakaba.mghosteur.com\/en\/wp-json\/wp\/v2\/product_brand?post=25786"},{"taxonomy":"product_cat","embeddable":true,"href":"https:\/\/sakaba.mghosteur.com\/en\/wp-json\/wp\/v2\/product_cat?post=25786"},{"taxonomy":"product_tag","embeddable":true,"href":"https:\/\/sakaba.mghosteur.com\/en\/wp-json\/wp\/v2\/product_tag?post=25786"}],"curies":[{"name":"wp","href":"https:\/\/api.w.org\/{rel}","templated":true}]}}