{"id":25796,"date":"2022-11-22T12:02:02","date_gmt":"2022-11-22T12:02:02","guid":{"rendered":"http:\/\/www.sakababeauty.com\/?post_type=product&#038;p=25796"},"modified":"2022-11-22T12:02:03","modified_gmt":"2022-11-22T12:02:03","slug":"cantu-shea-butter-deep-treatment-masque","status":"publish","type":"product","link":"https:\/\/sakaba.mghosteur.com\/en\/product\/cantu-shea-butter-deep-treatment-masque\/","title":{"rendered":"Cantu Shea Butter Deep Treatment Masque"},"content":{"rendered":"","protected":false},"excerpt":{"rendered":"","protected":false},"featured_media":0,"comment_status":"closed","ping_status":"closed","template":"","meta":[],"product_brand":[],"product_cat":[284,345],"product_tag":[],"class_list":{"0":"post-25796","1":"product","2":"type-product","3":"status-publish","5":"product_cat-aad-cheveux","6":"product_cat-traitement-cheveux","8":"first","9":"instock","10":"shipping-taxable","11":"product-type-simple"},"jetpack-related-posts":[{"id":25804,"url":"https:\/\/sakaba.mghosteur.com\/en\/product\/cantu-shea-butter-grow-strong-strengthening-treatment\/","url_meta":{"origin":25796,"position":0},"title":"Cantu Shea Butter Grow Strong Strengthening Treatment","author":"admin","date":"November 22, 2022","format":false,"excerpt":"","rel":"","context":"Similar post","block_context":{"text":"Similar post","link":""},"img":{"alt_text":"","src":"","width":0,"height":0},"classes":[]},{"id":32383,"url":"https:\/\/sakaba.mghosteur.com\/en\/product\/sheamoisture-raw-shea-butter-deep-moisturizing-masque-56g\/","url_meta":{"origin":25796,"position":1},"title":"SHEAMOISTURE RAW SHEA BUTTER DEEP MOISTURIZING MASQUE 56G","author":"admin","date":"May 14, 2024","format":false,"excerpt":"Masque de traitement intensif pour cheveux secs, endommag\u00e9s ou en transition ! Ce masque de traitement intensif est con\u00e7u pour hydrater et revitaliser en profondeur les cheveux secs et ab\u00eem\u00e9s. Id\u00e9al pour ceux qui passent des cheveux trait\u00e9s chimiquement aux cheveux naturels. Sa formule est enrichie en beurre de karit\u00e9\u2026","rel":"","context":"Similar post","block_context":{"text":"Similar post","link":""},"img":{"alt_text":"","src":"","width":0,"height":0},"classes":[]},{"id":25798,"url":"https:\/\/sakaba.mghosteur.com\/en\/product\/cantu-shea-butter-hair-dressing-pomade\/","url_meta":{"origin":25796,"position":2},"title":"Cantu Shea Butter Hair Dressing Pomade","author":"admin","date":"November 22, 2022","format":false,"excerpt":"","rel":"","context":"Similar post","block_context":{"text":"Similar post","link":""},"img":{"alt_text":"","src":"","width":0,"height":0},"classes":[]},{"id":26785,"url":"https:\/\/sakaba.mghosteur.com\/en\/product\/cantu-shea-butter-beard-oil\/","url_meta":{"origin":25796,"position":3},"title":"Cantu shea butter beard oil","author":"admin","date":"November 28, 2022","format":false,"excerpt":"","rel":"","context":"Similar post","block_context":{"text":"Similar post","link":""},"img":{"alt_text":"","src":"","width":0,"height":0},"classes":[]},{"id":26827,"url":"https:\/\/sakaba.mghosteur.com\/en\/product\/cantu-shea-butter-cream-pomade\/","url_meta":{"origin":25796,"position":4},"title":"Cantu shea butter cream pomade","author":"admin","date":"November 28, 2022","format":false,"excerpt":"","rel":"","context":"Similar post","block_context":{"text":"Similar post","link":""},"img":{"alt_text":"","src":"","width":0,"height":0},"classes":[]},{"id":26815,"url":"https:\/\/sakaba.mghosteur.com\/en\/product\/cantu-shea-butter-3-in-1\/","url_meta":{"origin":25796,"position":5},"title":"Cantu shea butter 3 in 1","author":"admin","date":"November 28, 2022","format":false,"excerpt":"","rel":"","context":"Similar post","block_context":{"text":"Similar post","link":""},"img":{"alt_text":"","src":"","width":0,"height":0},"classes":[]}],"_links":{"self":[{"href":"https:\/\/sakaba.mghosteur.com\/en\/wp-json\/wp\/v2\/product\/25796","targetHints":{"allow":["GET"]}}],"collection":[{"href":"https:\/\/sakaba.mghosteur.com\/en\/wp-json\/wp\/v2\/product"}],"about":[{"href":"https:\/\/sakaba.mghosteur.com\/en\/wp-json\/wp\/v2\/types\/product"}],"replies":[{"embeddable":true,"href":"https:\/\/sakaba.mghosteur.com\/en\/wp-json\/wp\/v2\/comments?post=25796"}],"version-history":[{"count":0,"href":"https:\/\/sakaba.mghosteur.com\/en\/wp-json\/wp\/v2\/product\/25796\/revisions"}],"wp:attachment":[{"href":"https:\/\/sakaba.mghosteur.com\/en\/wp-json\/wp\/v2\/media?parent=25796"}],"wp:term":[{"taxonomy":"product_brand","embeddable":true,"href":"https:\/\/sakaba.mghosteur.com\/en\/wp-json\/wp\/v2\/product_brand?post=25796"},{"taxonomy":"product_cat","embeddable":true,"href":"https:\/\/sakaba.mghosteur.com\/en\/wp-json\/wp\/v2\/product_cat?post=25796"},{"taxonomy":"product_tag","embeddable":true,"href":"https:\/\/sakaba.mghosteur.com\/en\/wp-json\/wp\/v2\/product_tag?post=25796"}],"curies":[{"name":"wp","href":"https:\/\/api.w.org\/{rel}","templated":true}]}}