{"id":25872,"date":"2022-11-23T10:24:25","date_gmt":"2022-11-23T10:24:25","guid":{"rendered":"http:\/\/www.sakababeauty.com\/?post_type=product&#038;p=25872"},"modified":"2022-11-23T10:24:26","modified_gmt":"2022-11-23T10:24:26","slug":"pattern-jojoba-oil-blend","status":"publish","type":"product","link":"https:\/\/sakaba.mghosteur.com\/en\/product\/pattern-jojoba-oil-blend\/","title":{"rendered":"PATTERN JOJOBA OIL BLEND"},"content":{"rendered":"","protected":false},"excerpt":{"rendered":"","protected":false},"featured_media":0,"comment_status":"closed","ping_status":"closed","template":"","meta":[],"product_brand":[],"product_cat":[284,382,334],"product_tag":[],"class_list":{"0":"post-25872","1":"product","2":"type-product","3":"status-publish","5":"product_cat-aad-cheveux","6":"product_cat-huile","7":"product_cat-traitement-serum","9":"first","10":"instock","11":"shipping-taxable","12":"product-type-simple"},"jetpack-related-posts":[{"id":25604,"url":"https:\/\/sakaba.mghosteur.com\/en\/product\/now-jojoba-oil-100-pure-moisturizing-oil\/","url_meta":{"origin":25872,"position":0},"title":"NOW JOJOBA OIL 100% PURE MOISTURIZING OIL","author":"admin","date":"November 14, 2022","format":false,"excerpt":"","rel":"","context":"Similar post","block_context":{"text":"Similar post","link":""},"img":{"alt_text":"","src":"","width":0,"height":0},"classes":[]},{"id":25806,"url":"https:\/\/sakaba.mghosteur.com\/en\/product\/cantu-shea-butter-tea-tree-jojoba-hair-scalp-oil\/","url_meta":{"origin":25872,"position":1},"title":"Cantu Shea Butter Tea Tree &#038; Jojoba Hair &#038; Scalp Oil","author":"admin","date":"November 22, 2022","format":false,"excerpt":"","rel":"","context":"Similar post","block_context":{"text":"Similar post","link":""},"img":{"alt_text":"","src":"","width":0,"height":0},"classes":[]},{"id":25878,"url":"https:\/\/sakaba.mghosteur.com\/en\/product\/pattern-argan-oil-hair-serum\/","url_meta":{"origin":25872,"position":2},"title":"PATTERN ARGAN OIL HAIR SERUM","author":"admin","date":"November 23, 2022","format":false,"excerpt":"","rel":"","context":"Similar post","block_context":{"text":"Similar post","link":""},"img":{"alt_text":"","src":"","width":0,"height":0},"classes":[]},{"id":27289,"url":"https:\/\/sakaba.mghosteur.com\/en\/product\/good-molecules-bakuchiol-oil-blend-for-dry-skin\/","url_meta":{"origin":25872,"position":3},"title":"GOOD MOLECULES BAKUCHIOL OIL BLEND FOR DRY SKIN","author":"admin","date":"November 29, 2022","format":false,"excerpt":"Ce produit est id\u00e9al pour ceux et celles qui cherchent \u00e0 hydrater leur peau s\u00e8che tout en luttant contre les signes de vieillissement. Le m\u00e9lange d'huiles de bakuchiol de Good Molecules p\u00e9n\u00e8tre en profondeur dans la peau pour lui redonner son \u00e9lasticit\u00e9 et sa fermet\u00e9 naturelle, tout en l'hydratant instantan\u00e9ment\u2026","rel":"","context":"Similar post","block_context":{"text":"Similar post","link":""},"img":{"alt_text":"","src":"","width":0,"height":0},"classes":[]},{"id":33975,"url":"https:\/\/sakaba.mghosteur.com\/en\/product\/carol-s-daughter-7-oil-blend-hair-scalp-oil\/","url_meta":{"origin":25872,"position":4},"title":"CAROL\u2019S DAUGHTER 7 OIL BLEND HAIR &amp; SCALP OIL","author":"admin","date":"May 24, 2024","format":false,"excerpt":"Offrez \u00e0 vos cheveux secs et fragiles un traitement de d\u00e9esse avec l'huile pour cuir chevelu et cheveux Goddess Strength de Carol's Daughter. Compos\u00e9e d'un m\u00e9lange de 7 huiles, dont de l'huile de ricin et de l'huile de cumin noir, cette formule hydrate en douceur le cuir chevelu et les\u2026","rel":"","context":"Similar post","block_context":{"text":"Similar post","link":""},"img":{"alt_text":"","src":"","width":0,"height":0},"classes":[]},{"id":27254,"url":"https:\/\/sakaba.mghosteur.com\/en\/product\/good-molecules-bakuchiol-oil-blend-for-only-skin\/","url_meta":{"origin":25872,"position":5},"title":"GOOD MOLECULES BAKUCHIOL OIL BLEND FOR ONLY SKIN","author":"admin","date":"November 29, 2022","format":false,"excerpt":"Le produit propos\u00e9 est le m\u00e9lange d'huiles de Bakuchiol pour peaux grasses de Good Molecules. Cette huile pour le visage est con\u00e7ue pour aider \u00e0 raffermir et \u00e0 tonifier la peau tout en offrant une hydratation nourrissante. Le m\u00e9lange est l\u00e9ger et \u00e0 absorption rapide, ce qui le rend id\u00e9al\u2026","rel":"","context":"Similar post","block_context":{"text":"Similar post","link":""},"img":{"alt_text":"","src":"","width":0,"height":0},"classes":[]}],"_links":{"self":[{"href":"https:\/\/sakaba.mghosteur.com\/en\/wp-json\/wp\/v2\/product\/25872","targetHints":{"allow":["GET"]}}],"collection":[{"href":"https:\/\/sakaba.mghosteur.com\/en\/wp-json\/wp\/v2\/product"}],"about":[{"href":"https:\/\/sakaba.mghosteur.com\/en\/wp-json\/wp\/v2\/types\/product"}],"replies":[{"embeddable":true,"href":"https:\/\/sakaba.mghosteur.com\/en\/wp-json\/wp\/v2\/comments?post=25872"}],"version-history":[{"count":0,"href":"https:\/\/sakaba.mghosteur.com\/en\/wp-json\/wp\/v2\/product\/25872\/revisions"}],"wp:attachment":[{"href":"https:\/\/sakaba.mghosteur.com\/en\/wp-json\/wp\/v2\/media?parent=25872"}],"wp:term":[{"taxonomy":"product_brand","embeddable":true,"href":"https:\/\/sakaba.mghosteur.com\/en\/wp-json\/wp\/v2\/product_brand?post=25872"},{"taxonomy":"product_cat","embeddable":true,"href":"https:\/\/sakaba.mghosteur.com\/en\/wp-json\/wp\/v2\/product_cat?post=25872"},{"taxonomy":"product_tag","embeddable":true,"href":"https:\/\/sakaba.mghosteur.com\/en\/wp-json\/wp\/v2\/product_tag?post=25872"}],"curies":[{"name":"wp","href":"https:\/\/api.w.org\/{rel}","templated":true}]}}