{"id":25880,"date":"2022-11-23T10:33:59","date_gmt":"2022-11-23T10:33:59","guid":{"rendered":"http:\/\/www.sakababeauty.com\/?post_type=product&#038;p=25880"},"modified":"2022-11-23T10:33:59","modified_gmt":"2022-11-23T10:33:59","slug":"pattern-scalp-serum","status":"publish","type":"product","link":"https:\/\/sakaba.mghosteur.com\/en\/product\/pattern-scalp-serum\/","title":{"rendered":"PATTERN SCALP SERUM"},"content":{"rendered":"","protected":false},"excerpt":{"rendered":"","protected":false},"featured_media":0,"comment_status":"closed","ping_status":"closed","template":"","meta":[],"product_brand":[],"product_cat":[284,337,339,345],"product_tag":[],"class_list":{"0":"post-25880","1":"product","2":"type-product","3":"status-publish","5":"product_cat-aad-cheveux","6":"product_cat-serum-cheveux","7":"product_cat-soin-cheveux","8":"product_cat-traitement-cheveux","10":"first","11":"instock","12":"shipping-taxable","13":"product-type-simple"},"jetpack-related-posts":[{"id":26044,"url":"https:\/\/sakaba.mghosteur.com\/en\/product\/bread-scalp-serum-cooling-grenns\/","url_meta":{"origin":25880,"position":0},"title":"BREAD SCALP SERUM COOLING GRENNS","author":"admin","date":"November 24, 2022","format":false,"excerpt":"","rel":"","context":"Similar post","block_context":{"text":"Similar post","link":""},"img":{"alt_text":"","src":"","width":0,"height":0},"classes":[]},{"id":29730,"url":"https:\/\/sakaba.mghosteur.com\/en\/product\/palmers-shine-therapy-strong-roots-scalp-serum\/","url_meta":{"origin":25880,"position":1},"title":"PALMERS SHINE THERAPY STRONG ROOTS SCALP SERUM","author":"admin","date":"April 18, 2023","format":false,"excerpt":"Ce s\u00e9rum pour cuir chevelu est parfait pour ceux qui souffrent de d\u00e9mangeaisons et de s\u00e9cheresse, ainsi que pour l'entretien de coiffures protectrices. Gr\u00e2ce \u00e0 sa formule \u00e9quilibr\u00e9e en pH, il stimule la circulation sanguine pour favoriser la croissance des cheveux tout en hydratant le follicule pileux pour des cheveux\u2026","rel":"","context":"Similar post","block_context":{"text":"Similar post","link":""},"img":{"alt_text":"","src":"","width":0,"height":0},"classes":[]},{"id":25878,"url":"https:\/\/sakaba.mghosteur.com\/en\/product\/pattern-argan-oil-hair-serum\/","url_meta":{"origin":25880,"position":2},"title":"PATTERN ARGAN OIL HAIR SERUM","author":"admin","date":"November 23, 2022","format":false,"excerpt":"","rel":"","context":"Similar post","block_context":{"text":"Similar post","link":""},"img":{"alt_text":"","src":"","width":0,"height":0},"classes":[]},{"id":34177,"url":"https:\/\/sakaba.mghosteur.com\/en\/product\/first-aid-beauty-anti-dandruff-scalp-serum-2-sali\/","url_meta":{"origin":25880,"position":3},"title":"FIRST AID BEAUTY Anti-Dandruff Scalp Serum with 2% Salicylic Acid","author":"admin","date":"May 27, 2024","format":false,"excerpt":"traitement l\u00e9ger sans rin\u00e7age avec 2 % d'acide salicylique qui combat les pellicules et soulage la d\u00e9tresse et l'inconfort du cuir chevelu sec.","rel":"","context":"Similar post","block_context":{"text":"Similar post","link":""},"img":{"alt_text":"","src":"","width":0,"height":0},"classes":[]},{"id":25872,"url":"https:\/\/sakaba.mghosteur.com\/en\/product\/pattern-jojoba-oil-blend\/","url_meta":{"origin":25880,"position":4},"title":"PATTERN JOJOBA OIL BLEND","author":"admin","date":"November 23, 2022","format":false,"excerpt":"","rel":"","context":"Similar post","block_context":{"text":"Similar post","link":""},"img":{"alt_text":"","src":"","width":0,"height":0},"classes":[]},{"id":26036,"url":"https:\/\/sakaba.mghosteur.com\/en\/product\/bread-mud-mask-detox-hair-scalp-treatment\/","url_meta":{"origin":25880,"position":5},"title":"BREAD MUD MASK DETOX HAIR &#038; SCALP TREATMENT","author":"admin","date":"November 24, 2022","format":false,"excerpt":"","rel":"","context":"Similar post","block_context":{"text":"Similar post","link":""},"img":{"alt_text":"","src":"","width":0,"height":0},"classes":[]}],"_links":{"self":[{"href":"https:\/\/sakaba.mghosteur.com\/en\/wp-json\/wp\/v2\/product\/25880","targetHints":{"allow":["GET"]}}],"collection":[{"href":"https:\/\/sakaba.mghosteur.com\/en\/wp-json\/wp\/v2\/product"}],"about":[{"href":"https:\/\/sakaba.mghosteur.com\/en\/wp-json\/wp\/v2\/types\/product"}],"replies":[{"embeddable":true,"href":"https:\/\/sakaba.mghosteur.com\/en\/wp-json\/wp\/v2\/comments?post=25880"}],"version-history":[{"count":0,"href":"https:\/\/sakaba.mghosteur.com\/en\/wp-json\/wp\/v2\/product\/25880\/revisions"}],"wp:attachment":[{"href":"https:\/\/sakaba.mghosteur.com\/en\/wp-json\/wp\/v2\/media?parent=25880"}],"wp:term":[{"taxonomy":"product_brand","embeddable":true,"href":"https:\/\/sakaba.mghosteur.com\/en\/wp-json\/wp\/v2\/product_brand?post=25880"},{"taxonomy":"product_cat","embeddable":true,"href":"https:\/\/sakaba.mghosteur.com\/en\/wp-json\/wp\/v2\/product_cat?post=25880"},{"taxonomy":"product_tag","embeddable":true,"href":"https:\/\/sakaba.mghosteur.com\/en\/wp-json\/wp\/v2\/product_tag?post=25880"}],"curies":[{"name":"wp","href":"https:\/\/api.w.org\/{rel}","templated":true}]}}