{"id":25882,"date":"2022-11-23T10:36:47","date_gmt":"2022-11-23T10:36:47","guid":{"rendered":"http:\/\/www.sakababeauty.com\/?post_type=product&#038;p=25882"},"modified":"2022-11-23T10:36:47","modified_gmt":"2022-11-23T10:36:47","slug":"coconut-hibiscus-curl-shine-shampoo","status":"publish","type":"product","link":"https:\/\/sakaba.mghosteur.com\/en\/product\/coconut-hibiscus-curl-shine-shampoo\/","title":{"rendered":"COCONUT &#038; HIBISCUS CURL &#038; SHINE SHAMPOO"},"content":{"rendered":"","protected":false},"excerpt":{"rendered":"","protected":false},"featured_media":0,"comment_status":"closed","ping_status":"closed","template":"","meta":[],"product_brand":[],"product_cat":[284,373,338,339],"product_tag":[],"class_list":{"0":"post-25882","1":"product","2":"type-product","3":"status-publish","5":"product_cat-aad-cheveux","6":"product_cat-cheveux-enfant","7":"product_cat-shampoing","8":"product_cat-soin-cheveux","10":"first","11":"instock","12":"shipping-taxable","13":"product-type-simple"},"jetpack-related-posts":[{"id":25895,"url":"https:\/\/sakaba.mghosteur.com\/en\/product\/sheamoisture-coconut-hibiscus-curl-shine-hair-masque\/","url_meta":{"origin":25882,"position":0},"title":"SHEAMOISTURE COCONUT &#038; HIBISCUS CURL &#038; SHINE HAIR MASQUE","author":"admin","date":"November 23, 2022","format":false,"excerpt":"","rel":"","context":"Similar post","block_context":{"text":"Similar post","link":""},"img":{"alt_text":"","src":"","width":0,"height":0},"classes":[]},{"id":25921,"url":"https:\/\/sakaba.mghosteur.com\/en\/product\/coconut-hibiscus-curl-style-milk-2\/","url_meta":{"origin":25882,"position":1},"title":"COCONUT &#038; HIBISCUS CURL &#038; STYLE MILK","author":"admin","date":"November 23, 2022","format":false,"excerpt":"","rel":"","context":"Similar post","block_context":{"text":"Similar post","link":""},"img":{"alt_text":"","src":"","width":0,"height":0},"classes":[]},{"id":25885,"url":"https:\/\/sakaba.mghosteur.com\/en\/product\/coconut-hibiscus-curl-style-milk\/","url_meta":{"origin":25882,"position":2},"title":"COCONUT &#038; HIBISCUS CURL &#038; STYLE MILK","author":"admin","date":"November 23, 2022","format":false,"excerpt":"","rel":"","context":"Similar post","block_context":{"text":"Similar post","link":""},"img":{"alt_text":"","src":"","width":0,"height":0},"classes":[]},{"id":32368,"url":"https:\/\/sakaba.mghosteur.com\/en\/product\/sheamoisture-coconut-hibiscus-curl-enhancing-smoothie-57g\/","url_meta":{"origin":25882,"position":3},"title":"SHEAMOISTURE COCONUT HIBISCUS CURL ENHANCING SMOOTHIE 57G","author":"admin","date":"May 14, 2024","format":false,"excerpt":"Apr\u00e8s-shampooing profond SheaMoisture - Beurre d'avocat et miel de Manuka Le revitalisant capillaire en profondeur SheaMoisture Men Avocado Butter and Manuka Honey est un essentiel pour les hommes soucieux de leurs cheveux. Con\u00e7u pour r\u00e9pondre aux besoins des cheveux boucl\u00e9s, il offre une hydratation intense sans compromettre le bien-\u00eatre animal.\u2026","rel":"","context":"Similar post","block_context":{"text":"Similar post","link":""},"img":{"alt_text":"","src":"","width":0,"height":0},"classes":[]},{"id":25746,"url":"https:\/\/sakaba.mghosteur.com\/en\/product\/aunt-jackies-curl-boss-coconut-curling-gelee\/","url_meta":{"origin":25882,"position":4},"title":"Aunt Jackie&#8217;s Curl Boss Coconut Curling Gelee","author":"admin","date":"November 22, 2022","format":false,"excerpt":"","rel":"","context":"Similar post","block_context":{"text":"Similar post","link":""},"img":{"alt_text":"","src":"","width":0,"height":0},"classes":[]},{"id":25784,"url":"https:\/\/sakaba.mghosteur.com\/en\/product\/ogx-finishing-mist-locking-coconut-curls\/","url_meta":{"origin":25882,"position":5},"title":"OGX Finishing Mist, Locking + Coconut Curls","author":"admin","date":"November 22, 2022","format":false,"excerpt":"Resserrez vos boucles avec notre brume de finition OGX Locking + Coconut Curls, \u00e0 base d'huile de coco et d'extrait de jasmin pour une finition lisse et une tenue solide sans craquement ! Utilisez-la pour terminer votre coiffure boucl\u00e9e ou rafra\u00eechir les boucles du deuxi\u00e8me jour. M\u00e9lang\u00e9 avec de l'huile\u2026","rel":"","context":"Similar post","block_context":{"text":"Similar post","link":""},"img":{"alt_text":"","src":"","width":0,"height":0},"classes":[]}],"_links":{"self":[{"href":"https:\/\/sakaba.mghosteur.com\/en\/wp-json\/wp\/v2\/product\/25882","targetHints":{"allow":["GET"]}}],"collection":[{"href":"https:\/\/sakaba.mghosteur.com\/en\/wp-json\/wp\/v2\/product"}],"about":[{"href":"https:\/\/sakaba.mghosteur.com\/en\/wp-json\/wp\/v2\/types\/product"}],"replies":[{"embeddable":true,"href":"https:\/\/sakaba.mghosteur.com\/en\/wp-json\/wp\/v2\/comments?post=25882"}],"version-history":[{"count":0,"href":"https:\/\/sakaba.mghosteur.com\/en\/wp-json\/wp\/v2\/product\/25882\/revisions"}],"wp:attachment":[{"href":"https:\/\/sakaba.mghosteur.com\/en\/wp-json\/wp\/v2\/media?parent=25882"}],"wp:term":[{"taxonomy":"product_brand","embeddable":true,"href":"https:\/\/sakaba.mghosteur.com\/en\/wp-json\/wp\/v2\/product_brand?post=25882"},{"taxonomy":"product_cat","embeddable":true,"href":"https:\/\/sakaba.mghosteur.com\/en\/wp-json\/wp\/v2\/product_cat?post=25882"},{"taxonomy":"product_tag","embeddable":true,"href":"https:\/\/sakaba.mghosteur.com\/en\/wp-json\/wp\/v2\/product_tag?post=25882"}],"curies":[{"name":"wp","href":"https:\/\/api.w.org\/{rel}","templated":true}]}}