{"id":25887,"date":"2022-11-23T10:41:41","date_gmt":"2022-11-23T10:41:41","guid":{"rendered":"http:\/\/www.sakababeauty.com\/?post_type=product&#038;p=25887"},"modified":"2022-11-23T10:41:41","modified_gmt":"2022-11-23T10:41:41","slug":"shea-moisture-intensive-hydration-conditioner-baobab-oil","status":"publish","type":"product","link":"https:\/\/sakaba.mghosteur.com\/en\/product\/shea-moisture-intensive-hydration-conditioner-baobab-oil\/","title":{"rendered":"SHEA MOISTURE INTENSIVE HYDRATION CONDITIONER BAOBAB OIL"},"content":{"rendered":"","protected":false},"excerpt":{"rendered":"","protected":false},"featured_media":0,"comment_status":"closed","ping_status":"closed","template":"","meta":[],"product_brand":[],"product_cat":[284,339,345],"product_tag":[],"class_list":{"0":"post-25887","1":"product","2":"type-product","3":"status-publish","5":"product_cat-aad-cheveux","6":"product_cat-soin-cheveux","7":"product_cat-traitement-cheveux","9":"first","10":"instock","11":"shipping-taxable","12":"product-type-simple"},"jetpack-related-posts":[{"id":25897,"url":"https:\/\/sakaba.mghosteur.com\/en\/product\/sheamoisture-intensive-hydration-hair-masque-baobab-oil\/","url_meta":{"origin":25887,"position":0},"title":"SHEAMOISTURE INTENSIVE HYDRATION HAIR MASQUE baobab oil","author":"admin","date":"November 23, 2022","format":false,"excerpt":"","rel":"","context":"Similar post","block_context":{"text":"Similar post","link":""},"img":{"alt_text":"","src":"","width":0,"height":0},"classes":[]},{"id":25913,"url":"https:\/\/sakaba.mghosteur.com\/en\/product\/shea-moisture-hydrate-repair-conditioner\/","url_meta":{"origin":25887,"position":1},"title":"SHEA MOISTURE HYDRATE + REPAIR CONDITIONER","author":"admin","date":"November 23, 2022","format":false,"excerpt":"","rel":"","context":"Similar post","block_context":{"text":"Similar post","link":""},"img":{"alt_text":"","src":"","width":0,"height":0},"classes":[]},{"id":56178,"url":"https:\/\/sakaba.mghosteur.com\/en\/product\/eos-shea-better-24h-moisture-body-lotion-fragrance-free\/","url_meta":{"origin":25887,"position":2},"title":"eos Shea Better 24H Moisture Body Lotion  Fragrance Free","author":"Sope DIA","date":"January 2, 2026","format":false,"excerpt":"RECOMMAND\u00c9 PAR LES DERMATOLOGUES ET APPROUV\u00c9 PAR LA NEA\u00a0: D\u00e9sormais officiellement reconnu par la National Eczema Association comme s\u00fbr et efficace pour les peaux sensibles SANS PARFUM ET HYPOALLERG\u00c9NIQUE : Sans parfum ni irritants ajout\u00e9s, pour un soin pur et nourrissant des peaux sensibles. HYDRATATION 48 HEURES : Formule prouv\u00e9e\u2026","rel":"","context":"Similar post","block_context":{"text":"Similar post","link":""},"img":{"alt_text":"","src":"","width":0,"height":0},"classes":[]},{"id":25917,"url":"https:\/\/sakaba.mghosteur.com\/en\/product\/shea-moisture-hydrate-repair-protein-power-treatment\/","url_meta":{"origin":25887,"position":3},"title":"SHEA MOISTURE HYDRATE + REPAIR PROTEIN POWER TREATMENT","author":"admin","date":"November 23, 2022","format":false,"excerpt":"","rel":"","context":"Similar post","block_context":{"text":"Similar post","link":""},"img":{"alt_text":"","src":"","width":0,"height":0},"classes":[]},{"id":25911,"url":"https:\/\/sakaba.mghosteur.com\/en\/product\/shea-moisture-hydrate-repair-shampoo\/","url_meta":{"origin":25887,"position":4},"title":"SHEA MOISTURE  HYDRATE + REPAIR SHAMPOO","author":"admin","date":"November 23, 2022","format":false,"excerpt":"","rel":"","context":"Similar post","block_context":{"text":"Similar post","link":""},"img":{"alt_text":"","src":"","width":0,"height":0},"classes":[]},{"id":25901,"url":"https:\/\/sakaba.mghosteur.com\/en\/product\/shea-moisture-hydrat-repair-multi-action-leave-in\/","url_meta":{"origin":25887,"position":5},"title":"SHEA MOISTURE HYDRAT +REPAIR MULTI ACTION LEAVE -IN","author":"admin","date":"November 23, 2022","format":false,"excerpt":"","rel":"","context":"Similar post","block_context":{"text":"Similar post","link":""},"img":{"alt_text":"","src":"","width":0,"height":0},"classes":[]}],"_links":{"self":[{"href":"https:\/\/sakaba.mghosteur.com\/en\/wp-json\/wp\/v2\/product\/25887","targetHints":{"allow":["GET"]}}],"collection":[{"href":"https:\/\/sakaba.mghosteur.com\/en\/wp-json\/wp\/v2\/product"}],"about":[{"href":"https:\/\/sakaba.mghosteur.com\/en\/wp-json\/wp\/v2\/types\/product"}],"replies":[{"embeddable":true,"href":"https:\/\/sakaba.mghosteur.com\/en\/wp-json\/wp\/v2\/comments?post=25887"}],"version-history":[{"count":0,"href":"https:\/\/sakaba.mghosteur.com\/en\/wp-json\/wp\/v2\/product\/25887\/revisions"}],"wp:attachment":[{"href":"https:\/\/sakaba.mghosteur.com\/en\/wp-json\/wp\/v2\/media?parent=25887"}],"wp:term":[{"taxonomy":"product_brand","embeddable":true,"href":"https:\/\/sakaba.mghosteur.com\/en\/wp-json\/wp\/v2\/product_brand?post=25887"},{"taxonomy":"product_cat","embeddable":true,"href":"https:\/\/sakaba.mghosteur.com\/en\/wp-json\/wp\/v2\/product_cat?post=25887"},{"taxonomy":"product_tag","embeddable":true,"href":"https:\/\/sakaba.mghosteur.com\/en\/wp-json\/wp\/v2\/product_tag?post=25887"}],"curies":[{"name":"wp","href":"https:\/\/api.w.org\/{rel}","templated":true}]}}