{"id":25891,"date":"2022-11-23T10:50:16","date_gmt":"2022-11-23T10:50:16","guid":{"rendered":"http:\/\/www.sakababeauty.com\/?post_type=product&#038;p=25891"},"modified":"2024-05-22T14:01:45","modified_gmt":"2024-05-22T14:01:45","slug":"sheamoisture-intensive-hydration-shampoo","status":"publish","type":"product","link":"https:\/\/sakaba.mghosteur.com\/en\/product\/sheamoisture-intensive-hydration-shampoo\/","title":{"rendered":"SHEAMOISTURE INTENSIVE HYDRATION SHAMPOO"},"content":{"rendered":"","protected":false},"excerpt":{"rendered":"","protected":false},"featured_media":0,"comment_status":"closed","ping_status":"closed","template":"","meta":[],"product_brand":[],"product_cat":[284,373,372,374,338,339],"product_tag":[],"class_list":{"0":"post-25891","1":"product","2":"type-product","3":"status-publish","5":"product_cat-aad-cheveux","6":"product_cat-cheveux-enfant","7":"product_cat-cheveux-homme","8":"product_cat-corps-enfant","9":"product_cat-shampoing","10":"product_cat-soin-cheveux","12":"first","13":"instock","14":"shipping-taxable","15":"product-type-simple"},"jetpack-related-posts":[{"id":25899,"url":"https:\/\/sakaba.mghosteur.com\/en\/product\/sheamoisture-100-virgin-coconut-oil-daily-hydration-shampoo\/","url_meta":{"origin":25891,"position":0},"title":"SheaMoisture 100% Virgin Coconut Oil Daily Hydration Shampoo","author":"admin","date":"November 23, 2022","format":false,"excerpt":"","rel":"","context":"Similar post","block_context":{"text":"Similar post","link":""},"img":{"alt_text":"","src":"","width":0,"height":0},"classes":[]},{"id":25909,"url":"https:\/\/sakaba.mghosteur.com\/en\/product\/sheamoisture-100-virgin-coconut-oil-daily-hydration-shampoo-2\/","url_meta":{"origin":25891,"position":1},"title":"SheaMoisture 100% Virgin Coconut Oil Daily Hydration Shampoo","author":"admin","date":"November 23, 2022","format":false,"excerpt":"","rel":"","context":"Similar post","block_context":{"text":"Similar post","link":""},"img":{"alt_text":"","src":"","width":0,"height":0},"classes":[]},{"id":32380,"url":"https:\/\/sakaba.mghosteur.com\/en\/product\/sheamoisture-moisturizing-shampoo\/","url_meta":{"origin":25891,"position":2},"title":"SheaMoisture MOISTURIZING SHAMPOO","author":"admin","date":"May 14, 2024","format":false,"excerpt":"Le Shampooing Hydratant SheaMoisture pour Hommes est sp\u00e9cialement con\u00e7u pour prendre soin des cheveux masculins et restaure d\u00e9licatement l'hydratation des cheveux secs. Fabriqu\u00e9 avec des ingr\u00e9dients naturels comme le beurre de karit\u00e9 brut \u00e9quitable et l'huile de Mafura, ce shampooing pour hommes transforme les cheveux secs en cheveux sains. Profitez\u2026","rel":"","context":"Similar post","block_context":{"text":"Similar post","link":""},"img":{"alt_text":"","src":"","width":0,"height":0},"classes":[]},{"id":25897,"url":"https:\/\/sakaba.mghosteur.com\/en\/product\/sheamoisture-intensive-hydration-hair-masque-baobab-oil\/","url_meta":{"origin":25891,"position":3},"title":"SHEAMOISTURE INTENSIVE HYDRATION HAIR MASQUE baobab oil","author":"admin","date":"November 23, 2022","format":false,"excerpt":"","rel":"","context":"Similar post","block_context":{"text":"Similar post","link":""},"img":{"alt_text":"","src":"","width":0,"height":0},"classes":[]},{"id":32377,"url":"https:\/\/sakaba.mghosteur.com\/en\/product\/sheamoisture-intensive-hydration-hair-masque-57g\/","url_meta":{"origin":25891,"position":4},"title":"SHEAMOISTURE INTENSIVE HYDRATION HAIR MASQUE 57g","author":"admin","date":"May 14, 2024","format":false,"excerpt":"D\u00e9couvrez ce produit enrichi d'extrait de figue et d'huile de baobab, con\u00e7u pour hydrater et revitaliser les cheveux extra secs et ab\u00eem\u00e9s. \u00c9labor\u00e9 avec du beurre de karit\u00e9 issu du commerce \u00e9quitable, ce produit est formul\u00e9 sans phtalates, parab\u00e8nes, huile min\u00e9rale, et n'est pas test\u00e9 sur les animaux, ni ne\u2026","rel":"","context":"Similar post","block_context":{"text":"Similar post","link":""},"img":{"alt_text":"","src":"","width":0,"height":0},"classes":[]},{"id":32383,"url":"https:\/\/sakaba.mghosteur.com\/en\/product\/sheamoisture-raw-shea-butter-deep-moisturizing-masque-56g\/","url_meta":{"origin":25891,"position":5},"title":"SHEAMOISTURE RAW SHEA BUTTER DEEP MOISTURIZING MASQUE 56G","author":"admin","date":"May 14, 2024","format":false,"excerpt":"Masque de traitement intensif pour cheveux secs, endommag\u00e9s ou en transition ! Ce masque de traitement intensif est con\u00e7u pour hydrater et revitaliser en profondeur les cheveux secs et ab\u00eem\u00e9s. Id\u00e9al pour ceux qui passent des cheveux trait\u00e9s chimiquement aux cheveux naturels. Sa formule est enrichie en beurre de karit\u00e9\u2026","rel":"","context":"Similar post","block_context":{"text":"Similar post","link":""},"img":{"alt_text":"","src":"","width":0,"height":0},"classes":[]}],"_links":{"self":[{"href":"https:\/\/sakaba.mghosteur.com\/en\/wp-json\/wp\/v2\/product\/25891","targetHints":{"allow":["GET"]}}],"collection":[{"href":"https:\/\/sakaba.mghosteur.com\/en\/wp-json\/wp\/v2\/product"}],"about":[{"href":"https:\/\/sakaba.mghosteur.com\/en\/wp-json\/wp\/v2\/types\/product"}],"replies":[{"embeddable":true,"href":"https:\/\/sakaba.mghosteur.com\/en\/wp-json\/wp\/v2\/comments?post=25891"}],"version-history":[{"count":0,"href":"https:\/\/sakaba.mghosteur.com\/en\/wp-json\/wp\/v2\/product\/25891\/revisions"}],"wp:attachment":[{"href":"https:\/\/sakaba.mghosteur.com\/en\/wp-json\/wp\/v2\/media?parent=25891"}],"wp:term":[{"taxonomy":"product_brand","embeddable":true,"href":"https:\/\/sakaba.mghosteur.com\/en\/wp-json\/wp\/v2\/product_brand?post=25891"},{"taxonomy":"product_cat","embeddable":true,"href":"https:\/\/sakaba.mghosteur.com\/en\/wp-json\/wp\/v2\/product_cat?post=25891"},{"taxonomy":"product_tag","embeddable":true,"href":"https:\/\/sakaba.mghosteur.com\/en\/wp-json\/wp\/v2\/product_tag?post=25891"}],"curies":[{"name":"wp","href":"https:\/\/api.w.org\/{rel}","templated":true}]}}