{"id":25893,"date":"2022-11-23T10:52:16","date_gmt":"2022-11-23T10:52:16","guid":{"rendered":"http:\/\/www.sakababeauty.com\/?post_type=product&#038;p=25893"},"modified":"2022-11-23T10:52:17","modified_gmt":"2022-11-23T10:52:17","slug":"hair-finity-nourishing-botanical-oil","status":"publish","type":"product","link":"https:\/\/sakaba.mghosteur.com\/en\/product\/hair-finity-nourishing-botanical-oil\/","title":{"rendered":"HAIR FINITY  NOURISHING  BOTANICAL OIL"},"content":{"rendered":"","protected":false},"excerpt":{"rendered":"","protected":false},"featured_media":0,"comment_status":"closed","ping_status":"closed","template":"","meta":[],"product_brand":[],"product_cat":[284,345],"product_tag":[],"class_list":{"0":"post-25893","1":"product","2":"type-product","3":"status-publish","5":"product_cat-aad-cheveux","6":"product_cat-traitement-cheveux","8":"first","9":"instock","10":"shipping-taxable","11":"product-type-simple"},"jetpack-related-posts":[{"id":25889,"url":"https:\/\/sakaba.mghosteur.com\/en\/product\/hair-finity-healthy-detary-gelules\/","url_meta":{"origin":25893,"position":0},"title":"HAIR FINITY HEALTHY DETARY  GELULES","author":"admin","date":"November 23, 2022","format":false,"excerpt":"","rel":"","context":"Similar post","block_context":{"text":"Similar post","link":""},"img":{"alt_text":"","src":"","width":0,"height":0},"classes":[]},{"id":32022,"url":"https:\/\/sakaba.mghosteur.com\/en\/product\/olaplex-n9-bond-nourishing-hair-serum\/","url_meta":{"origin":25893,"position":1},"title":"OLAPLEX No 9 BOND NOURISHING HAIR SERUM","author":"admin","date":"May 13, 2024","format":false,"excerpt":"Votre sauveur capillaire. Le\u00a0Bond Protector Nourishing Hair Serum No.9\u00a0d'Olaplex\u00a0aide\u00a0\u00e0 prot\u00e9ger les cheveux des influences quotidiennes. Ce s\u00e9rum capillaire sans silicone offrira une protection parfaite contre la pollution environnementale et les dommages caus\u00e9s par la chaleur jusqu'\u00e0 232 \u00b0C pendant 48 heures. Bond Building Technology\u2122 aide \u00e0 reconstruire les cheveux ab\u00eem\u00e9s\u2026","rel":"","context":"Similar post","block_context":{"text":"Similar post","link":""},"img":{"alt_text":"","src":"","width":0,"height":0},"classes":[]},{"id":25758,"url":"https:\/\/sakaba.mghosteur.com\/en\/product\/by-natures-100-pure-ex-virgin-olive-oil-nourishing-moisturizing\/","url_meta":{"origin":25893,"position":2},"title":"By Natures 100% PURE Ex Virgin OLive Oil Nourishing Moisturizing","author":"admin","date":"November 22, 2022","format":false,"excerpt":"","rel":"","context":"Similar post","block_context":{"text":"Similar post","link":""},"img":{"alt_text":"","src":"","width":0,"height":0},"classes":[]},{"id":25774,"url":"https:\/\/sakaba.mghosteur.com\/en\/product\/ultra-growth-basil-castor-oil-hair-growth-oil\/","url_meta":{"origin":25893,"position":3},"title":"ULTRA GROWTH BASIL &#038; CASTOR OIL hair growth oil","author":"admin","date":"November 22, 2022","format":false,"excerpt":"","rel":"","context":"Similar post","block_context":{"text":"Similar post","link":""},"img":{"alt_text":"","src":"","width":0,"height":0},"classes":[]},{"id":26016,"url":"https:\/\/sakaba.mghosteur.com\/en\/product\/creme-of-nature-argan-oil-day-night-hair-scalp-conditioner-hair-dress\/","url_meta":{"origin":25893,"position":4},"title":"Creme Of Nature Argan Oil Day &#038; Night Hair &#038; Scalp Conditioner Hair Dress","author":"admin","date":"November 24, 2022","format":false,"excerpt":"","rel":"","context":"Similar post","block_context":{"text":"Similar post","link":""},"img":{"alt_text":"","src":"","width":0,"height":0},"classes":[]},{"id":26042,"url":"https:\/\/sakaba.mghosteur.com\/en\/product\/bread-hair-oil-everyday-gloss\/","url_meta":{"origin":25893,"position":5},"title":"BREAD HAIR OIL EVERYDAY GLOSS","author":"admin","date":"November 24, 2022","format":false,"excerpt":"","rel":"","context":"Similar post","block_context":{"text":"Similar post","link":""},"img":{"alt_text":"","src":"","width":0,"height":0},"classes":[]}],"_links":{"self":[{"href":"https:\/\/sakaba.mghosteur.com\/en\/wp-json\/wp\/v2\/product\/25893","targetHints":{"allow":["GET"]}}],"collection":[{"href":"https:\/\/sakaba.mghosteur.com\/en\/wp-json\/wp\/v2\/product"}],"about":[{"href":"https:\/\/sakaba.mghosteur.com\/en\/wp-json\/wp\/v2\/types\/product"}],"replies":[{"embeddable":true,"href":"https:\/\/sakaba.mghosteur.com\/en\/wp-json\/wp\/v2\/comments?post=25893"}],"version-history":[{"count":0,"href":"https:\/\/sakaba.mghosteur.com\/en\/wp-json\/wp\/v2\/product\/25893\/revisions"}],"wp:attachment":[{"href":"https:\/\/sakaba.mghosteur.com\/en\/wp-json\/wp\/v2\/media?parent=25893"}],"wp:term":[{"taxonomy":"product_brand","embeddable":true,"href":"https:\/\/sakaba.mghosteur.com\/en\/wp-json\/wp\/v2\/product_brand?post=25893"},{"taxonomy":"product_cat","embeddable":true,"href":"https:\/\/sakaba.mghosteur.com\/en\/wp-json\/wp\/v2\/product_cat?post=25893"},{"taxonomy":"product_tag","embeddable":true,"href":"https:\/\/sakaba.mghosteur.com\/en\/wp-json\/wp\/v2\/product_tag?post=25893"}],"curies":[{"name":"wp","href":"https:\/\/api.w.org\/{rel}","templated":true}]}}