{"id":25913,"date":"2022-11-23T11:27:09","date_gmt":"2022-11-23T11:27:09","guid":{"rendered":"http:\/\/www.sakababeauty.com\/?post_type=product&#038;p=25913"},"modified":"2022-11-23T11:27:10","modified_gmt":"2022-11-23T11:27:10","slug":"shea-moisture-hydrate-repair-conditioner","status":"publish","type":"product","link":"https:\/\/sakaba.mghosteur.com\/en\/product\/shea-moisture-hydrate-repair-conditioner\/","title":{"rendered":"SHEA MOISTURE HYDRATE + REPAIR CONDITIONER"},"content":{"rendered":"","protected":false},"excerpt":{"rendered":"","protected":false},"featured_media":0,"comment_status":"closed","ping_status":"closed","template":"","meta":[],"product_brand":[],"product_cat":[284,373,372,368,339],"product_tag":[],"class_list":{"0":"post-25913","1":"product","2":"type-product","3":"status-publish","5":"product_cat-aad-cheveux","6":"product_cat-cheveux-enfant","7":"product_cat-cheveux-homme","8":"product_cat-shampoing-et-apres-shampoing","9":"product_cat-soin-cheveux","11":"first","12":"instock","13":"shipping-taxable","14":"product-type-simple"},"jetpack-related-posts":[{"id":25887,"url":"https:\/\/sakaba.mghosteur.com\/en\/product\/shea-moisture-intensive-hydration-conditioner-baobab-oil\/","url_meta":{"origin":25913,"position":0},"title":"SHEA MOISTURE INTENSIVE HYDRATION CONDITIONER BAOBAB OIL","author":"admin","date":"November 23, 2022","format":false,"excerpt":"","rel":"","context":"Similar post","block_context":{"text":"Similar post","link":""},"img":{"alt_text":"","src":"","width":0,"height":0},"classes":[]},{"id":25917,"url":"https:\/\/sakaba.mghosteur.com\/en\/product\/shea-moisture-hydrate-repair-protein-power-treatment\/","url_meta":{"origin":25913,"position":1},"title":"SHEA MOISTURE HYDRATE + REPAIR PROTEIN POWER TREATMENT","author":"admin","date":"November 23, 2022","format":false,"excerpt":"","rel":"","context":"Similar post","block_context":{"text":"Similar post","link":""},"img":{"alt_text":"","src":"","width":0,"height":0},"classes":[]},{"id":25911,"url":"https:\/\/sakaba.mghosteur.com\/en\/product\/shea-moisture-hydrate-repair-shampoo\/","url_meta":{"origin":25913,"position":2},"title":"SHEA MOISTURE  HYDRATE + REPAIR SHAMPOO","author":"admin","date":"November 23, 2022","format":false,"excerpt":"","rel":"","context":"Similar post","block_context":{"text":"Similar post","link":""},"img":{"alt_text":"","src":"","width":0,"height":0},"classes":[]},{"id":25901,"url":"https:\/\/sakaba.mghosteur.com\/en\/product\/shea-moisture-hydrat-repair-multi-action-leave-in\/","url_meta":{"origin":25913,"position":3},"title":"SHEA MOISTURE HYDRAT +REPAIR MULTI ACTION LEAVE -IN","author":"admin","date":"November 23, 2022","format":false,"excerpt":"","rel":"","context":"Similar post","block_context":{"text":"Similar post","link":""},"img":{"alt_text":"","src":"","width":0,"height":0},"classes":[]},{"id":33305,"url":"https:\/\/sakaba.mghosteur.com\/en\/product\/shea-better-24h-moisture-body-lotion-fresh-cozy\/","url_meta":{"origin":25913,"position":4},"title":"EOS SHEA BETTER 24H MOISTURE BODY LOTION FRESH COZY","author":"admin","date":"May 20, 2024","format":false,"excerpt":"Lotion corporelle hydratante 24 heures avec de l'huile de karit\u00e9 hydratante instantan\u00e9e + une protection durable Le beurre de karit\u00e9 s'absorbe rapidement pour une hydratation luxueuse et soyeuse. Protection apaisante pour les peaux s\u00e8ches Fabriqu\u00e9 avec 7 huiles et beurres nourrissants Contient des ingr\u00e9dients issus de sources durables Sans parab\u00e8nes,\u2026","rel":"","context":"Similar post","block_context":{"text":"Similar post","link":""},"img":{"alt_text":"","src":"","width":0,"height":0},"classes":[]},{"id":31871,"url":"https:\/\/sakaba.mghosteur.com\/en\/product\/olay-ultra-moisture-shea-butter-b3-body-wash-2\/","url_meta":{"origin":25913,"position":5},"title":"Olay ultra Moisture Shea butter B3 BODY WASH","author":"admin","date":"May 10, 2024","format":false,"excerpt":"Le nettoyant pour le corps Olay Complete nourrit compl\u00e8tement la peau en la nettoyant, en l'hydratant et en la rin\u00e7ant. La formule sans savon assure un nettoyage en douceur. Le nettoyant pour le corps est enrichi d'hydratants tels que le beurre de karit\u00e9 et les vitamines E, A et B3\u2026","rel":"","context":"Similar post","block_context":{"text":"Similar post","link":""},"img":{"alt_text":"","src":"","width":0,"height":0},"classes":[]}],"_links":{"self":[{"href":"https:\/\/sakaba.mghosteur.com\/en\/wp-json\/wp\/v2\/product\/25913","targetHints":{"allow":["GET"]}}],"collection":[{"href":"https:\/\/sakaba.mghosteur.com\/en\/wp-json\/wp\/v2\/product"}],"about":[{"href":"https:\/\/sakaba.mghosteur.com\/en\/wp-json\/wp\/v2\/types\/product"}],"replies":[{"embeddable":true,"href":"https:\/\/sakaba.mghosteur.com\/en\/wp-json\/wp\/v2\/comments?post=25913"}],"version-history":[{"count":0,"href":"https:\/\/sakaba.mghosteur.com\/en\/wp-json\/wp\/v2\/product\/25913\/revisions"}],"wp:attachment":[{"href":"https:\/\/sakaba.mghosteur.com\/en\/wp-json\/wp\/v2\/media?parent=25913"}],"wp:term":[{"taxonomy":"product_brand","embeddable":true,"href":"https:\/\/sakaba.mghosteur.com\/en\/wp-json\/wp\/v2\/product_brand?post=25913"},{"taxonomy":"product_cat","embeddable":true,"href":"https:\/\/sakaba.mghosteur.com\/en\/wp-json\/wp\/v2\/product_cat?post=25913"},{"taxonomy":"product_tag","embeddable":true,"href":"https:\/\/sakaba.mghosteur.com\/en\/wp-json\/wp\/v2\/product_tag?post=25913"}],"curies":[{"name":"wp","href":"https:\/\/api.w.org\/{rel}","templated":true}]}}