{"id":25927,"date":"2022-11-23T11:48:15","date_gmt":"2022-11-23T11:48:15","guid":{"rendered":"http:\/\/www.sakababeauty.com\/?post_type=product&#038;p=25927"},"modified":"2024-08-15T10:51:18","modified_gmt":"2024-08-15T10:51:18","slug":"carols-daughter-cream-serum-moisturizer","status":"publish","type":"product","link":"https:\/\/sakaba.mghosteur.com\/en\/product\/carols-daughter-cream-serum-moisturizer\/","title":{"rendered":"CAROL&#8217;S DAUGHTER CREAM SERUM MOISTURIZER"},"content":{"rendered":"<p>La cr\u00e8me hydratante pour cheveux Carol\u2019s Daughter Wash Day Delight \u00e0 l\u2019eau de rose et \u00e0 la glyc\u00e9rine aide \u00e0 pr\u00e9venir les frisottis, \u00e0 d\u00e9m\u00ealer et \u00e0 adoucir. S\u00e9rum hydratant l\u00e9ger pour cheveux boucl\u00e9s m\u00e9lang\u00e9 \u00e0 de l\u2019eau de rose et \u00e0 de la glyc\u00e9rine pour fournir une hydratation et une brillance intenses. Hydratation profonde d\u2019une cr\u00e8me capillaire avec glissement facile et une texture l\u00e9g\u00e8re de s\u00e9rum capillaire pour aider \u00e0 d\u00e9m\u00ealer, adoucir et pr\u00e9venir les frisottis \u2013 4 fois plus hydratant et 6 fois plus facile \u00e0 d\u00e9m\u00ealer. La formule glisse facilement dans les boucles et les spirales et p\u00e9n\u00e8tre rapidement dans les cheveux sans alourdir ni laisser de r\u00e9sidus \u2013 pas de craquement ni de flocons. Le produit sans rin\u00e7age pour cheveux boucl\u00e9s laisse les cheveux secs et ab\u00eem\u00e9s en bonne sant\u00e9 \u2013 fournit jusqu\u2019\u00e0 24 heures d\u2019hydratation emprisonn\u00e9e. R\u00e9duisez le temps le jour du lavage et compl\u00e9tez votre routine du jour du lavage avec cette cr\u00e8me hydratante au s\u00e9rum qui d\u00e9m\u00eale, adoucit et pr\u00e9vient les frisottis.<\/p>","protected":false},"excerpt":{"rendered":"<p>La cr\u00e8me hydratante pour cheveux Carol\u2019s Daughter Wash Day Delight \u00e0 l\u2019eau de rose et \u00e0 la glyc\u00e9rine aide \u00e0 pr\u00e9venir les frisottis, \u00e0 d\u00e9m\u00ealer et \u00e0 adoucir. S\u00e9rum hydratant l\u00e9ger pour cheveux boucl\u00e9s m\u00e9lang\u00e9 \u00e0 de l\u2019eau de rose et \u00e0 de la glyc\u00e9rine pour fournir une hydratation et une brillance intenses. Hydratation profonde<span class=\"read-more-faq\"><a href=\"https:\/\/sakaba.mghosteur.com\/en\/product\/carols-daughter-cream-serum-moisturizer\/\">Read More<\/a><\/span><\/p>","protected":false},"featured_media":0,"comment_status":"closed","ping_status":"closed","template":"","meta":[],"product_brand":[],"product_cat":[284,1063],"product_tag":[],"class_list":{"0":"post-25927","1":"product","2":"type-product","3":"status-publish","5":"product_cat-aad-cheveux","6":"product_cat-traitement-capilaire","8":"first","9":"instock","10":"shipping-taxable","11":"product-type-simple"},"jetpack-related-posts":[{"id":25925,"url":"https:\/\/sakaba.mghosteur.com\/en\/product\/carols-daughter-wash-day-delight-jelly-to-cream-conditioner\/","url_meta":{"origin":25927,"position":0},"title":"CAROL&#8217;S DAUGHTER WASH DAY DELIGHT JELLY TO CREAM CONDITIONER","author":"admin","date":"November 23, 2022","format":false,"excerpt":"L'apr\u00e8s-shampoing Wash Day Delight a une formule unique de gel\u00e9e en cr\u00e8me qui est m\u00e9lang\u00e9e \u00e0 de l'alo\u00e8s et de la glyc\u00e9rine, un ingr\u00e9dient d'origine naturelle qui absorbe l'humidit\u00e9 dans les cheveux. La technologie anti-n\u0153uds donne \u00e0 cet apr\u00e8s-shampoing une consistance facile \u00e0 \u00e9taler qui offre un glissement parfait, de\u2026","rel":"","context":"Similar post","block_context":{"text":"Similar post","link":""},"img":{"alt_text":"","src":"","width":0,"height":0},"classes":[]},{"id":33982,"url":"https:\/\/sakaba.mghosteur.com\/en\/product\/carol-s-daughter-wash-day-delight\/","url_meta":{"origin":25927,"position":1},"title":"CAROL\u2019S DAUGHTER WASH DAY DELIGHT","author":"admin","date":"May 24, 2024","format":false,"excerpt":"Le shampooing micellaire d\u00e9lice du jour de lavage de Carol's daughter \u00e0 l'eau de rose se transforme d'une eau en une mousse douce pour un nettoyage en profondeur sans d\u00e9capage ni frottement agressif pour aider \u00e0 r\u00e9duire le temps le jour du lavage Nettoie les cheveux rapidement - parfait pour\u2026","rel":"","context":"Similar post","block_context":{"text":"Similar post","link":""},"img":{"alt_text":"","src":"","width":0,"height":0},"classes":[]},{"id":32011,"url":"https:\/\/sakaba.mghosteur.com\/en\/product\/mielle-avocado-tamanu-leave-in-conditioner-237ml\/","url_meta":{"origin":25927,"position":2},"title":"MIELLE AVOCADO TAMANU  LEAVE IN CONDITIONER 237ML","author":"admin","date":"May 13, 2024","format":false,"excerpt":"L\u2019apr\u00e8s-shampooing sans rin\u00e7age Avocado & Tamanu Anti-Frizz Slip & Seal lisse la surface des cheveux en offrant un d\u00e9m\u00ealage et un glissement instantan\u00e9s. Scelle les cuticules en place et laisse les cheveux doux et brillants avec une couche de protection contre les frisottis. Avantages cl\u00e9s: 1\u00e8re couche pour la protection\u2026","rel":"","context":"Similar post","block_context":{"text":"Similar post","link":""},"img":{"alt_text":"","src":"","width":0,"height":0},"classes":[]},{"id":29696,"url":"https:\/\/sakaba.mghosteur.com\/en\/product\/palmers-length-retention-conditioner\/","url_meta":{"origin":25927,"position":3},"title":"PALMERS LENGTH RETENTION DEEP CONDITIONER","author":"admin","date":"April 14, 2023","format":false,"excerpt":"D\u00e9couvrez le revitalisant en profondeur pour la r\u00e9tention de la longueur de la marque Palmer's, con\u00e7u pour nourrir chaque fibre capillaire en profondeur. Ce revitalisant sans silicone renforce vos cheveux pour les prot\u00e9ger contre les dommages futurs, tout en les hydratant, les d\u00e9m\u00ealant et les adoucissant pour une apparence plus\u2026","rel":"","context":"Similar post","block_context":{"text":"Similar post","link":""},"img":{"alt_text":"","src":"","width":0,"height":0},"classes":[]},{"id":26098,"url":"https:\/\/sakaba.mghosteur.com\/en\/product\/mielle-pomegranate-honey-conditioner\/","url_meta":{"origin":25927,"position":4},"title":"MIELLE POMEGRANATE &amp; HONEY CONDITIONER","author":"admin","date":"November 24, 2022","format":false,"excerpt":"Un syst\u00e8me de coiffage Prime + Define formul\u00e9 pour les cheveux \u00e9pais, cr\u00e9pus et boucl\u00e9s, qui procure une hydratation intense et une douceur soyeuse. L'apr\u00e8s-shampoing hydratant et d\u00e9m\u00ealant \u00e0 la grenade et au miel de Mielle Organics offre cela et plus encore. Cet apr\u00e8s-shampoing retient l'humidit\u00e9, renforce les cheveux \u00e9pais\u2026","rel":"","context":"Similar post","block_context":{"text":"Similar post","link":""},"img":{"alt_text":"","src":"","width":0,"height":0},"classes":[]},{"id":26061,"url":"https:\/\/sakaba.mghosteur.com\/en\/product\/carols-daughter-almond-milk\/","url_meta":{"origin":25927,"position":5},"title":"CAROL\u2019S DAUGHTER ALMOND MILK ULTRA NOURISHING MASK","author":"admin","date":"November 24, 2022","format":false,"excerpt":"Le masque capillaire au lait d'amande aide \u00e0 r\u00e9parer les cheveux cass\u00e9s et trop trait\u00e9s pour qu'ils paraissent plus doux et plus sains plus longtemps, en inversant les dommages de l'int\u00e9rieur vers l'ext\u00e9rieur. Cr\u00e9\u00e9 pour les cheveux naturellement boucl\u00e9s,le masque utilise les ingr\u00e9dients dont vos boucles ont besoin, comme l'huile\u2026","rel":"","context":"Similar post","block_context":{"text":"Similar post","link":""},"img":{"alt_text":"","src":"","width":0,"height":0},"classes":[]}],"_links":{"self":[{"href":"https:\/\/sakaba.mghosteur.com\/en\/wp-json\/wp\/v2\/product\/25927","targetHints":{"allow":["GET"]}}],"collection":[{"href":"https:\/\/sakaba.mghosteur.com\/en\/wp-json\/wp\/v2\/product"}],"about":[{"href":"https:\/\/sakaba.mghosteur.com\/en\/wp-json\/wp\/v2\/types\/product"}],"replies":[{"embeddable":true,"href":"https:\/\/sakaba.mghosteur.com\/en\/wp-json\/wp\/v2\/comments?post=25927"}],"version-history":[{"count":0,"href":"https:\/\/sakaba.mghosteur.com\/en\/wp-json\/wp\/v2\/product\/25927\/revisions"}],"wp:attachment":[{"href":"https:\/\/sakaba.mghosteur.com\/en\/wp-json\/wp\/v2\/media?parent=25927"}],"wp:term":[{"taxonomy":"product_brand","embeddable":true,"href":"https:\/\/sakaba.mghosteur.com\/en\/wp-json\/wp\/v2\/product_brand?post=25927"},{"taxonomy":"product_cat","embeddable":true,"href":"https:\/\/sakaba.mghosteur.com\/en\/wp-json\/wp\/v2\/product_cat?post=25927"},{"taxonomy":"product_tag","embeddable":true,"href":"https:\/\/sakaba.mghosteur.com\/en\/wp-json\/wp\/v2\/product_tag?post=25927"}],"curies":[{"name":"wp","href":"https:\/\/api.w.org\/{rel}","templated":true}]}}