{"id":25938,"date":"2022-11-23T16:43:53","date_gmt":"2022-11-23T16:43:53","guid":{"rendered":"http:\/\/www.sakababeauty.com\/?post_type=product&#038;p=25938"},"modified":"2022-11-24T11:09:24","modified_gmt":"2022-11-24T11:09:24","slug":"mayi-moisture-hair-care-shampoo","status":"publish","type":"product","link":"https:\/\/sakaba.mghosteur.com\/en\/product\/mayi-moisture-hair-care-shampoo\/","title":{"rendered":"MAYI MOISTURE HAIR CARE CONDITIONNER"},"content":{"rendered":"","protected":false},"excerpt":{"rendered":"","protected":false},"featured_media":0,"comment_status":"closed","ping_status":"closed","template":"","meta":[],"product_brand":[],"product_cat":[284,373,372,338,368,339],"product_tag":[],"class_list":{"0":"post-25938","1":"product","2":"type-product","3":"status-publish","5":"product_cat-aad-cheveux","6":"product_cat-cheveux-enfant","7":"product_cat-cheveux-homme","8":"product_cat-shampoing","9":"product_cat-shampoing-et-apres-shampoing","10":"product_cat-soin-cheveux","12":"first","13":"instock","14":"shipping-taxable","15":"product-type-variable"},"jetpack-related-posts":[{"id":25934,"url":"https:\/\/sakaba.mghosteur.com\/en\/product\/mayi-moisture-hair-care-conditioner\/","url_meta":{"origin":25938,"position":0},"title":"MAYI MOISTURE HAIR CARE CONDITIONER","author":"admin","date":"November 23, 2022","format":false,"excerpt":"","rel":"","context":"Similar post","block_context":{"text":"Similar post","link":""},"img":{"alt_text":"","src":"","width":0,"height":0},"classes":[]},{"id":31612,"url":"https:\/\/sakaba.mghosteur.com\/en\/product\/the-ordinary-hair-care-behentrimonium-chloride-2-conditioner\/","url_meta":{"origin":25938,"position":1},"title":"The Ordinary HAIR CARE BEHENTRIMONIUM CHLORIDE 2% CONDITIONER","author":"admin","date":"May 10, 2024","format":false,"excerpt":"Formule l\u00e9g\u00e8re et sans parfum pour une revitalisation efficace de vos cheveux. Cibles : Cheveux Adapt\u00e9 \u00e0 : Tous types de cheveux Description : Le Conditionneur \u00e0 2% de Chlorure de B\u00e9hentrimonium est une cr\u00e8me revitalisante qui lisse vos cheveux de la racine aux pointes, sans les alourdir. Sa concentration\u2026","rel":"","context":"Similar post","block_context":{"text":"Similar post","link":""},"img":{"alt_text":"","src":"","width":0,"height":0},"classes":[]},{"id":26114,"url":"https:\/\/sakaba.mghosteur.com\/en\/product\/motions-active-moisture-plus-conditioner-nourish-restore\/","url_meta":{"origin":25938,"position":2},"title":"Motions Active Moisture Plus Conditioner Nourish &#038; restore","author":"admin","date":"November 24, 2022","format":false,"excerpt":"","rel":"","context":"Similar post","block_context":{"text":"Similar post","link":""},"img":{"alt_text":"","src":"","width":0,"height":0},"classes":[]},{"id":25913,"url":"https:\/\/sakaba.mghosteur.com\/en\/product\/shea-moisture-hydrate-repair-conditioner\/","url_meta":{"origin":25938,"position":3},"title":"SHEA MOISTURE HYDRATE + REPAIR CONDITIONER","author":"admin","date":"November 23, 2022","format":false,"excerpt":"","rel":"","context":"Similar post","block_context":{"text":"Similar post","link":""},"img":{"alt_text":"","src":"","width":0,"height":0},"classes":[]},{"id":25887,"url":"https:\/\/sakaba.mghosteur.com\/en\/product\/shea-moisture-intensive-hydration-conditioner-baobab-oil\/","url_meta":{"origin":25938,"position":4},"title":"SHEA MOISTURE INTENSIVE HYDRATION CONDITIONER BAOBAB OIL","author":"admin","date":"November 23, 2022","format":false,"excerpt":"","rel":"","context":"Similar post","block_context":{"text":"Similar post","link":""},"img":{"alt_text":"","src":"","width":0,"height":0},"classes":[]},{"id":26016,"url":"https:\/\/sakaba.mghosteur.com\/en\/product\/creme-of-nature-argan-oil-day-night-hair-scalp-conditioner-hair-dress\/","url_meta":{"origin":25938,"position":5},"title":"Creme Of Nature Argan Oil Day &#038; Night Hair &#038; Scalp Conditioner Hair Dress","author":"admin","date":"November 24, 2022","format":false,"excerpt":"","rel":"","context":"Similar post","block_context":{"text":"Similar post","link":""},"img":{"alt_text":"","src":"","width":0,"height":0},"classes":[]}],"_links":{"self":[{"href":"https:\/\/sakaba.mghosteur.com\/en\/wp-json\/wp\/v2\/product\/25938","targetHints":{"allow":["GET"]}}],"collection":[{"href":"https:\/\/sakaba.mghosteur.com\/en\/wp-json\/wp\/v2\/product"}],"about":[{"href":"https:\/\/sakaba.mghosteur.com\/en\/wp-json\/wp\/v2\/types\/product"}],"replies":[{"embeddable":true,"href":"https:\/\/sakaba.mghosteur.com\/en\/wp-json\/wp\/v2\/comments?post=25938"}],"version-history":[{"count":0,"href":"https:\/\/sakaba.mghosteur.com\/en\/wp-json\/wp\/v2\/product\/25938\/revisions"}],"wp:attachment":[{"href":"https:\/\/sakaba.mghosteur.com\/en\/wp-json\/wp\/v2\/media?parent=25938"}],"wp:term":[{"taxonomy":"product_brand","embeddable":true,"href":"https:\/\/sakaba.mghosteur.com\/en\/wp-json\/wp\/v2\/product_brand?post=25938"},{"taxonomy":"product_cat","embeddable":true,"href":"https:\/\/sakaba.mghosteur.com\/en\/wp-json\/wp\/v2\/product_cat?post=25938"},{"taxonomy":"product_tag","embeddable":true,"href":"https:\/\/sakaba.mghosteur.com\/en\/wp-json\/wp\/v2\/product_tag?post=25938"}],"curies":[{"name":"wp","href":"https:\/\/api.w.org\/{rel}","templated":true}]}}