{"id":25951,"date":"2022-11-23T16:59:13","date_gmt":"2022-11-23T16:59:13","guid":{"rendered":"http:\/\/www.sakababeauty.com\/?post_type=product&#038;p=25951"},"modified":"2024-08-11T11:44:56","modified_gmt":"2024-08-11T11:44:56","slug":"mielle-rosemary-mint-creme","status":"publish","type":"product","link":"https:\/\/sakaba.mghosteur.com\/en\/product\/mielle-rosemary-mint-creme\/","title":{"rendered":"MIELLE ROSEMARY MINT STYLING CREAM"},"content":{"rendered":"<p>La cr\u00e8me coiffante quotidienne au romarin et \u00e0 la menthe de Mielle est une cr\u00e8me gel \u00e0 double usage con\u00e7ue pour vous aider \u00e0 obtenir des coiffures impeccables et des cheveux plus sains ! Fabriqu\u00e9e \u00e0 partir d&#8217;ingr\u00e9dients certifi\u00e9s biologiques, cette formule personnalis\u00e9e hydrate et nourrit vos cheveux sans les alourdir. Elle offre \u00e9galement une protection contre les frisottis et une excellente tenue pour tous vos styles pr\u00e9f\u00e9r\u00e9s!<\/p>\n<p>Comment utiliser?<\/p>\n<p>S\u00e9parez les cheveux et appliquez le produit sur cheveux humides ou secs. Ne pas rincer. Coiffez vos cheveux comme vous le souhaitez. Pour de meilleurs r\u00e9sultats, utilisez-le comme cr\u00e8me coiffante quotidienne pour les torsades, les tresses et les coiffures \u00e0 emporter.<\/p>","protected":false},"excerpt":{"rendered":"<p>La cr\u00e8me coiffante quotidienne au romarin et \u00e0 la menthe de Mielle est une cr\u00e8me gel \u00e0 double usage con\u00e7ue pour vous aider \u00e0 obtenir des coiffures impeccables et des cheveux plus sains ! Fabriqu\u00e9e \u00e0 partir d&#8217;ingr\u00e9dients certifi\u00e9s biologiques, cette formule personnalis\u00e9e hydrate et nourrit vos cheveux sans les alourdir. Elle offre \u00e9galement une<span class=\"read-more-faq\"><a href=\"https:\/\/sakaba.mghosteur.com\/en\/product\/mielle-rosemary-mint-creme\/\">Read More<\/a><\/span><\/p>","protected":false},"featured_media":0,"comment_status":"closed","ping_status":"closed","template":"","meta":[],"product_brand":[],"product_cat":[284,336],"product_tag":[],"class_list":{"0":"post-25951","1":"product","2":"type-product","3":"status-publish","5":"product_cat-aad-cheveux","6":"product_cat-coiffant-fixant","8":"first","9":"instock","10":"shipping-taxable","11":"product-type-simple"},"jetpack-related-posts":[{"id":26096,"url":"https:\/\/sakaba.mghosteur.com\/en\/product\/mielle-honey-ginger-styling-gel\/","url_meta":{"origin":25951,"position":0},"title":"MIELLE HONEY &amp; GINGER STYLING GEL","author":"admin","date":"November 24, 2022","format":false,"excerpt":"Obtenez les coiffures que vous aimez tout en favorisant des cheveux plus sains et plus forts avec le gel coiffant au miel et au gingembre de Mielle. La formule est compos\u00e9e d'ingr\u00e9dients certifi\u00e9s biologiques, notamment du miel, du gingembre, de l'extrait d'alo\u00e8s et de l'huile de babassu. Ces ingr\u00e9dients naturels\u2026","rel":"","context":"Similar post","block_context":{"text":"Similar post","link":""},"img":{"alt_text":"","src":"","width":0,"height":0},"classes":[]},{"id":35998,"url":"https:\/\/sakaba.mghosteur.com\/en\/product\/mielle-rice-water-collection-shine-mist-118ml\/","url_meta":{"origin":25951,"position":1},"title":"MIELLE RICE WATER COLLECTION SHINE MIST 118ML","author":"admin","date":"August 11, 2024","format":false,"excerpt":"Id\u00e9al pour r\u00e9hydrater et rafra\u00eechir les boucles. L'eau de riz et le yuzu sont la combinaison parfaite pour plus de brillance et d'hydratation.\u00a0\u00a0Cette brume l\u00e9g\u00e8re ajoute non seulement de la brillance, mais hydrate \u00e9galement et aide \u00e0 pr\u00e9venir les m\u00e8ches rebelles. Comment utiliser Appliquer sur cheveux humides ou secs, coiffer\u2026","rel":"","context":"Similar post","block_context":{"text":"Similar post","link":""},"img":{"alt_text":"","src":"","width":0,"height":0},"classes":[]},{"id":26094,"url":"https:\/\/sakaba.mghosteur.com\/en\/product\/mielle-pomegranate-honey-coil-sculpting-custard\/","url_meta":{"origin":25951,"position":2},"title":"MIELLE POMEGRANATE &amp; HONEY COIL SCULPTING CUSTARD","author":"admin","date":"November 24, 2022","format":false,"excerpt":"Vous avez des probl\u00e8mes de boucles s\u00e8ches et assoiff\u00e9es? Le gel coiffant sculptant pour boucles \u00e0 la grenade et au miel de Mielle est une bouff\u00e9e d\u2019air frais! Hydratation, d\u00e9finition des boucles, brillance longue dur\u00e9e : tout y est. Cette formule \u00e9paisse et d\u00e9licieusement parfum\u00e9e est con\u00e7ue pour les cheveux\u2026","rel":"","context":"Similar post","block_context":{"text":"Similar post","link":""},"img":{"alt_text":"","src":"","width":0,"height":0},"classes":[]},{"id":32056,"url":"https:\/\/sakaba.mghosteur.com\/en\/product\/mielle-rosemary-mint-strengtening-scalp-hair-quencher\/","url_meta":{"origin":25951,"position":3},"title":"MIELLE ROSEMARY MINT STRENGTENING SCALP HAIR QUENCHER","author":"admin","date":"May 13, 2024","format":false,"excerpt":"La pommade-\u00e0-huile pour le cuir chevelu et les cheveux au romarin et \u00e0 la menthe de Mielle\u00a0est une coiffure revitalisante qui se transforme d'une pommade en une huile. Il d\u00e9salt\u00e8re le cuir chevelu, hydrate les cheveux secs et assoiff\u00e9s et aide \u00e0\u00a0\u00a0prot\u00e9ger du dess\u00e8chement. Cette coiffure lisse les m\u00e8ches rebelles\u2026","rel":"","context":"Similar post","block_context":{"text":"Similar post","link":""},"img":{"alt_text":"","src":"","width":0,"height":0},"classes":[]},{"id":26108,"url":"https:\/\/sakaba.mghosteur.com\/en\/product\/mielle-pomegranate-honey-curl-smoothie\/","url_meta":{"origin":25951,"position":4},"title":"MIELLE POMEGRANATE &amp; HONEY CURL SMOOTHIE","author":"admin","date":"November 24, 2022","format":false,"excerpt":"Ce d\u00e9licieux smoothie pour boucles apporte une hydratation et une force incroyables gr\u00e2ce \u00e0 des ingr\u00e9dients sains comme l'extrait de grenade, le miel et l'huile de babassu, et il est tr\u00e8s facile \u00e0 utiliser. Appliquez simplement le smoothie sur vos cheveux de la racine \u00e0 la pointe, en veillant \u00e0\u2026","rel":"","context":"Similar post","block_context":{"text":"Similar post","link":""},"img":{"alt_text":"","src":"","width":0,"height":0},"classes":[]},{"id":26102,"url":"https:\/\/sakaba.mghosteur.com\/en\/product\/mielle-pomegranate-honey-shampoo\/","url_meta":{"origin":25951,"position":5},"title":"MIELLE POMEGRANATE &amp; HONEY SHAMPOO","author":"admin","date":"November 24, 2022","format":false,"excerpt":"Le shampooing hydratant et d\u00e9m\u00ealant \u00e0 la grenade et au miel de Mielle utilise des ingr\u00e9dients frais comme le miel et l\u2019huile de babassu pour \u00e9liminer la salet\u00e9 et l\u2019huile de vos cheveux tout en pr\u00e9servant l\u2019hydratation dont ils ont tant besoin. Ce shampooing forme une mousse luxueuse et a\u2026","rel":"","context":"Similar post","block_context":{"text":"Similar post","link":""},"img":{"alt_text":"","src":"","width":0,"height":0},"classes":[]}],"_links":{"self":[{"href":"https:\/\/sakaba.mghosteur.com\/en\/wp-json\/wp\/v2\/product\/25951","targetHints":{"allow":["GET"]}}],"collection":[{"href":"https:\/\/sakaba.mghosteur.com\/en\/wp-json\/wp\/v2\/product"}],"about":[{"href":"https:\/\/sakaba.mghosteur.com\/en\/wp-json\/wp\/v2\/types\/product"}],"replies":[{"embeddable":true,"href":"https:\/\/sakaba.mghosteur.com\/en\/wp-json\/wp\/v2\/comments?post=25951"}],"version-history":[{"count":0,"href":"https:\/\/sakaba.mghosteur.com\/en\/wp-json\/wp\/v2\/product\/25951\/revisions"}],"wp:attachment":[{"href":"https:\/\/sakaba.mghosteur.com\/en\/wp-json\/wp\/v2\/media?parent=25951"}],"wp:term":[{"taxonomy":"product_brand","embeddable":true,"href":"https:\/\/sakaba.mghosteur.com\/en\/wp-json\/wp\/v2\/product_brand?post=25951"},{"taxonomy":"product_cat","embeddable":true,"href":"https:\/\/sakaba.mghosteur.com\/en\/wp-json\/wp\/v2\/product_cat?post=25951"},{"taxonomy":"product_tag","embeddable":true,"href":"https:\/\/sakaba.mghosteur.com\/en\/wp-json\/wp\/v2\/product_tag?post=25951"}],"curies":[{"name":"wp","href":"https:\/\/api.w.org\/{rel}","templated":true}]}}