{"id":25955,"date":"2022-11-23T17:08:48","date_gmt":"2022-11-23T17:08:48","guid":{"rendered":"http:\/\/www.sakababeauty.com\/?post_type=product&#038;p=25955"},"modified":"2022-11-23T17:08:48","modified_gmt":"2022-11-23T17:08:48","slug":"the-mane-choice-deep-hydration-mask","status":"publish","type":"product","link":"https:\/\/sakaba.mghosteur.com\/en\/product\/the-mane-choice-deep-hydration-mask\/","title":{"rendered":"THE MANE CHOICE DEEP HYDRATION MASK"},"content":{"rendered":"","protected":false},"excerpt":{"rendered":"","protected":false},"featured_media":0,"comment_status":"closed","ping_status":"closed","template":"","meta":[],"product_brand":[],"product_cat":[284,341,339],"product_tag":[],"class_list":{"0":"post-25955","1":"product","2":"type-product","3":"status-publish","5":"product_cat-aad-cheveux","6":"product_cat-masque-cheveux","7":"product_cat-soin-cheveux","9":"first","10":"instock","11":"shipping-taxable","12":"product-type-simple"},"jetpack-related-posts":[{"id":25961,"url":"https:\/\/sakaba.mghosteur.com\/en\/product\/the-mane-choice-deep-hydration-shampoo\/","url_meta":{"origin":25955,"position":0},"title":"THE MANE CHOICE DEEP HYDRATION SHAMPOO","author":"admin","date":"November 24, 2022","format":false,"excerpt":"","rel":"","context":"Similar post","block_context":{"text":"Similar post","link":""},"img":{"alt_text":"","src":"","width":0,"height":0},"classes":[]},{"id":25957,"url":"https:\/\/sakaba.mghosteur.com\/en\/product\/the-mane-choice-deep-hydration-conditioner\/","url_meta":{"origin":25955,"position":1},"title":"THE MANE CHOICE DEEP HYDRATION CONDITIONER","author":"admin","date":"November 24, 2022","format":false,"excerpt":"","rel":"","context":"Similar post","block_context":{"text":"Similar post","link":""},"img":{"alt_text":"","src":"","width":0,"height":0},"classes":[]},{"id":31363,"url":"https:\/\/sakaba.mghosteur.com\/en\/product\/paula-choice-super-hydrate-overnight-mask\/","url_meta":{"origin":25955,"position":2},"title":"PAULA CHOICE SUPER HYDRATE OVERNIGHT MASK","author":"admin","date":"May 10, 2024","format":false,"excerpt":"Masque Nuit Super Hydratant \u00c0 la recherche d'un soin adapt\u00e9 \u00e0 votre peau ? D\u00e9couvrez notre Masque Nuit Super Hydratant, con\u00e7u pour r\u00e9pondre aux besoins de tous les types de peaux, notamment celles sujettes aux rougeurs et \u00e0 la sensibilit\u00e9. Ce masque agit en profondeur pour hydrater intens\u00e9ment les peaux\u2026","rel":"","context":"Similar post","block_context":{"text":"Similar post","link":""},"img":{"alt_text":"","src":"","width":0,"height":0},"classes":[]},{"id":31438,"url":"https:\/\/sakaba.mghosteur.com\/en\/product\/numbuzin-6-deep-sleep-mask-serum-200ml\/","url_meta":{"origin":25955,"position":3},"title":"NUMBUZIN 6 DEEP SLEEP MASK SERUM 200ML","author":"admin","date":"May 10, 2024","format":false,"excerpt":"D\u00e9couvrez le S\u00e9rum Masque Deep Sleep Numbuzin No.6, une formule innovante infus\u00e9e avec 63% d'eau glaciaire d'Islande et trois vari\u00e9t\u00e9s d'acides hyaluroniques. Ce s\u00e9rum luxueux offre une hydratation intense, id\u00e9al pour les peaux s\u00e8ches, d\u00e9shydrat\u00e9es et assoiff\u00e9es. Gr\u00e2ce \u00e0 sa composition unique, le S\u00e9rum Masque Deep Sleep p\u00e9n\u00e8tre en profondeur\u2026","rel":"","context":"Similar post","block_context":{"text":"Similar post","link":""},"img":{"alt_text":"","src":"","width":0,"height":0},"classes":[]},{"id":32083,"url":"https:\/\/sakaba.mghosteur.com\/en\/product\/biodance-bio-collagen-real-deep-mask-34g\/","url_meta":{"origin":25955,"position":4},"title":"BIODANCE BIO COLLAGEN REAL DEEP MASK 34g","author":"admin","date":"May 13, 2024","format":false,"excerpt":"Masque en feuille qui contient du collag\u00e8ne et des galactomyces \u00e0 tr\u00e8s faible poids mol\u00e9culaire, offrant une nutrition en profondeur et injectant hydratation et \u00e9lasticit\u00e9 dans les couches les plus profondes de votre peau. Utilisez-le comme masque de nuit et vous pourrez vous r\u00e9veiller avec une peau ros\u00e9e et radieuse.","rel":"","context":"Similar post","block_context":{"text":"Similar post","link":""},"img":{"alt_text":"","src":"","width":0,"height":0},"classes":[]},{"id":25963,"url":"https:\/\/sakaba.mghosteur.com\/en\/product\/the-mane-choice-growth-oil\/","url_meta":{"origin":25955,"position":5},"title":"The Mane Choice Growth Oil","author":"admin","date":"November 24, 2022","format":false,"excerpt":"","rel":"","context":"Similar post","block_context":{"text":"Similar post","link":""},"img":{"alt_text":"","src":"","width":0,"height":0},"classes":[]}],"_links":{"self":[{"href":"https:\/\/sakaba.mghosteur.com\/en\/wp-json\/wp\/v2\/product\/25955","targetHints":{"allow":["GET"]}}],"collection":[{"href":"https:\/\/sakaba.mghosteur.com\/en\/wp-json\/wp\/v2\/product"}],"about":[{"href":"https:\/\/sakaba.mghosteur.com\/en\/wp-json\/wp\/v2\/types\/product"}],"replies":[{"embeddable":true,"href":"https:\/\/sakaba.mghosteur.com\/en\/wp-json\/wp\/v2\/comments?post=25955"}],"version-history":[{"count":0,"href":"https:\/\/sakaba.mghosteur.com\/en\/wp-json\/wp\/v2\/product\/25955\/revisions"}],"wp:attachment":[{"href":"https:\/\/sakaba.mghosteur.com\/en\/wp-json\/wp\/v2\/media?parent=25955"}],"wp:term":[{"taxonomy":"product_brand","embeddable":true,"href":"https:\/\/sakaba.mghosteur.com\/en\/wp-json\/wp\/v2\/product_brand?post=25955"},{"taxonomy":"product_cat","embeddable":true,"href":"https:\/\/sakaba.mghosteur.com\/en\/wp-json\/wp\/v2\/product_cat?post=25955"},{"taxonomy":"product_tag","embeddable":true,"href":"https:\/\/sakaba.mghosteur.com\/en\/wp-json\/wp\/v2\/product_tag?post=25955"}],"curies":[{"name":"wp","href":"https:\/\/api.w.org\/{rel}","templated":true}]}}