{"id":25957,"date":"2022-11-24T10:45:32","date_gmt":"2022-11-24T10:45:32","guid":{"rendered":"http:\/\/www.sakababeauty.com\/?post_type=product&#038;p=25957"},"modified":"2022-11-24T10:50:32","modified_gmt":"2022-11-24T10:50:32","slug":"the-mane-choice-deep-hydration-conditioner","status":"publish","type":"product","link":"https:\/\/sakaba.mghosteur.com\/en\/product\/the-mane-choice-deep-hydration-conditioner\/","title":{"rendered":"THE MANE CHOICE DEEP HYDRATION CONDITIONER"},"content":{"rendered":"","protected":false},"excerpt":{"rendered":"","protected":false},"featured_media":0,"comment_status":"closed","ping_status":"closed","template":"","meta":[],"product_brand":[],"product_cat":[284,368,339],"product_tag":[],"class_list":{"0":"post-25957","1":"product","2":"type-product","3":"status-publish","5":"product_cat-aad-cheveux","6":"product_cat-shampoing-et-apres-shampoing","7":"product_cat-soin-cheveux","9":"first","10":"instock","11":"shipping-taxable","12":"product-type-simple"},"jetpack-related-posts":[{"id":25961,"url":"https:\/\/sakaba.mghosteur.com\/en\/product\/the-mane-choice-deep-hydration-shampoo\/","url_meta":{"origin":25957,"position":0},"title":"THE MANE CHOICE DEEP HYDRATION SHAMPOO","author":"admin","date":"November 24, 2022","format":false,"excerpt":"","rel":"","context":"Similar post","block_context":{"text":"Similar post","link":""},"img":{"alt_text":"","src":"","width":0,"height":0},"classes":[]},{"id":25955,"url":"https:\/\/sakaba.mghosteur.com\/en\/product\/the-mane-choice-deep-hydration-mask\/","url_meta":{"origin":25957,"position":1},"title":"THE MANE CHOICE DEEP HYDRATION MASK","author":"admin","date":"November 23, 2022","format":false,"excerpt":"","rel":"","context":"Similar post","block_context":{"text":"Similar post","link":""},"img":{"alt_text":"","src":"","width":0,"height":0},"classes":[]},{"id":25963,"url":"https:\/\/sakaba.mghosteur.com\/en\/product\/the-mane-choice-growth-oil\/","url_meta":{"origin":25957,"position":2},"title":"The Mane Choice Growth Oil","author":"admin","date":"November 24, 2022","format":false,"excerpt":"","rel":"","context":"Similar post","block_context":{"text":"Similar post","link":""},"img":{"alt_text":"","src":"","width":0,"height":0},"classes":[]},{"id":25959,"url":"https:\/\/sakaba.mghosteur.com\/en\/product\/the-mane-choice-hair-vitamin-capsules\/","url_meta":{"origin":25957,"position":3},"title":"THE MANE CHOICE HAIR VITAMIN CAPSULES","author":"admin","date":"November 24, 2022","format":false,"excerpt":"","rel":"","context":"Similar post","block_context":{"text":"Similar post","link":""},"img":{"alt_text":"","src":"","width":0,"height":0},"classes":[]},{"id":32371,"url":"https:\/\/sakaba.mghosteur.com\/en\/product\/sheamoisture-deep-conditioner\/","url_meta":{"origin":25957,"position":4},"title":"SheaMoisture DEEP CONDITIONER","author":"admin","date":"May 14, 2024","format":false,"excerpt":"Apr\u00e8s-shampooing profond SheaMoisture - Beurre d'avocat et miel de Manuka Le revitalisant capillaire en profondeur SheaMoisture Men Avocado Butter and Manuka Honey est un essentiel pour les hommes soucieux de leurs cheveux. Con\u00e7u pour r\u00e9pondre aux besoins des cheveux boucl\u00e9s, il offre une hydratation intense sans compromettre le bien-\u00eatre animal.\u2026","rel":"","context":"Similar post","block_context":{"text":"Similar post","link":""},"img":{"alt_text":"","src":"","width":0,"height":0},"classes":[]},{"id":36008,"url":"https:\/\/sakaba.mghosteur.com\/en\/product\/mielle-rice-water-aloe-vera-deep-conditioner-227g\/","url_meta":{"origin":25957,"position":5},"title":"MIELLE RICE WATER &amp; ALOE VERA DEEP CONDITIONER 227G","author":"admin","date":"August 11, 2024","format":false,"excerpt":"Description Donnez \u00e0 vos cheveux secs ou ab\u00eem\u00e9s un coup de pouce avec de l'eau de riz, du yuzu et de l'aloe vera. Ces ingr\u00e9dients aident \u00e0 r\u00e9duire les pointes fourchues, les frisottis et les cassures. Hydratez et prot\u00e9gez vos cheveux en ajoutant des nutriments \u00e0 chaque m\u00e8che pour des\u2026","rel":"","context":"Similar post","block_context":{"text":"Similar post","link":""},"img":{"alt_text":"","src":"","width":0,"height":0},"classes":[]}],"_links":{"self":[{"href":"https:\/\/sakaba.mghosteur.com\/en\/wp-json\/wp\/v2\/product\/25957","targetHints":{"allow":["GET"]}}],"collection":[{"href":"https:\/\/sakaba.mghosteur.com\/en\/wp-json\/wp\/v2\/product"}],"about":[{"href":"https:\/\/sakaba.mghosteur.com\/en\/wp-json\/wp\/v2\/types\/product"}],"replies":[{"embeddable":true,"href":"https:\/\/sakaba.mghosteur.com\/en\/wp-json\/wp\/v2\/comments?post=25957"}],"version-history":[{"count":0,"href":"https:\/\/sakaba.mghosteur.com\/en\/wp-json\/wp\/v2\/product\/25957\/revisions"}],"wp:attachment":[{"href":"https:\/\/sakaba.mghosteur.com\/en\/wp-json\/wp\/v2\/media?parent=25957"}],"wp:term":[{"taxonomy":"product_brand","embeddable":true,"href":"https:\/\/sakaba.mghosteur.com\/en\/wp-json\/wp\/v2\/product_brand?post=25957"},{"taxonomy":"product_cat","embeddable":true,"href":"https:\/\/sakaba.mghosteur.com\/en\/wp-json\/wp\/v2\/product_cat?post=25957"},{"taxonomy":"product_tag","embeddable":true,"href":"https:\/\/sakaba.mghosteur.com\/en\/wp-json\/wp\/v2\/product_tag?post=25957"}],"curies":[{"name":"wp","href":"https:\/\/api.w.org\/{rel}","templated":true}]}}