{"id":25959,"date":"2022-11-24T10:49:01","date_gmt":"2022-11-24T10:49:01","guid":{"rendered":"http:\/\/www.sakababeauty.com\/?post_type=product&#038;p=25959"},"modified":"2022-11-24T10:49:01","modified_gmt":"2022-11-24T10:49:01","slug":"the-mane-choice-hair-vitamin-capsules","status":"publish","type":"product","link":"https:\/\/sakaba.mghosteur.com\/en\/product\/the-mane-choice-hair-vitamin-capsules\/","title":{"rendered":"THE MANE CHOICE HAIR VITAMIN CAPSULES"},"content":{"rendered":"","protected":false},"excerpt":{"rendered":"","protected":false},"featured_media":0,"comment_status":"closed","ping_status":"closed","template":"","meta":[],"product_brand":[],"product_cat":[284,381],"product_tag":[],"class_list":{"0":"post-25959","1":"product","2":"type-product","3":"status-publish","5":"product_cat-aad-cheveux","6":"product_cat-vitamine-et-complements","8":"first","9":"instock","10":"shipping-taxable","11":"product-type-simple"},"jetpack-related-posts":[{"id":25963,"url":"https:\/\/sakaba.mghosteur.com\/en\/product\/the-mane-choice-growth-oil\/","url_meta":{"origin":25959,"position":0},"title":"The Mane Choice Growth Oil","author":"admin","date":"November 24, 2022","format":false,"excerpt":"","rel":"","context":"Similar post","block_context":{"text":"Similar post","link":""},"img":{"alt_text":"","src":"","width":0,"height":0},"classes":[]},{"id":25961,"url":"https:\/\/sakaba.mghosteur.com\/en\/product\/the-mane-choice-deep-hydration-shampoo\/","url_meta":{"origin":25959,"position":1},"title":"THE MANE CHOICE DEEP HYDRATION SHAMPOO","author":"admin","date":"November 24, 2022","format":false,"excerpt":"","rel":"","context":"Similar post","block_context":{"text":"Similar post","link":""},"img":{"alt_text":"","src":"","width":0,"height":0},"classes":[]},{"id":25955,"url":"https:\/\/sakaba.mghosteur.com\/en\/product\/the-mane-choice-deep-hydration-mask\/","url_meta":{"origin":25959,"position":2},"title":"THE MANE CHOICE DEEP HYDRATION MASK","author":"admin","date":"November 23, 2022","format":false,"excerpt":"","rel":"","context":"Similar post","block_context":{"text":"Similar post","link":""},"img":{"alt_text":"","src":"","width":0,"height":0},"classes":[]},{"id":25957,"url":"https:\/\/sakaba.mghosteur.com\/en\/product\/the-mane-choice-deep-hydration-conditioner\/","url_meta":{"origin":25959,"position":3},"title":"THE MANE CHOICE DEEP HYDRATION CONDITIONER","author":"admin","date":"November 24, 2022","format":false,"excerpt":"","rel":"","context":"Similar post","block_context":{"text":"Similar post","link":""},"img":{"alt_text":"","src":"","width":0,"height":0},"classes":[]},{"id":25965,"url":"https:\/\/sakaba.mghosteur.com\/en\/product\/the-mane-choice-super-antioxidant-texture-beautifier-shampoo\/","url_meta":{"origin":25959,"position":4},"title":"THE MANE CHOICE SUPER ANTIOXIDANT &#038; TEXTURE BEAUTIFIER SHAMPOO","author":"admin","date":"November 24, 2022","format":false,"excerpt":"","rel":"","context":"Similar post","block_context":{"text":"Similar post","link":""},"img":{"alt_text":"","src":"","width":0,"height":0},"classes":[]},{"id":31990,"url":"https:\/\/sakaba.mghosteur.com\/en\/product\/camille-rose-super-foods-supports-longer-stronger\/","url_meta":{"origin":25959,"position":5},"title":"CAMILLE ROSE SUPER FOODS HAIR &amp; NAILS","author":"admin","date":"May 13, 2024","format":false,"excerpt":"Un m\u00e9lange r\u00e9volutionnaire con\u00e7u pour nourrir et rehausser la beaut\u00e9 naturelle de vos cheveux et de vos ongles. Infus\u00e9e de la puissance des superaliments riches en nutriments, cette formule exceptionnelle vous fera sentir confiante et radieuse de l'int\u00e9rieur. Regorgeant d'ingr\u00e9dients essentiels comme la biotine, le collag\u00e8ne et les vitamines A,\u2026","rel":"","context":"Similar post","block_context":{"text":"Similar post","link":""},"img":{"alt_text":"","src":"","width":0,"height":0},"classes":[]}],"_links":{"self":[{"href":"https:\/\/sakaba.mghosteur.com\/en\/wp-json\/wp\/v2\/product\/25959","targetHints":{"allow":["GET"]}}],"collection":[{"href":"https:\/\/sakaba.mghosteur.com\/en\/wp-json\/wp\/v2\/product"}],"about":[{"href":"https:\/\/sakaba.mghosteur.com\/en\/wp-json\/wp\/v2\/types\/product"}],"replies":[{"embeddable":true,"href":"https:\/\/sakaba.mghosteur.com\/en\/wp-json\/wp\/v2\/comments?post=25959"}],"version-history":[{"count":0,"href":"https:\/\/sakaba.mghosteur.com\/en\/wp-json\/wp\/v2\/product\/25959\/revisions"}],"wp:attachment":[{"href":"https:\/\/sakaba.mghosteur.com\/en\/wp-json\/wp\/v2\/media?parent=25959"}],"wp:term":[{"taxonomy":"product_brand","embeddable":true,"href":"https:\/\/sakaba.mghosteur.com\/en\/wp-json\/wp\/v2\/product_brand?post=25959"},{"taxonomy":"product_cat","embeddable":true,"href":"https:\/\/sakaba.mghosteur.com\/en\/wp-json\/wp\/v2\/product_cat?post=25959"},{"taxonomy":"product_tag","embeddable":true,"href":"https:\/\/sakaba.mghosteur.com\/en\/wp-json\/wp\/v2\/product_tag?post=25959"}],"curies":[{"name":"wp","href":"https:\/\/api.w.org\/{rel}","templated":true}]}}